{"id":9496,"date":"2025-04-20T20:41:22","date_gmt":"2025-04-20T17:41:22","guid":{"rendered":"https:\/\/geliai.lt\/?post_type=product&#038;p=9496"},"modified":"2026-04-11T10:40:52","modified_gmt":"2026-04-11T07:40:52","slug":"opals-gels-3","status":"publish","type":"product","link":"https:\/\/geliai.lt\/lv\/parduotuve\/gelio-sistema\/opal-gel-3\/","title":{"rendered":"Opal Gel 3 \u2013 g\u0113ls nagu pagarin\u0101\u0161anai"},"content":{"rendered":"<ul>\n<li>\n<p data-path-to-node=\"1,0,0\"><b data-path-to-node=\"1,0,0\" data-index-in-node=\"0\">Dro\u0161a un \u0113rta lieto\u0161ana<\/b> \u2013 \u017eeleja nesatur sk\u0101bes vai alerg\u0113nus, t\u0101p\u0113c produkts ir dro\u0161s jut\u012bg\u0101m nagu pl\u0101ksn\u0113m, un \u012bpa\u0161\u0101 formula nodro\u0161ina, ka produkts polimeriz\u0101cijas laik\u0101 neuzkarst.<\/p>\n<\/li>\n<li>\n<p data-path-to-node=\"1,1,0\"><b data-path-to-node=\"1,1,0\" data-index-in-node=\"0\">Vied\u0101s model\u0113\u0161anas funkcijas<\/b> \u2013 pa\u0161izl\u012bdzino\u0161\u0101 tekst\u016bra ar tiksotropisk\u0101m (\u201e\u0161\u0137idruma atmi\u0146as\u201c) \u012bpa\u0161\u012bb\u0101m nodro\u0161ina stabilu veido\u0161anos, nov\u0113r\u0161 materi\u0101la ies\u016bk\u0161anos kutikul\u0101s un samazina darba laiku l\u012bdz minimumam.<\/p>\n<\/li>\n<li>\n<p data-path-to-node=\"1,2,0\"><b data-path-to-node=\"1,2,0\" data-index-in-node=\"0\">Tehnisk\u0101 iztur\u012bba<\/b> \u2013 daudzfunkcion\u0101lajam \u017eelejam ir sp\u0113c\u012bga sa\u0137ere ar naga pl\u0101ksni, tas ir iztur\u012bgs pret skr\u0101p\u0113jumiem un nodro\u0161ina intens\u012bvu sp\u012bdumu; polimeriz\u0101cijas laiks LED un UV lamp\u0101s ir 60 sekundes.<\/p>\n<\/li>\n<\/ul>","protected":false},"excerpt":{"rendered":"<h5>Op\u0101la g\u0113ls 3<\/h5>\n<h6>(bez HEMA, bez TPO)<\/h6>\n<p>Celtniec\u012bbas g\u0113ls \u201eOpal\u201c \u2013 daudzfunkcion\u0101ls produkts ar pamatg\u0113la, celtniec\u012bbas un sp\u012bduma g\u0113la \u012bpa\u0161\u012bb\u0101m. Lieliska izv\u0113le tiem, kuri v\u0113las ilgnotur\u012bgu un skaistu manik\u012bru bez aler\u0123ijas vai \u0101das kairin\u0101juma riska.<\/p>\n<p>K\u0101p\u0113c izv\u0113l\u0113ties m\u016bsu celtniec\u012bbas g\u0113lus Modeling Gel?<br \/>\nBez alerg\u0113niem un kait\u012bg\u0101m viel\u0101m \u2013 m\u016bsu g\u0113li ir dro\u0161i lieto\u0161anai, jo tie nesatur potenci\u0101li b\u012bstamas sast\u0101vda\u013cas. Nav j\u0101baid\u0101s par aler\u0123ij\u0101m vai \u0101das kairin\u0101jumu.<\/p>\n<p>Augst\u0101k\u0101 kvalit\u0101te \u2013 katrs g\u0113ls r\u016bp\u012bgi izstr\u0101d\u0101ts, lai nodro\u0161in\u0101tu maksim\u0101lu komfortu un \u0101tru darbu.<\/p>\n<p>Pla\u0161a kr\u0101su izv\u0113le \u2013 pied\u0101v\u0101jam da\u017e\u0101du to\u0146u paleti, t\u0101p\u0113c katra stiliste vai entuziaste atrad\u012bs sev piem\u0113rotu toni.<\/p>\n<p>Viegla lieto\u0161ana \u2013 lieliski piem\u0113rots gan profesion\u0101l\u0101m nagu meistariem, gan ies\u0101c\u0113j\u0101m. Ar \u0161o g\u0113lu viegli izveidosiet profesion\u0101lu manik\u012bru m\u0101j\u0101s, kas saglab\u0101sies l\u012bdz pat 4 ned\u0113\u013c\u0101m.<\/p>","protected":false},"featured_media":16920,"comment_status":"open","ping_status":"closed","template":"","meta":[],"product_brand":[290],"product_cat":[180,580,285],"product_tag":[],"class_list":{"0":"post-9496","1":"product","2":"type-product","3":"status-publish","4":"has-post-thumbnail","6":"product_brand-monarx-nails","7":"product_cat-gelio-sistema","8":"product_cat-nagu-prieziura","9":"product_cat-opal-geliai","11":"first","12":"instock","13":"shipping-taxable","14":"purchasable","15":"product-type-variable"},"_links":{"self":[{"href":"https:\/\/geliai.lt\/lv\/wp-json\/wp\/v2\/product\/9496","targetHints":{"allow":["GET"]}}],"collection":[{"href":"https:\/\/geliai.lt\/lv\/wp-json\/wp\/v2\/product"}],"about":[{"href":"https:\/\/geliai.lt\/lv\/wp-json\/wp\/v2\/types\/product"}],"replies":[{"embeddable":true,"href":"https:\/\/geliai.lt\/lv\/wp-json\/wp\/v2\/comments?post=9496"}],"version-history":[{"count":3,"href":"https:\/\/geliai.lt\/lv\/wp-json\/wp\/v2\/product\/9496\/revisions"}],"predecessor-version":[{"id":15563,"href":"https:\/\/geliai.lt\/lv\/wp-json\/wp\/v2\/product\/9496\/revisions\/15563"}],"wp:featuredmedia":[{"embeddable":true,"href":"https:\/\/geliai.lt\/lv\/wp-json\/wp\/v2\/media\/16920"}],"wp:attachment":[{"href":"https:\/\/geliai.lt\/lv\/wp-json\/wp\/v2\/media?parent=9496"}],"wp:term":[{"taxonomy":"product_brand","embeddable":true,"href":"https:\/\/geliai.lt\/lv\/wp-json\/wp\/v2\/product_brand?post=9496"},{"taxonomy":"product_cat","embeddable":true,"href":"https:\/\/geliai.lt\/lv\/wp-json\/wp\/v2\/product_cat?post=9496"},{"taxonomy":"product_tag","embeddable":true,"href":"https:\/\/geliai.lt\/lv\/wp-json\/wp\/v2\/product_tag?post=9496"}],"curies":[{"name":"wp","href":"https:\/\/api.w.org\/{rel}","templated":true}]}}