{"id":9277,"date":"2025-03-28T14:50:51","date_gmt":"2025-03-28T12:50:51","guid":{"rendered":"https:\/\/geliai.lt\/?post_type=product&#038;p=9277"},"modified":"2026-03-31T10:23:23","modified_gmt":"2026-03-31T07:23:23","slug":"glitter-gel-3","status":"publish","type":"product","link":"https:\/\/geliai.lt\/lv\/parduotuve\/gelio-sistema\/glitter-gel-3\/","title":{"rendered":"Glitter Gel 3 \u2013 g\u0113ls nagu pagarin\u0101\u0161anai"},"content":{"rendered":"<ul>\n<li>\n<p data-path-to-node=\"1,0,0\"><b data-path-to-node=\"1,0,0\" data-index-in-node=\"0\">Model\u0113\u0161anas funkcijas<\/b> \u2013 vid\u0113ji biez\u0101 konsistence nodro\u0161ina, ka \u017eeleja nepl\u016bst, vienm\u0113r\u012bgi kl\u0101jas un ir viegli model\u0113jama, t\u0101d\u0113j\u0101di pa\u0101trinot darba procesu.<\/p>\n<\/li>\n<li>\n<p data-path-to-node=\"1,1,0\"><b data-path-to-node=\"1,1,0\" data-index-in-node=\"0\">Lieto\u0161anas ieteikumi<\/b> \u2013 lai pan\u0101ktu maksim\u0101lu sa\u0137eri ar naga pl\u0101ksni, produkts j\u0101lieto kop\u0101 ar gumijas b\u0101zi.<\/p>\n<\/li>\n<li>\n<p data-path-to-node=\"1,2,0\"><b data-path-to-node=\"1,2,0\" data-index-in-node=\"0\">Est\u0113tika un iztur\u012bba<\/b> \u2013 g\u0113ls, kas papildin\u0101ts ar perlamutra mirdzumiem, ir \u013coti iztur\u012bgs pret l\u016b\u0161anu un plais\u0101\u0161anu, nemaina kr\u0101su un to var izmantot gan piln\u012bgai p\u0101rkl\u0101\u0161anai, gan dizaina elementu veido\u0161anai.<\/p>\n<\/li>\n<\/ul>","protected":false},"excerpt":{"rendered":"<h5>Mirdzuma \u017eeleja 3<\/h5>\n<h6>(bez HEMA, bez TPO)<\/h6>\n<p>Sp\u012bd\u012bgs UV\/LED g\u0113ls nagiem \u2013 profesion\u0101la kvalit\u0101te<\/p>","protected":false},"featured_media":15577,"comment_status":"open","ping_status":"closed","template":"","meta":[],"product_brand":[290],"product_cat":[180,284,580],"product_tag":[],"class_list":{"0":"post-9277","1":"product","2":"type-product","3":"status-publish","4":"has-post-thumbnail","6":"product_brand-monarx-nails","7":"product_cat-gelio-sistema","8":"product_cat-glitter-gel","9":"product_cat-nagu-prieziura","11":"first","12":"instock","13":"shipping-taxable","14":"purchasable","15":"product-type-variable"},"_links":{"self":[{"href":"https:\/\/geliai.lt\/lv\/wp-json\/wp\/v2\/product\/9277","targetHints":{"allow":["GET"]}}],"collection":[{"href":"https:\/\/geliai.lt\/lv\/wp-json\/wp\/v2\/product"}],"about":[{"href":"https:\/\/geliai.lt\/lv\/wp-json\/wp\/v2\/types\/product"}],"replies":[{"embeddable":true,"href":"https:\/\/geliai.lt\/lv\/wp-json\/wp\/v2\/comments?post=9277"}],"version-history":[{"count":3,"href":"https:\/\/geliai.lt\/lv\/wp-json\/wp\/v2\/product\/9277\/revisions"}],"predecessor-version":[{"id":15578,"href":"https:\/\/geliai.lt\/lv\/wp-json\/wp\/v2\/product\/9277\/revisions\/15578"}],"wp:featuredmedia":[{"embeddable":true,"href":"https:\/\/geliai.lt\/lv\/wp-json\/wp\/v2\/media\/15577"}],"wp:attachment":[{"href":"https:\/\/geliai.lt\/lv\/wp-json\/wp\/v2\/media?parent=9277"}],"wp:term":[{"taxonomy":"product_brand","embeddable":true,"href":"https:\/\/geliai.lt\/lv\/wp-json\/wp\/v2\/product_brand?post=9277"},{"taxonomy":"product_cat","embeddable":true,"href":"https:\/\/geliai.lt\/lv\/wp-json\/wp\/v2\/product_cat?post=9277"},{"taxonomy":"product_tag","embeddable":true,"href":"https:\/\/geliai.lt\/lv\/wp-json\/wp\/v2\/product_tag?post=9277"}],"curies":[{"name":"wp","href":"https:\/\/api.w.org\/{rel}","templated":true}]}}