{"id":8481,"date":"2025-01-15T12:37:11","date_gmt":"2025-01-15T10:37:11","guid":{"rendered":"https:\/\/geliai.lt\/?post_type=product&#038;p=8481"},"modified":"2026-04-29T11:23:12","modified_gmt":"2026-04-29T08:23:12","slug":"perlu-virsejais-slanis","status":"publish","type":"product","link":"https:\/\/geliai.lt\/lv\/parduotuve\/bazes-ir-topai\/pearl-top-virsutinis-sluoksnis\/","title":{"rendered":"Pearl Top \u2013 aug\u0161\u0113jais p\u0101rkl\u0101jums"},"content":{"rendered":"","protected":false},"excerpt":{"rendered":"<h5>P\u0113r\u013cu tops<\/h5>\n<h5>(bez HEMA, bez TPO)<\/h5>\n<p>Top ar p\u0113r\u013cu ie\u0161\u013c\u016bk\u0161anas efektu. Bez dispersijas pl\u0113ves. Lieliski aizsarg\u0101 stilu no atl\u016b\u0161anas un pagarina t\u0101 ilgm\u016b\u017e\u012bbu, pie\u0161\u0137irot br\u012bni\u0161\u0137\u012bgu sp\u012bdumu. Nemaina pamatlakas kr\u0101su. Univers\u0101ls \u2013 piem\u0113rots gan hibr\u012bdiem, gan g\u0113liem un akriliem.<\/p>","protected":false},"featured_media":8482,"comment_status":"open","ping_status":"closed","template":"","meta":[],"product_brand":[290],"product_cat":[179,580,222],"product_tag":[],"class_list":{"0":"post-8481","1":"product","2":"type-product","3":"status-publish","4":"has-post-thumbnail","6":"product_brand-monarx-nails","7":"product_cat-bazes-ir-topai","8":"product_cat-nagu-prieziura","9":"product_cat-topai-su-efektu","11":"first","12":"outofstock","13":"sale","14":"shipping-taxable","15":"purchasable","16":"product-type-simple"},"_links":{"self":[{"href":"https:\/\/geliai.lt\/lv\/wp-json\/wp\/v2\/product\/8481","targetHints":{"allow":["GET"]}}],"collection":[{"href":"https:\/\/geliai.lt\/lv\/wp-json\/wp\/v2\/product"}],"about":[{"href":"https:\/\/geliai.lt\/lv\/wp-json\/wp\/v2\/types\/product"}],"replies":[{"embeddable":true,"href":"https:\/\/geliai.lt\/lv\/wp-json\/wp\/v2\/comments?post=8481"}],"version-history":[{"count":5,"href":"https:\/\/geliai.lt\/lv\/wp-json\/wp\/v2\/product\/8481\/revisions"}],"predecessor-version":[{"id":15628,"href":"https:\/\/geliai.lt\/lv\/wp-json\/wp\/v2\/product\/8481\/revisions\/15628"}],"wp:featuredmedia":[{"embeddable":true,"href":"https:\/\/geliai.lt\/lv\/wp-json\/wp\/v2\/media\/8482"}],"wp:attachment":[{"href":"https:\/\/geliai.lt\/lv\/wp-json\/wp\/v2\/media?parent=8481"}],"wp:term":[{"taxonomy":"product_brand","embeddable":true,"href":"https:\/\/geliai.lt\/lv\/wp-json\/wp\/v2\/product_brand?post=8481"},{"taxonomy":"product_cat","embeddable":true,"href":"https:\/\/geliai.lt\/lv\/wp-json\/wp\/v2\/product_cat?post=8481"},{"taxonomy":"product_tag","embeddable":true,"href":"https:\/\/geliai.lt\/lv\/wp-json\/wp\/v2\/product_tag?post=8481"}],"curies":[{"name":"wp","href":"https:\/\/api.w.org\/{rel}","templated":true}]}}