{"id":8457,"date":"2025-01-15T11:00:11","date_gmt":"2025-01-15T09:00:11","guid":{"rendered":"https:\/\/geliai.lt\/?post_type=product&#038;p=8457"},"modified":"2026-02-26T21:22:04","modified_gmt":"2026-02-26T19:22:04","slug":"sudraba-potal-virsejais-slanis","status":"publish","type":"product","link":"https:\/\/geliai.lt\/lv\/parduotuve\/bazes-ir-topai\/silver-potal-top-virsutinis-sluoksnis\/","title":{"rendered":"Silver Potal Top \u2013 aug\u0161\u0113jais p\u0101rkl\u0101jums"},"content":{"rendered":"","protected":false},"excerpt":{"rendered":"<h5>Sudraba Pot\u0101ls<\/h5>\n<h5>(bez HEMA, bez TPO)<\/h5>\n<p>Hibr\u012bda top p\u0101rkl\u0101jums ar sudraba folijas gabali\u0146iem. Bez dispersijas pl\u0113ves. Lieliski aizsarg\u0101 manik\u012bra stilu no lob\u012b\u0161an\u0101s un pagarina t\u0101 ilgm\u016b\u017e\u012bbu, pie\u0161\u0137irot skaistu sp\u012bdumu. Nemaina pamatlakas kr\u0101su. Univers\u0101ls \u2013 piem\u0113rots lieto\u0161anai ar hibr\u012bdiem, g\u0113liem un akriliem.<\/p>","protected":false},"featured_media":8458,"comment_status":"open","ping_status":"closed","template":"","meta":[],"product_brand":[290],"product_cat":[179,580,222],"product_tag":[],"class_list":{"0":"post-8457","1":"product","2":"type-product","3":"status-publish","4":"has-post-thumbnail","6":"product_brand-monarx-nails","7":"product_cat-bazes-ir-topai","8":"product_cat-nagu-prieziura","9":"product_cat-topai-su-efektu","11":"first","12":"instock","13":"sale","14":"shipping-taxable","15":"purchasable","16":"product-type-simple"},"_links":{"self":[{"href":"https:\/\/geliai.lt\/lv\/wp-json\/wp\/v2\/product\/8457","targetHints":{"allow":["GET"]}}],"collection":[{"href":"https:\/\/geliai.lt\/lv\/wp-json\/wp\/v2\/product"}],"about":[{"href":"https:\/\/geliai.lt\/lv\/wp-json\/wp\/v2\/types\/product"}],"replies":[{"embeddable":true,"href":"https:\/\/geliai.lt\/lv\/wp-json\/wp\/v2\/comments?post=8457"}],"version-history":[{"count":4,"href":"https:\/\/geliai.lt\/lv\/wp-json\/wp\/v2\/product\/8457\/revisions"}],"predecessor-version":[{"id":15631,"href":"https:\/\/geliai.lt\/lv\/wp-json\/wp\/v2\/product\/8457\/revisions\/15631"}],"wp:featuredmedia":[{"embeddable":true,"href":"https:\/\/geliai.lt\/lv\/wp-json\/wp\/v2\/media\/8458"}],"wp:attachment":[{"href":"https:\/\/geliai.lt\/lv\/wp-json\/wp\/v2\/media?parent=8457"}],"wp:term":[{"taxonomy":"product_brand","embeddable":true,"href":"https:\/\/geliai.lt\/lv\/wp-json\/wp\/v2\/product_brand?post=8457"},{"taxonomy":"product_cat","embeddable":true,"href":"https:\/\/geliai.lt\/lv\/wp-json\/wp\/v2\/product_cat?post=8457"},{"taxonomy":"product_tag","embeddable":true,"href":"https:\/\/geliai.lt\/lv\/wp-json\/wp\/v2\/product_tag?post=8457"}],"curies":[{"name":"wp","href":"https:\/\/api.w.org\/{rel}","templated":true}]}}