{"id":8452,"date":"2025-01-15T10:31:01","date_gmt":"2025-01-15T08:31:01","guid":{"rendered":"https:\/\/geliai.lt\/?post_type=product&#038;p=8452"},"modified":"2026-02-26T21:23:06","modified_gmt":"2026-02-26T19:23:06","slug":"zvaigznu-puteklu-virsejais-slanis","status":"publish","type":"product","link":"https:\/\/geliai.lt\/lv\/parduotuve\/bazes-ir-topai\/stardust-top-virsutinis-sluoksnis\/","title":{"rendered":"Stardust Top \u2013 aug\u0161\u0113jais p\u0101rkl\u0101jums"},"content":{"rendered":"","protected":false},"excerpt":{"rendered":"<h5>Zvaig\u017e\u0146u putek\u013cu tops<\/h5>\n<h5>(bez HEMA, bez TPO)<\/h5>\n<p>Hibr\u012bda top p\u0101rkl\u0101jums ar smalku sudraba mirdzumu. Bez dispersijas pl\u0113ves. Lieliski aizsarg\u0101 manik\u012bra stilu no lob\u012b\u0161an\u0101s un pagarina t\u0101 ilgm\u016b\u017e\u012bbu, pie\u0161\u0137irot skaistu sp\u012bdumu. Nemaina pamatlakas kr\u0101su. Univers\u0101ls \u2013 piem\u0113rots lieto\u0161anai ar hibr\u012bdiem, g\u0113liem un akriliem.<\/p>","protected":false},"featured_media":8453,"comment_status":"open","ping_status":"closed","template":"","meta":[],"product_brand":[290],"product_cat":[179,580,222],"product_tag":[],"class_list":{"0":"post-8452","1":"product","2":"type-product","3":"status-publish","4":"has-post-thumbnail","6":"product_brand-monarx-nails","7":"product_cat-bazes-ir-topai","8":"product_cat-nagu-prieziura","9":"product_cat-topai-su-efektu","11":"first","12":"instock","13":"sale","14":"shipping-taxable","15":"purchasable","16":"product-type-simple"},"_links":{"self":[{"href":"https:\/\/geliai.lt\/lv\/wp-json\/wp\/v2\/product\/8452","targetHints":{"allow":["GET"]}}],"collection":[{"href":"https:\/\/geliai.lt\/lv\/wp-json\/wp\/v2\/product"}],"about":[{"href":"https:\/\/geliai.lt\/lv\/wp-json\/wp\/v2\/types\/product"}],"replies":[{"embeddable":true,"href":"https:\/\/geliai.lt\/lv\/wp-json\/wp\/v2\/comments?post=8452"}],"version-history":[{"count":3,"href":"https:\/\/geliai.lt\/lv\/wp-json\/wp\/v2\/product\/8452\/revisions"}],"predecessor-version":[{"id":15632,"href":"https:\/\/geliai.lt\/lv\/wp-json\/wp\/v2\/product\/8452\/revisions\/15632"}],"wp:featuredmedia":[{"embeddable":true,"href":"https:\/\/geliai.lt\/lv\/wp-json\/wp\/v2\/media\/8453"}],"wp:attachment":[{"href":"https:\/\/geliai.lt\/lv\/wp-json\/wp\/v2\/media?parent=8452"}],"wp:term":[{"taxonomy":"product_brand","embeddable":true,"href":"https:\/\/geliai.lt\/lv\/wp-json\/wp\/v2\/product_brand?post=8452"},{"taxonomy":"product_cat","embeddable":true,"href":"https:\/\/geliai.lt\/lv\/wp-json\/wp\/v2\/product_cat?post=8452"},{"taxonomy":"product_tag","embeddable":true,"href":"https:\/\/geliai.lt\/lv\/wp-json\/wp\/v2\/product_tag?post=8452"}],"curies":[{"name":"wp","href":"https:\/\/api.w.org\/{rel}","templated":true}]}}