{"id":8442,"date":"2025-01-14T21:59:03","date_gmt":"2025-01-14T19:59:03","guid":{"rendered":"https:\/\/geliai.lt\/?post_type=product&#038;p=8442"},"modified":"2026-03-20T20:26:28","modified_gmt":"2026-03-20T18:26:28","slug":"mateta-virskarta-bez-noslauksanas","status":"publish","type":"product","link":"https:\/\/geliai.lt\/lv\/parduotuve\/bazes-ir-topai\/top-matt-no-wipe-virsutinis-sluoksnis\/","title":{"rendered":"Top MATT NO WIPE \u2013 mat\u0113tais aug\u0161\u0113jais p\u0101rkl\u0101jums"},"content":{"rendered":"","protected":false},"excerpt":{"rendered":"<h5>MAT\u0100 TOP BEZ NOSLAUC\u012a\u0160ANAS<\/h5>\n<h5>(bez HEMA, bez TPO)<\/h5>\n<p>Hibr\u012bda manik\u012bra tops, kam nav j\u0101no\u0146em dispersijas pl\u0113ve. Pie\u0161\u0137ir nagiem elegantu mat\u0113tu efektu, kas saglab\u0101jas l\u012bdz 4 ned\u0113\u013c\u0101m.<\/p>","protected":false},"featured_media":8443,"comment_status":"open","ping_status":"closed","template":"","meta":[],"product_brand":[290],"product_cat":[179,580,221],"product_tag":[],"class_list":{"0":"post-8442","1":"product","2":"type-product","3":"status-publish","4":"has-post-thumbnail","6":"product_brand-monarx-nails","7":"product_cat-bazes-ir-topai","8":"product_cat-nagu-prieziura","9":"product_cat-skaidrus-topai","11":"first","12":"instock","13":"sale","14":"shipping-taxable","15":"purchasable","16":"product-type-simple"},"_links":{"self":[{"href":"https:\/\/geliai.lt\/lv\/wp-json\/wp\/v2\/product\/8442","targetHints":{"allow":["GET"]}}],"collection":[{"href":"https:\/\/geliai.lt\/lv\/wp-json\/wp\/v2\/product"}],"about":[{"href":"https:\/\/geliai.lt\/lv\/wp-json\/wp\/v2\/types\/product"}],"replies":[{"embeddable":true,"href":"https:\/\/geliai.lt\/lv\/wp-json\/wp\/v2\/comments?post=8442"}],"version-history":[{"count":4,"href":"https:\/\/geliai.lt\/lv\/wp-json\/wp\/v2\/product\/8442\/revisions"}],"predecessor-version":[{"id":15634,"href":"https:\/\/geliai.lt\/lv\/wp-json\/wp\/v2\/product\/8442\/revisions\/15634"}],"wp:featuredmedia":[{"embeddable":true,"href":"https:\/\/geliai.lt\/lv\/wp-json\/wp\/v2\/media\/8443"}],"wp:attachment":[{"href":"https:\/\/geliai.lt\/lv\/wp-json\/wp\/v2\/media?parent=8442"}],"wp:term":[{"taxonomy":"product_brand","embeddable":true,"href":"https:\/\/geliai.lt\/lv\/wp-json\/wp\/v2\/product_brand?post=8442"},{"taxonomy":"product_cat","embeddable":true,"href":"https:\/\/geliai.lt\/lv\/wp-json\/wp\/v2\/product_cat?post=8442"},{"taxonomy":"product_tag","embeddable":true,"href":"https:\/\/geliai.lt\/lv\/wp-json\/wp\/v2\/product_tag?post=8442"}],"curies":[{"name":"wp","href":"https:\/\/api.w.org\/{rel}","templated":true}]}}