{"id":8437,"date":"2025-01-14T21:34:49","date_gmt":"2025-01-14T19:34:49","guid":{"rendered":"https:\/\/geliai.lt\/?post_type=product&#038;p=8437"},"modified":"2026-02-26T21:23:54","modified_gmt":"2026-02-26T19:23:54","slug":"mirdzosu-zvaigznu-augsejais-slanis","status":"publish","type":"product","link":"https:\/\/geliai.lt\/lv\/parduotuve\/bazes-ir-topai\/twinkling-stars-top-virsutinis-sluoksnis\/","title":{"rendered":"Twinkling Stars Top \u2013 aug\u0161\u0113jais p\u0101rkl\u0101jums"},"content":{"rendered":"","protected":false},"excerpt":{"rendered":"<h5>Mirgojo\u0161o zvaig\u017e\u0146u tops<\/h5>\n<h5>(bez HEMA, bez TPO)<\/h5>\n<p>Hibr\u012bda top p\u0101rkl\u0101jums ar mirdzo\u0161u putek\u013cu da\u013ci\u0146\u0101m un atstarojo\u0161\u0101m sp\u012bd\u012bg\u0101m da\u013ci\u0146\u0101m. Bez dispersijas pl\u0113ves. Lieliski aizsarg\u0101 manik\u012bra stilu no lob\u012b\u0161an\u0101s un pagarina t\u0101 ilgm\u016b\u017e\u012bbu, pie\u0161\u0137irot skaistu sp\u012bdumu. Nemaina pamatlakas kr\u0101su. Univers\u0101ls \u2013 piem\u0113rots lieto\u0161anai ar hibr\u012bdiem, g\u0113liem un akriliem.<\/p>","protected":false},"featured_media":8439,"comment_status":"open","ping_status":"closed","template":"","meta":[],"product_brand":[290],"product_cat":[179,580,222],"product_tag":[],"class_list":{"0":"post-8437","1":"product","2":"type-product","3":"status-publish","4":"has-post-thumbnail","6":"product_brand-monarx-nails","7":"product_cat-bazes-ir-topai","8":"product_cat-nagu-prieziura","9":"product_cat-topai-su-efektu","11":"first","12":"instock","13":"sale","14":"shipping-taxable","15":"purchasable","16":"product-type-simple"},"_links":{"self":[{"href":"https:\/\/geliai.lt\/lv\/wp-json\/wp\/v2\/product\/8437","targetHints":{"allow":["GET"]}}],"collection":[{"href":"https:\/\/geliai.lt\/lv\/wp-json\/wp\/v2\/product"}],"about":[{"href":"https:\/\/geliai.lt\/lv\/wp-json\/wp\/v2\/types\/product"}],"replies":[{"embeddable":true,"href":"https:\/\/geliai.lt\/lv\/wp-json\/wp\/v2\/comments?post=8437"}],"version-history":[{"count":3,"href":"https:\/\/geliai.lt\/lv\/wp-json\/wp\/v2\/product\/8437\/revisions"}],"predecessor-version":[{"id":15636,"href":"https:\/\/geliai.lt\/lv\/wp-json\/wp\/v2\/product\/8437\/revisions\/15636"}],"wp:featuredmedia":[{"embeddable":true,"href":"https:\/\/geliai.lt\/lv\/wp-json\/wp\/v2\/media\/8439"}],"wp:attachment":[{"href":"https:\/\/geliai.lt\/lv\/wp-json\/wp\/v2\/media?parent=8437"}],"wp:term":[{"taxonomy":"product_brand","embeddable":true,"href":"https:\/\/geliai.lt\/lv\/wp-json\/wp\/v2\/product_brand?post=8437"},{"taxonomy":"product_cat","embeddable":true,"href":"https:\/\/geliai.lt\/lv\/wp-json\/wp\/v2\/product_cat?post=8437"},{"taxonomy":"product_tag","embeddable":true,"href":"https:\/\/geliai.lt\/lv\/wp-json\/wp\/v2\/product_tag?post=8437"}],"curies":[{"name":"wp","href":"https:\/\/api.w.org\/{rel}","templated":true}]}}