{"id":8409,"date":"2025-01-14T15:06:05","date_gmt":"2025-01-14T13:06:05","guid":{"rendered":"https:\/\/geliai.lt\/?post_type=product&#038;p=8409"},"modified":"2026-03-20T18:34:38","modified_gmt":"2026-03-20T16:34:38","slug":"modelesanas-zeleja-2-nagu-pieaudzejumiem","status":"publish","type":"product","link":"https:\/\/geliai.lt\/lv\/parduotuve\/gelio-sistema\/modeling-gel-2-gelis-nagu-priauginimui\/","title":{"rendered":"Modeling Gel 2 \u2013 g\u0113ls nagu pagarin\u0101\u0161anai"},"content":{"rendered":"<ul>\n<li>\n<p data-path-to-node=\"2,0,0\"><b data-path-to-node=\"2,0,0\" data-index-in-node=\"0\">Pa\u0161izl\u012bdzino\u0161a formula<\/b> \u2013 \u017eelejai piem\u012bt \u201e\u0161\u0137idr\u0101s atmi\u0146as\u201c \u012bpa\u0161\u012bba: p\u0101rvietojot ar otu, t\u0101 k\u013c\u016bst \u0161\u0137idra un lieliski izl\u012bdzin\u0101s, bet, p\u0101rtraucot veidot, t\u0101 sasalst sav\u0101 viet\u0101, t\u0101p\u0113c neies\u016bcas kutikul\u0101 un atvieglo darbu.<\/p>\n<\/li>\n<li>\n<p data-path-to-node=\"2,1,0\"><b data-path-to-node=\"2,1,0\" data-index-in-node=\"0\">Maksim\u0101la dro\u0161\u012bba<\/b> \u2013 nesatur sk\u0101bes vai alerg\u0113nus, t\u0101p\u0113c produkts ir piem\u0113rots jut\u012bgiem klientiem, nodro\u0161ina lielisku sa\u0137eri ar nagu pl\u0101ksni un daudzfunkcion\u0101lu lieto\u0161anu.<\/p>\n<\/li>\n<li>\n<p data-path-to-node=\"2,2,0\"><b data-path-to-node=\"2,2,0\" data-index-in-node=\"0\">Iztur\u012bba un sp\u012bdums<\/b> \u2013 materi\u0101lam ir intens\u012bvs sp\u012bdums un augsta iztur\u012bba pret skr\u0101p\u0113jumiem un citiem meh\u0101niskiem boj\u0101jumiem, t\u0101p\u0113c manik\u012brs ilgu laiku saglab\u0101jas nevainojams.<\/p>\n<\/li>\n<\/ul>","protected":false},"excerpt":{"rendered":"<h5>Modeling Gel 2 (bez HEMA, bez TPO)<\/h5>\n<p>Modeling Gel \u2013 multifunkcion\u0101ls b\u016bvniec\u012bbas g\u0113ls, kas lieliski apvieno b\u0101zes, b\u016bvniec\u012bbas un sp\u012bduma produkta \u012bpa\u0161\u012bbas. Tas ir ide\u0101ls risin\u0101jums tiem, kas v\u0113las skaistus un iztur\u012bgus nagus, neradot aler\u0123ijas vai \u0101das reakcijas.<\/p>\n<p>K\u0101p\u0113c m\u016bsu Modeling Gel ir izcils?<\/p>\n<p>Dro\u0161s \u2013 bez potenci\u0101li kait\u012bg\u0101m sast\u0101vda\u013c\u0101m, dro\u0161s nagiem un \u0101dai.<br \/>\nAugst\u0101k\u0101 kvalit\u0101te \u2013 katrs produkts izstr\u0101d\u0101ts, lai nodro\u0161in\u0101tu kvalit\u0101ti un \u0101tru darbu.<br \/>\nPla\u0161s kr\u0101su izv\u0113les kl\u0101sts \u2013 mums ir da\u017e\u0101di to\u0146i, lai j\u016bs var\u0113tu izv\u0113l\u0113ties p\u0113c sav\u0101m vajadz\u012bb\u0101m.<br \/>\nViegla lieto\u0161ana \u2013 lieliski piem\u0113rots gan pieredz\u0113ju\u0161iem, gan ies\u0101c\u0113jiem nagu meistariem, nodro\u0161inot ilgtsp\u0113j\u012bgu manik\u012bru l\u012bdz pat 4 ned\u0113\u013c\u0101m.<\/p>","protected":false},"featured_media":15643,"comment_status":"open","ping_status":"closed","template":"","meta":[],"product_brand":[290],"product_cat":[180,277,580],"product_tag":[],"class_list":{"0":"post-8409","1":"product","2":"type-product","3":"status-publish","4":"has-post-thumbnail","6":"product_brand-monarx-nails","7":"product_cat-gelio-sistema","8":"product_cat-modeling-gel","9":"product_cat-nagu-prieziura","11":"first","12":"instock","13":"shipping-taxable","14":"purchasable","15":"product-type-variable"},"_links":{"self":[{"href":"https:\/\/geliai.lt\/lv\/wp-json\/wp\/v2\/product\/8409","targetHints":{"allow":["GET"]}}],"collection":[{"href":"https:\/\/geliai.lt\/lv\/wp-json\/wp\/v2\/product"}],"about":[{"href":"https:\/\/geliai.lt\/lv\/wp-json\/wp\/v2\/types\/product"}],"replies":[{"embeddable":true,"href":"https:\/\/geliai.lt\/lv\/wp-json\/wp\/v2\/comments?post=8409"}],"version-history":[{"count":4,"href":"https:\/\/geliai.lt\/lv\/wp-json\/wp\/v2\/product\/8409\/revisions"}],"predecessor-version":[{"id":15644,"href":"https:\/\/geliai.lt\/lv\/wp-json\/wp\/v2\/product\/8409\/revisions\/15644"}],"wp:featuredmedia":[{"embeddable":true,"href":"https:\/\/geliai.lt\/lv\/wp-json\/wp\/v2\/media\/15643"}],"wp:attachment":[{"href":"https:\/\/geliai.lt\/lv\/wp-json\/wp\/v2\/media?parent=8409"}],"wp:term":[{"taxonomy":"product_brand","embeddable":true,"href":"https:\/\/geliai.lt\/lv\/wp-json\/wp\/v2\/product_brand?post=8409"},{"taxonomy":"product_cat","embeddable":true,"href":"https:\/\/geliai.lt\/lv\/wp-json\/wp\/v2\/product_cat?post=8409"},{"taxonomy":"product_tag","embeddable":true,"href":"https:\/\/geliai.lt\/lv\/wp-json\/wp\/v2\/product_tag?post=8409"}],"curies":[{"name":"wp","href":"https:\/\/api.w.org\/{rel}","templated":true}]}}