{"id":8199,"date":"2024-12-15T11:46:03","date_gmt":"2024-12-15T09:46:03","guid":{"rendered":"https:\/\/geliai.lt\/?post_type=product&#038;p=8199"},"modified":"2026-03-20T19:59:55","modified_gmt":"2026-03-20T17:59:55","slug":"reflective-gel-5-sviesa-atspindintis-gelis","status":"publish","type":"product","link":"https:\/\/geliai.lt\/lv\/parduotuve\/gelio-sistema\/reflective-gel-5-sviesa-atspindintis-gelis\/","title":{"rendered":"Reflective Gel 5 \u2013 gaismu atstarojo\u0161s gels"},"content":{"rendered":"","protected":false},"excerpt":{"rendered":"<h5>Nagu geli \u2013 gaismu atstarojo\u0161ais Gel 5<\/h5>\n<h6>(bez HEMA, bez TPO)<\/h6>\n<p>Reflective Gel nagu geli izce\u013cas ar augst\u0101k\u0101s kvalit\u0101tes UV g\u0113la tehnolo\u0123iju, kas \u013cauj rad\u012bt unik\u0101lus un sp\u012bd\u012bgus nagu dizainus. \u0160ie geli ide\u0101li piem\u0113roti sv\u0113tku manik\u012bram un izcil\u0101m nagu m\u0101kslas rad\u012bjumiem, sniedzot j\u016bsu nagiem satrieco\u0161u mirdzumu. Izmantojiet \u0161os UV g\u0113lus, lai rad\u012btu izsmalcin\u0101tu izskatu jebkuram notikumam. Pa\u0161izl\u012bdzino\u0161\u0101 konsistence \u013cauj \u013coti \u012bs\u0101 laik\u0101 sasniegt nevainojamu formu, un saciet\u0113ju\u0161o g\u0113lu viegli apstr\u0101d\u0101t ar v\u012bl\u012bti.<\/p>\n<p>\u0160ie geliem ir neliels sp\u012bdumu atstarojo\u0161s efekts ar mirdzumu.<\/p>\n<p>J\u016bs tos varat izmantot ar\u012b fran\u010du stila veido\u0161anai.<\/p>\n<p>Vid\u0113j\u0101s biezuma konsistences d\u0113\u013c tie piem\u0113roti gan ies\u0101c\u0113jiem, gan pieredz\u0113ju\u0161iem meistariem.<\/p>","protected":false},"featured_media":8202,"comment_status":"open","ping_status":"closed","template":"","meta":[],"product_brand":[290],"product_cat":[180,580,275],"product_tag":[297],"class_list":{"0":"post-8199","1":"product","2":"type-product","3":"status-publish","4":"has-post-thumbnail","6":"product_brand-monarx-nails","7":"product_cat-gelio-sistema","8":"product_cat-nagu-prieziura","9":"product_cat-reflective-gel","10":"product_tag-like-tik-keli-vienetai","12":"first","13":"instock","14":"shipping-taxable","15":"purchasable","16":"product-type-variable"},"_links":{"self":[{"href":"https:\/\/geliai.lt\/lv\/wp-json\/wp\/v2\/product\/8199","targetHints":{"allow":["GET"]}}],"collection":[{"href":"https:\/\/geliai.lt\/lv\/wp-json\/wp\/v2\/product"}],"about":[{"href":"https:\/\/geliai.lt\/lv\/wp-json\/wp\/v2\/types\/product"}],"replies":[{"embeddable":true,"href":"https:\/\/geliai.lt\/lv\/wp-json\/wp\/v2\/comments?post=8199"}],"version-history":[{"count":2,"href":"https:\/\/geliai.lt\/lv\/wp-json\/wp\/v2\/product\/8199\/revisions"}],"predecessor-version":[{"id":15664,"href":"https:\/\/geliai.lt\/lv\/wp-json\/wp\/v2\/product\/8199\/revisions\/15664"}],"wp:featuredmedia":[{"embeddable":true,"href":"https:\/\/geliai.lt\/lv\/wp-json\/wp\/v2\/media\/8202"}],"wp:attachment":[{"href":"https:\/\/geliai.lt\/lv\/wp-json\/wp\/v2\/media?parent=8199"}],"wp:term":[{"taxonomy":"product_brand","embeddable":true,"href":"https:\/\/geliai.lt\/lv\/wp-json\/wp\/v2\/product_brand?post=8199"},{"taxonomy":"product_cat","embeddable":true,"href":"https:\/\/geliai.lt\/lv\/wp-json\/wp\/v2\/product_cat?post=8199"},{"taxonomy":"product_tag","embeddable":true,"href":"https:\/\/geliai.lt\/lv\/wp-json\/wp\/v2\/product_tag?post=8199"}],"curies":[{"name":"wp","href":"https:\/\/api.w.org\/{rel}","templated":true}]}}