{"id":8130,"date":"2024-12-14T20:49:34","date_gmt":"2024-12-14T18:49:34","guid":{"rendered":"https:\/\/geliai.lt\/?post_type=product&#038;p=8130"},"modified":"2026-02-26T18:31:06","modified_gmt":"2026-02-26T16:31:06","slug":"monarx-bananu-145-gela-nagu-laka","status":"publish","type":"product","link":"https:\/\/geliai.lt\/lv\/parduotuve\/geliniai-lakai\/monarx-banana-145-gelinis-nagu-lakas\/","title":{"rendered":"Monarx Banana 145 \u2013 G\u0113la nagu laka"},"content":{"rendered":"","protected":false},"excerpt":{"rendered":"<h5>G\u0113la nagu laka \u2013 Monarx Banana 145<\/h5>\n<p>\u201cBanana\u201d hibr\u012bda nagu laka \u2013 spilgti dzeltena kr\u0101sa, kas lieliski piem\u0113rota visiem, kuriem pat\u012bk vasara un kuri v\u0113las izbaud\u012bt katru mirkli. \u0160is dz\u012bv\u012bgais tonis atdz\u012bvin\u0101s j\u016bsu nagus, pie\u0161\u0137irot tiem mirdzumu un ener\u0123iju. Ide\u0101li piem\u0113rots gan ikdienai, gan \u012bpa\u0161iem notikumiem, kad v\u0113laties izcelties. Izv\u0113loties \u201cBanana\u201d nagu laku, katra vasaras diena b\u016bs pilna prieka un pa\u0161p\u0101rliecin\u0101t\u012bbas!<\/p>","protected":false},"featured_media":15686,"comment_status":"open","ping_status":"closed","template":"","meta":[],"product_brand":[290],"product_cat":[178,580,272],"product_tag":[],"class_list":{"0":"post-8130","1":"product","2":"type-product","3":"status-publish","4":"has-post-thumbnail","6":"product_brand-monarx-nails","7":"product_cat-geliniai-lakai","8":"product_cat-nagu-prieziura","9":"product_cat-tutti-frutti-collection","11":"first","12":"outofstock","13":"shipping-taxable","14":"purchasable","15":"product-type-simple"},"_links":{"self":[{"href":"https:\/\/geliai.lt\/lv\/wp-json\/wp\/v2\/product\/8130","targetHints":{"allow":["GET"]}}],"collection":[{"href":"https:\/\/geliai.lt\/lv\/wp-json\/wp\/v2\/product"}],"about":[{"href":"https:\/\/geliai.lt\/lv\/wp-json\/wp\/v2\/types\/product"}],"replies":[{"embeddable":true,"href":"https:\/\/geliai.lt\/lv\/wp-json\/wp\/v2\/comments?post=8130"}],"version-history":[{"count":3,"href":"https:\/\/geliai.lt\/lv\/wp-json\/wp\/v2\/product\/8130\/revisions"}],"predecessor-version":[{"id":15687,"href":"https:\/\/geliai.lt\/lv\/wp-json\/wp\/v2\/product\/8130\/revisions\/15687"}],"wp:featuredmedia":[{"embeddable":true,"href":"https:\/\/geliai.lt\/lv\/wp-json\/wp\/v2\/media\/15686"}],"wp:attachment":[{"href":"https:\/\/geliai.lt\/lv\/wp-json\/wp\/v2\/media?parent=8130"}],"wp:term":[{"taxonomy":"product_brand","embeddable":true,"href":"https:\/\/geliai.lt\/lv\/wp-json\/wp\/v2\/product_brand?post=8130"},{"taxonomy":"product_cat","embeddable":true,"href":"https:\/\/geliai.lt\/lv\/wp-json\/wp\/v2\/product_cat?post=8130"},{"taxonomy":"product_tag","embeddable":true,"href":"https:\/\/geliai.lt\/lv\/wp-json\/wp\/v2\/product_tag?post=8130"}],"curies":[{"name":"wp","href":"https:\/\/api.w.org\/{rel}","templated":true}]}}