{"id":8099,"date":"2024-12-14T13:48:47","date_gmt":"2024-12-14T11:48:47","guid":{"rendered":"https:\/\/geliai.lt\/?post_type=product&#038;p=8099"},"modified":"2026-02-26T18:35:50","modified_gmt":"2026-02-26T16:35:50","slug":"monarx-marigold-173-gela-nagu-laka","status":"publish","type":"product","link":"https:\/\/geliai.lt\/lv\/parduotuve\/geliniai-lakai\/monarx-marigold-173-gelinis-nagu-lakas\/","title":{"rendered":"Monarx Marigold 173 \u2013 G\u0113la nagu laka"},"content":{"rendered":"","protected":false},"excerpt":{"rendered":"<h5>G\u0113la nagu laka \u2013 Monarx Marigold 173<\/h5>\n<p>Marigold 173 nagu laka ir izteiksm\u012bga un dz\u012bv\u012bga izv\u0113le, kas ide\u0101li piem\u0113rota silt\u0101m vasaras dien\u0101m. Spilgti oran\u017eais tonis lieliski sader ar d\u017einsu \u0161ortiem un saules brill\u0113m. \u0160\u012b laka piesaist\u012bs uzman\u012bbu ar optimistisko kr\u0101su, kas atg\u0101dina saulrieta to\u0146us. Marigold 173 \u2013 oran\u017es tonis, kas iedvesmo gai\u0161u vasaras noska\u0146u un svaigumu.<\/p>","protected":false},"featured_media":15716,"comment_status":"open","ping_status":"closed","template":"","meta":[],"product_brand":[290],"product_cat":[178,580,270],"product_tag":[],"class_list":{"0":"post-8099","1":"product","2":"type-product","3":"status-publish","4":"has-post-thumbnail","6":"product_brand-monarx-nails","7":"product_cat-geliniai-lakai","8":"product_cat-nagu-prieziura","9":"product_cat-summer-beat-collection","11":"first","12":"outofstock","13":"shipping-taxable","14":"purchasable","15":"product-type-simple"},"_links":{"self":[{"href":"https:\/\/geliai.lt\/lv\/wp-json\/wp\/v2\/product\/8099","targetHints":{"allow":["GET"]}}],"collection":[{"href":"https:\/\/geliai.lt\/lv\/wp-json\/wp\/v2\/product"}],"about":[{"href":"https:\/\/geliai.lt\/lv\/wp-json\/wp\/v2\/types\/product"}],"replies":[{"embeddable":true,"href":"https:\/\/geliai.lt\/lv\/wp-json\/wp\/v2\/comments?post=8099"}],"version-history":[{"count":2,"href":"https:\/\/geliai.lt\/lv\/wp-json\/wp\/v2\/product\/8099\/revisions"}],"predecessor-version":[{"id":15717,"href":"https:\/\/geliai.lt\/lv\/wp-json\/wp\/v2\/product\/8099\/revisions\/15717"}],"wp:featuredmedia":[{"embeddable":true,"href":"https:\/\/geliai.lt\/lv\/wp-json\/wp\/v2\/media\/15716"}],"wp:attachment":[{"href":"https:\/\/geliai.lt\/lv\/wp-json\/wp\/v2\/media?parent=8099"}],"wp:term":[{"taxonomy":"product_brand","embeddable":true,"href":"https:\/\/geliai.lt\/lv\/wp-json\/wp\/v2\/product_brand?post=8099"},{"taxonomy":"product_cat","embeddable":true,"href":"https:\/\/geliai.lt\/lv\/wp-json\/wp\/v2\/product_cat?post=8099"},{"taxonomy":"product_tag","embeddable":true,"href":"https:\/\/geliai.lt\/lv\/wp-json\/wp\/v2\/product_tag?post=8099"}],"curies":[{"name":"wp","href":"https:\/\/api.w.org\/{rel}","templated":true}]}}