{"id":8089,"date":"2024-12-14T12:07:47","date_gmt":"2024-12-14T10:07:47","guid":{"rendered":"https:\/\/geliai.lt\/?post_type=product&#038;p=8089"},"modified":"2026-02-26T18:36:44","modified_gmt":"2026-02-26T16:36:44","slug":"monarx-gorgeous-174-gela-nagu-laka","status":"publish","type":"product","link":"https:\/\/geliai.lt\/lv\/parduotuve\/geliniai-lakai\/monarx-gorgeous-174-gelinis-nagu-lakas\/","title":{"rendered":"Monarx Gorgeous 174 \u2013 G\u0113la nagu laka"},"content":{"rendered":"","protected":false},"excerpt":{"rendered":"<h5>G\u0113la nagu laka \u2013 Monarx Gorgeous 174<\/h5>\n<p>Gorgeous 174 nagu laka ir spilgta avenes kr\u0101sa ar maigu oran\u017eu nokr\u0101su. \u0160\u012b skaist\u0101, sievi\u0161\u0137\u012bg\u0101 kr\u0101sa lieliski piem\u0113rota sv\u0113tku manik\u012bram vai vasar\u012bgam t\u0113lam. T\u0101 pie\u0161\u0137ir nagiem gai\u0161umu un dz\u012bv\u012bgumu, un ar savu eleganci k\u013c\u016bs par daudzu iecien\u012bt\u0101ko sv\u0113tku kr\u0101su.<\/p>","protected":false},"featured_media":15725,"comment_status":"open","ping_status":"closed","template":"","meta":[],"product_brand":[290],"product_cat":[178,580,270],"product_tag":[],"class_list":{"0":"post-8089","1":"product","2":"type-product","3":"status-publish","4":"has-post-thumbnail","6":"product_brand-monarx-nails","7":"product_cat-geliniai-lakai","8":"product_cat-nagu-prieziura","9":"product_cat-summer-beat-collection","11":"first","12":"outofstock","13":"shipping-taxable","14":"purchasable","15":"product-type-simple"},"_links":{"self":[{"href":"https:\/\/geliai.lt\/lv\/wp-json\/wp\/v2\/product\/8089","targetHints":{"allow":["GET"]}}],"collection":[{"href":"https:\/\/geliai.lt\/lv\/wp-json\/wp\/v2\/product"}],"about":[{"href":"https:\/\/geliai.lt\/lv\/wp-json\/wp\/v2\/types\/product"}],"replies":[{"embeddable":true,"href":"https:\/\/geliai.lt\/lv\/wp-json\/wp\/v2\/comments?post=8089"}],"version-history":[{"count":3,"href":"https:\/\/geliai.lt\/lv\/wp-json\/wp\/v2\/product\/8089\/revisions"}],"predecessor-version":[{"id":15726,"href":"https:\/\/geliai.lt\/lv\/wp-json\/wp\/v2\/product\/8089\/revisions\/15726"}],"wp:featuredmedia":[{"embeddable":true,"href":"https:\/\/geliai.lt\/lv\/wp-json\/wp\/v2\/media\/15725"}],"wp:attachment":[{"href":"https:\/\/geliai.lt\/lv\/wp-json\/wp\/v2\/media?parent=8089"}],"wp:term":[{"taxonomy":"product_brand","embeddable":true,"href":"https:\/\/geliai.lt\/lv\/wp-json\/wp\/v2\/product_brand?post=8089"},{"taxonomy":"product_cat","embeddable":true,"href":"https:\/\/geliai.lt\/lv\/wp-json\/wp\/v2\/product_cat?post=8089"},{"taxonomy":"product_tag","embeddable":true,"href":"https:\/\/geliai.lt\/lv\/wp-json\/wp\/v2\/product_tag?post=8089"}],"curies":[{"name":"wp","href":"https:\/\/api.w.org\/{rel}","templated":true}]}}