{"id":8082,"date":"2024-12-14T11:16:57","date_gmt":"2024-12-14T09:16:57","guid":{"rendered":"https:\/\/geliai.lt\/?post_type=product&#038;p=8082"},"modified":"2026-02-26T18:37:16","modified_gmt":"2026-02-26T16:37:16","slug":"monarx-narcissus-186-gela-nagu-laka","status":"publish","type":"product","link":"https:\/\/geliai.lt\/lv\/parduotuve\/geliniai-lakai\/monarx-narcissus-186-gelinis-nagu-lakas\/","title":{"rendered":"Monarx Narcissus 186 \u2013 G\u0113la nagu laka"},"content":{"rendered":"","protected":false},"excerpt":{"rendered":"<h5>G\u0113la nagu laka \u2013 Monarx Narcissus 186<\/h5>\n<p>Narcissus 186 \u2013 Gai\u0161s un ener\u0123isks nagu laka<\/p>\n<p>\u201cNarcissus 186\u201d nagu laka ir spilgts un saulains dzeltenais tonis, kas lieliski piem\u0113rots gan ikdienas, gan sv\u0113tku manik\u012bram k\u0101 galven\u0101 kr\u0101sa. \u0160o laku var izmantot gan k\u0101 piln\u012bgu nagu p\u0101rkl\u0101jumu, gan k\u0101 fonu izsmalcin\u0101tiem vasaras nagu dizainiem. Saska\u0146ojiet to ar gai\u0161i pel\u0113ku vai melnu, lai rad\u012btu stil\u012bgu un neaizmirstamu vasaras t\u0113lu.<\/p>","protected":false},"featured_media":15731,"comment_status":"open","ping_status":"closed","template":"","meta":[],"product_brand":[290],"product_cat":[178,580,269],"product_tag":[],"class_list":{"0":"post-8082","1":"product","2":"type-product","3":"status-publish","4":"has-post-thumbnail","6":"product_brand-monarx-nails","7":"product_cat-geliniai-lakai","8":"product_cat-nagu-prieziura","9":"product_cat-outfit-collection","11":"first","12":"outofstock","13":"shipping-taxable","14":"purchasable","15":"product-type-simple"},"_links":{"self":[{"href":"https:\/\/geliai.lt\/lv\/wp-json\/wp\/v2\/product\/8082","targetHints":{"allow":["GET"]}}],"collection":[{"href":"https:\/\/geliai.lt\/lv\/wp-json\/wp\/v2\/product"}],"about":[{"href":"https:\/\/geliai.lt\/lv\/wp-json\/wp\/v2\/types\/product"}],"replies":[{"embeddable":true,"href":"https:\/\/geliai.lt\/lv\/wp-json\/wp\/v2\/comments?post=8082"}],"version-history":[{"count":3,"href":"https:\/\/geliai.lt\/lv\/wp-json\/wp\/v2\/product\/8082\/revisions"}],"predecessor-version":[{"id":15732,"href":"https:\/\/geliai.lt\/lv\/wp-json\/wp\/v2\/product\/8082\/revisions\/15732"}],"wp:featuredmedia":[{"embeddable":true,"href":"https:\/\/geliai.lt\/lv\/wp-json\/wp\/v2\/media\/15731"}],"wp:attachment":[{"href":"https:\/\/geliai.lt\/lv\/wp-json\/wp\/v2\/media?parent=8082"}],"wp:term":[{"taxonomy":"product_brand","embeddable":true,"href":"https:\/\/geliai.lt\/lv\/wp-json\/wp\/v2\/product_brand?post=8082"},{"taxonomy":"product_cat","embeddable":true,"href":"https:\/\/geliai.lt\/lv\/wp-json\/wp\/v2\/product_cat?post=8082"},{"taxonomy":"product_tag","embeddable":true,"href":"https:\/\/geliai.lt\/lv\/wp-json\/wp\/v2\/product_tag?post=8082"}],"curies":[{"name":"wp","href":"https:\/\/api.w.org\/{rel}","templated":true}]}}