{"id":8065,"date":"2024-12-13T22:38:14","date_gmt":"2024-12-13T20:38:14","guid":{"rendered":"https:\/\/geliai.lt\/?post_type=product&#038;p=8065"},"modified":"2026-02-26T18:44:40","modified_gmt":"2026-02-26T16:44:40","slug":"monarx-arugula-167-gela-nagu-laka","status":"publish","type":"product","link":"https:\/\/geliai.lt\/lv\/parduotuve\/geliniai-lakai\/monarx-arugula-167-gelinis-nagu-lakas\/","title":{"rendered":"Monarx Arugula 167 \u2013 G\u0113la nagu laka"},"content":{"rendered":"","protected":false},"excerpt":{"rendered":"<h5>G\u0113la nagu laka \u2013 Monarx Arugula 167<\/h5>\n<p>Monarx Arugula 167 \u2013 satrieco\u0161a za\u013c\u0101 hibr\u012bda nagu laka, rad\u012bta tiem, kuriem pat\u012bk izcelties un pie\u0161\u0137irt saviem nagiem grezn\u012bbu un eleganci. \u0160\u012b kr\u0101sa atg\u0101dina svaigi nomazg\u0101tu rukolas lapu un iemieso dabisku, nomierino\u0161u un dz\u012bvino\u0161u est\u0113tiku. Ide\u0101li piem\u0113rota gan ikdienas, gan sv\u0113tku ap\u0123\u0113rbam \u2013 no smalkas elegances l\u012bdz drosm\u012bgam kontrastam ar cit\u0101m kr\u0101s\u0101m. Hibr\u012bda lakas formula nodro\u0161ina ilgsto\u0161u sp\u012bdumu un iztur\u012bbu, neprasot bie\u017eu uzkl\u0101\u0161anu vai p\u0101rtraukumus starp lako\u0161anu. Ar Monarx Arugula 167 nagu laku vari rad\u012bt da\u017e\u0101das nagu m\u0101kslas formas un t\u0113lus, piel\u0101gojoties savai noska\u0146ai un stilam. Sniedz saviem nagiem unik\u0101lu \u0161armu ar \u0161o izcil\u0101 nagu laku!<\/p>","protected":false},"featured_media":15746,"comment_status":"open","ping_status":"closed","template":"","meta":[],"product_brand":[290],"product_cat":[178,580,269],"product_tag":[],"class_list":{"0":"post-8065","1":"product","2":"type-product","3":"status-publish","4":"has-post-thumbnail","6":"product_brand-monarx-nails","7":"product_cat-geliniai-lakai","8":"product_cat-nagu-prieziura","9":"product_cat-outfit-collection","11":"first","12":"outofstock","13":"shipping-taxable","14":"purchasable","15":"product-type-simple"},"_links":{"self":[{"href":"https:\/\/geliai.lt\/lv\/wp-json\/wp\/v2\/product\/8065","targetHints":{"allow":["GET"]}}],"collection":[{"href":"https:\/\/geliai.lt\/lv\/wp-json\/wp\/v2\/product"}],"about":[{"href":"https:\/\/geliai.lt\/lv\/wp-json\/wp\/v2\/types\/product"}],"replies":[{"embeddable":true,"href":"https:\/\/geliai.lt\/lv\/wp-json\/wp\/v2\/comments?post=8065"}],"version-history":[{"count":2,"href":"https:\/\/geliai.lt\/lv\/wp-json\/wp\/v2\/product\/8065\/revisions"}],"predecessor-version":[{"id":15747,"href":"https:\/\/geliai.lt\/lv\/wp-json\/wp\/v2\/product\/8065\/revisions\/15747"}],"wp:featuredmedia":[{"embeddable":true,"href":"https:\/\/geliai.lt\/lv\/wp-json\/wp\/v2\/media\/15746"}],"wp:attachment":[{"href":"https:\/\/geliai.lt\/lv\/wp-json\/wp\/v2\/media?parent=8065"}],"wp:term":[{"taxonomy":"product_brand","embeddable":true,"href":"https:\/\/geliai.lt\/lv\/wp-json\/wp\/v2\/product_brand?post=8065"},{"taxonomy":"product_cat","embeddable":true,"href":"https:\/\/geliai.lt\/lv\/wp-json\/wp\/v2\/product_cat?post=8065"},{"taxonomy":"product_tag","embeddable":true,"href":"https:\/\/geliai.lt\/lv\/wp-json\/wp\/v2\/product_tag?post=8065"}],"curies":[{"name":"wp","href":"https:\/\/api.w.org\/{rel}","templated":true}]}}