{"id":8055,"date":"2024-12-13T21:46:07","date_gmt":"2024-12-13T19:46:07","guid":{"rendered":"https:\/\/geliai.lt\/?post_type=product&#038;p=8055"},"modified":"2026-02-26T18:43:53","modified_gmt":"2026-02-26T16:43:53","slug":"monarx-faith-184-gela-nagu-laka","status":"publish","type":"product","link":"https:\/\/geliai.lt\/lv\/parduotuve\/geliniai-lakai\/monarx-faith-184-gelinis-nagu-lakas\/","title":{"rendered":"Monarx Faith 184 \u2013 G\u0113la nagu laka"},"content":{"rendered":"","protected":false},"excerpt":{"rendered":"<h5>G\u0113la nagu laka \u2013 Monarx Faith 184<\/h5>\n<p>Neoniski roz\u0101 nagu laka Faith 184 \u2013 lieliska izv\u0113le sieviet\u0113m, kuras nov\u0113rt\u0113 \u013coti meiten\u012bgu, ener\u0123isku un drosm\u012bgu manik\u012bru. \u0160\u012b nokr\u0101sa \u012bpa\u0161i izce\u013cas vasaras sezon\u0101, k\u013c\u016bstot par spilgtu un izteiksm\u012bgu silt\u0101 gada laika akcentu.<\/p>\n<p>Neoniski hibr\u012bda manik\u012bra intens\u012bvi roz\u0101 kr\u0101sa lieliski papildin\u0101s j\u016bsu vasaras stilu \u2013 gan priec\u0101joties par velobraucieniem, gan bauda atp\u016btu pie baseina. \u0160\u012b kr\u0101sa izstaro pozit\u012bvismu un nodro\u0161ina, ka j\u016bsu nagi k\u013c\u016bs par \u012bstu vasaras akcentu!<\/p>","protected":false},"featured_media":15755,"comment_status":"open","ping_status":"closed","template":"","meta":[],"product_brand":[290],"product_cat":[178,218,580],"product_tag":[],"class_list":{"0":"post-8055","1":"product","2":"type-product","3":"status-publish","4":"has-post-thumbnail","6":"product_brand-monarx-nails","7":"product_cat-geliniai-lakai","8":"product_cat-good-vibes-collection","9":"product_cat-nagu-prieziura","11":"first","12":"outofstock","13":"shipping-taxable","14":"purchasable","15":"product-type-simple"},"_links":{"self":[{"href":"https:\/\/geliai.lt\/lv\/wp-json\/wp\/v2\/product\/8055","targetHints":{"allow":["GET"]}}],"collection":[{"href":"https:\/\/geliai.lt\/lv\/wp-json\/wp\/v2\/product"}],"about":[{"href":"https:\/\/geliai.lt\/lv\/wp-json\/wp\/v2\/types\/product"}],"replies":[{"embeddable":true,"href":"https:\/\/geliai.lt\/lv\/wp-json\/wp\/v2\/comments?post=8055"}],"version-history":[{"count":3,"href":"https:\/\/geliai.lt\/lv\/wp-json\/wp\/v2\/product\/8055\/revisions"}],"predecessor-version":[{"id":15756,"href":"https:\/\/geliai.lt\/lv\/wp-json\/wp\/v2\/product\/8055\/revisions\/15756"}],"wp:featuredmedia":[{"embeddable":true,"href":"https:\/\/geliai.lt\/lv\/wp-json\/wp\/v2\/media\/15755"}],"wp:attachment":[{"href":"https:\/\/geliai.lt\/lv\/wp-json\/wp\/v2\/media?parent=8055"}],"wp:term":[{"taxonomy":"product_brand","embeddable":true,"href":"https:\/\/geliai.lt\/lv\/wp-json\/wp\/v2\/product_brand?post=8055"},{"taxonomy":"product_cat","embeddable":true,"href":"https:\/\/geliai.lt\/lv\/wp-json\/wp\/v2\/product_cat?post=8055"},{"taxonomy":"product_tag","embeddable":true,"href":"https:\/\/geliai.lt\/lv\/wp-json\/wp\/v2\/product_tag?post=8055"}],"curies":[{"name":"wp","href":"https:\/\/api.w.org\/{rel}","templated":true}]}}