{"id":8052,"date":"2024-12-13T21:20:17","date_gmt":"2024-12-13T19:20:17","guid":{"rendered":"https:\/\/geliai.lt\/?post_type=product&#038;p=8052"},"modified":"2026-02-26T18:43:31","modified_gmt":"2026-02-26T16:43:31","slug":"monarx-desire-188-gela-nagu-laka","status":"publish","type":"product","link":"https:\/\/geliai.lt\/lv\/parduotuve\/geliniai-lakai\/monarx-desire-188-gelinis-nagu-lakas\/","title":{"rendered":"Monarx Desire 188 \u2013 G\u0113la nagu laka"},"content":{"rendered":"","protected":false},"excerpt":{"rendered":"<h5>G\u0113la nagu laka \u2013 Monarx Desire 188<\/h5>\n<p>Sp\u012bd\u012bga sarkana hibr\u012bda nagu laka Desire 188 \u2013 lieliska izv\u0113le sieviet\u0113m, kuras izv\u0113las maksim\u0101li sievi\u0161\u0137\u012bgu un drosm\u012bgu manik\u012bru. \u0160o kr\u0101su noteikti iem\u012bl\u0113s t\u0101s, kuras nebaid\u0101s risk\u0113t un vienm\u0113r pie\u0146em l\u0113mumus bez \u0161aub\u0101m.<\/p>\n<p>Sarkani nagi k\u013c\u016bs par ide\u0101lu sabiedroto sieviet\u0113m, kuras drosm\u012bgi dodas spont\u0101nos ce\u013cojumos, uzdr\u012bkstas negaid\u012btiem karjeras pav\u0113rsieniem vai izm\u0113\u0123ina ekstr\u0113mus piedz\u012bvojumus, piem\u0113ram, \u0161\u016bpoles l\u0113cienu.<\/p>\n<p>Uzsv\u0113riet savu sp\u0113ku un ener\u0123iju ar Desire 188 \u2013 sarkanu kr\u0101su, kas iedvesmo r\u012bkoties!<\/p>","protected":false},"featured_media":15758,"comment_status":"open","ping_status":"closed","template":"","meta":[],"product_brand":[290],"product_cat":[178,218,580],"product_tag":[],"class_list":{"0":"post-8052","1":"product","2":"type-product","3":"status-publish","4":"has-post-thumbnail","6":"product_brand-monarx-nails","7":"product_cat-geliniai-lakai","8":"product_cat-good-vibes-collection","9":"product_cat-nagu-prieziura","11":"first","12":"outofstock","13":"shipping-taxable","14":"purchasable","15":"product-type-simple"},"_links":{"self":[{"href":"https:\/\/geliai.lt\/lv\/wp-json\/wp\/v2\/product\/8052","targetHints":{"allow":["GET"]}}],"collection":[{"href":"https:\/\/geliai.lt\/lv\/wp-json\/wp\/v2\/product"}],"about":[{"href":"https:\/\/geliai.lt\/lv\/wp-json\/wp\/v2\/types\/product"}],"replies":[{"embeddable":true,"href":"https:\/\/geliai.lt\/lv\/wp-json\/wp\/v2\/comments?post=8052"}],"version-history":[{"count":2,"href":"https:\/\/geliai.lt\/lv\/wp-json\/wp\/v2\/product\/8052\/revisions"}],"predecessor-version":[{"id":15759,"href":"https:\/\/geliai.lt\/lv\/wp-json\/wp\/v2\/product\/8052\/revisions\/15759"}],"wp:featuredmedia":[{"embeddable":true,"href":"https:\/\/geliai.lt\/lv\/wp-json\/wp\/v2\/media\/15758"}],"wp:attachment":[{"href":"https:\/\/geliai.lt\/lv\/wp-json\/wp\/v2\/media?parent=8052"}],"wp:term":[{"taxonomy":"product_brand","embeddable":true,"href":"https:\/\/geliai.lt\/lv\/wp-json\/wp\/v2\/product_brand?post=8052"},{"taxonomy":"product_cat","embeddable":true,"href":"https:\/\/geliai.lt\/lv\/wp-json\/wp\/v2\/product_cat?post=8052"},{"taxonomy":"product_tag","embeddable":true,"href":"https:\/\/geliai.lt\/lv\/wp-json\/wp\/v2\/product_tag?post=8052"}],"curies":[{"name":"wp","href":"https:\/\/api.w.org\/{rel}","templated":true}]}}