{"id":8049,"date":"2024-12-13T21:09:50","date_gmt":"2024-12-13T19:09:50","guid":{"rendered":"https:\/\/geliai.lt\/?post_type=product&#038;p=8049"},"modified":"2026-02-26T18:43:09","modified_gmt":"2026-02-26T16:43:09","slug":"monarx-naive-185-gela-nagu-laka","status":"publish","type":"product","link":"https:\/\/geliai.lt\/lv\/parduotuve\/geliniai-lakai\/monarx-naive-185-gelinis-nagu-lakas\/","title":{"rendered":"Monarx Naive 185 \u2013 G\u0113la nagu laka"},"content":{"rendered":"","protected":false},"excerpt":{"rendered":"<h5>G\u0113la nagu laka \u2013 Monarx Naive 185<\/h5>\n<p>Violeta kr\u0101sas hibr\u012bda nagu laka \u2013 kam t\u0101 paredz\u0113ta?<\/p>\n<p>Violetas hibr\u012bda nagu laka \u201cNaive 185\u201d \u2013 lieliska izv\u0113le sieviet\u0113m, kuras izv\u0113las ko\u0161u un izteiksm\u012bgu manik\u012bru. \u0160o kr\u0101su noteikti izv\u0113l\u0113sies sievietes, kuras zina savu sp\u0113ku un drosm\u012bgi aizst\u0101v v\u0101j\u0101kos.<\/p>\n<p>Violet\u0101 manik\u012bra kr\u0101sa \u012bpa\u0161i patiks t\u0101m, kuras nov\u0113rt\u0113 k\u0101rt\u012bbu, juridiskos aktus un smalk\u0101 druk\u0101 rakst\u012btus dokumentus. \u0160\u012b kr\u0101sa ne tikai izcels j\u016bsu raksturu, bet ar\u012b pie\u0161\u0137irs j\u016bsu t\u0113lam eleganci un pa\u0161p\u0101rliecin\u0101t\u012bbu.<\/p>\n<p>Uzdr\u012bkstieties izv\u0113l\u0113ties \u201cNaive 185\u201d \u2013 kr\u0101su, kas apvieno sp\u0113ku un smalkumu vien\u0101!<\/p>","protected":false},"featured_media":15761,"comment_status":"open","ping_status":"closed","template":"","meta":[],"product_brand":[290],"product_cat":[178,218,580],"product_tag":[],"class_list":{"0":"post-8049","1":"product","2":"type-product","3":"status-publish","4":"has-post-thumbnail","6":"product_brand-monarx-nails","7":"product_cat-geliniai-lakai","8":"product_cat-good-vibes-collection","9":"product_cat-nagu-prieziura","11":"first","12":"outofstock","13":"shipping-taxable","14":"purchasable","15":"product-type-simple"},"_links":{"self":[{"href":"https:\/\/geliai.lt\/lv\/wp-json\/wp\/v2\/product\/8049","targetHints":{"allow":["GET"]}}],"collection":[{"href":"https:\/\/geliai.lt\/lv\/wp-json\/wp\/v2\/product"}],"about":[{"href":"https:\/\/geliai.lt\/lv\/wp-json\/wp\/v2\/types\/product"}],"replies":[{"embeddable":true,"href":"https:\/\/geliai.lt\/lv\/wp-json\/wp\/v2\/comments?post=8049"}],"version-history":[{"count":3,"href":"https:\/\/geliai.lt\/lv\/wp-json\/wp\/v2\/product\/8049\/revisions"}],"predecessor-version":[{"id":15762,"href":"https:\/\/geliai.lt\/lv\/wp-json\/wp\/v2\/product\/8049\/revisions\/15762"}],"wp:featuredmedia":[{"embeddable":true,"href":"https:\/\/geliai.lt\/lv\/wp-json\/wp\/v2\/media\/15761"}],"wp:attachment":[{"href":"https:\/\/geliai.lt\/lv\/wp-json\/wp\/v2\/media?parent=8049"}],"wp:term":[{"taxonomy":"product_brand","embeddable":true,"href":"https:\/\/geliai.lt\/lv\/wp-json\/wp\/v2\/product_brand?post=8049"},{"taxonomy":"product_cat","embeddable":true,"href":"https:\/\/geliai.lt\/lv\/wp-json\/wp\/v2\/product_cat?post=8049"},{"taxonomy":"product_tag","embeddable":true,"href":"https:\/\/geliai.lt\/lv\/wp-json\/wp\/v2\/product_tag?post=8049"}],"curies":[{"name":"wp","href":"https:\/\/api.w.org\/{rel}","templated":true}]}}