{"id":8038,"date":"2024-12-13T18:41:29","date_gmt":"2024-12-13T16:41:29","guid":{"rendered":"https:\/\/geliai.lt\/?post_type=product&#038;p=8038"},"modified":"2026-02-26T18:39:59","modified_gmt":"2026-02-26T16:39:59","slug":"monarx-pure-169-gela-nagu-laka","status":"publish","type":"product","link":"https:\/\/geliai.lt\/lv\/parduotuve\/geliniai-lakai\/monarx-pure-169-gelinis-nagu-lakas\/","title":{"rendered":"Monarx Pure 169 \u2013 G\u0113la nagu laka"},"content":{"rendered":"","protected":false},"excerpt":{"rendered":"<h5>G\u0113la nagu laka \u2013 Monarx Pure 169<\/h5>\n<p>ZIL\u0100 MANIK\u012aRA AR HIBR\u012aDA NAGU LAKU \u2013 KAM TAS PIEM\u0112ROTS?<\/p>\n<p>Zilais hibr\u012bda nagu laka ir lieliska izv\u0113le tiem, kuri nov\u0113rt\u0113 maigu un j\u016bt\u012bgu manik\u012bru. \u0160is vieglais un izsmalcin\u0101tais tonis ide\u0101li piem\u0113rots sieviet\u0113m ar sap\u0146ainu dabu, kuras bie\u017ei \"lido m\u0101ko\u0146os\". Zil\u0101 laka lieliski sader\u0113s ar pavasara ap\u0123\u0113rbu izv\u0113li \u2013 gai\u0161i zilajiem d\u017einsiem un balt\u0101m bl\u016bz\u0113m. \u0160is tonis pie\u0161\u0137ir svaigumu un vieglumu katram j\u016bsu t\u0113lam.<\/p>\n<p>Atkl\u0101jiet savu sap\u0146aino pusi ar zilo hibr\u012bda nagu laku \u2013 lieliska izv\u0113le pavasara t\u0113rpiem!<\/p>","protected":false},"featured_media":15766,"comment_status":"open","ping_status":"closed","template":"","meta":[],"product_brand":[290],"product_cat":[178,268,580],"product_tag":[],"class_list":{"0":"post-8038","1":"product","2":"type-product","3":"status-publish","4":"has-post-thumbnail","6":"product_brand-monarx-nails","7":"product_cat-geliniai-lakai","8":"product_cat-girl-spring-collection","9":"product_cat-nagu-prieziura","11":"first","12":"outofstock","13":"shipping-taxable","14":"purchasable","15":"product-type-simple"},"_links":{"self":[{"href":"https:\/\/geliai.lt\/lv\/wp-json\/wp\/v2\/product\/8038","targetHints":{"allow":["GET"]}}],"collection":[{"href":"https:\/\/geliai.lt\/lv\/wp-json\/wp\/v2\/product"}],"about":[{"href":"https:\/\/geliai.lt\/lv\/wp-json\/wp\/v2\/types\/product"}],"replies":[{"embeddable":true,"href":"https:\/\/geliai.lt\/lv\/wp-json\/wp\/v2\/comments?post=8038"}],"version-history":[{"count":3,"href":"https:\/\/geliai.lt\/lv\/wp-json\/wp\/v2\/product\/8038\/revisions"}],"predecessor-version":[{"id":15767,"href":"https:\/\/geliai.lt\/lv\/wp-json\/wp\/v2\/product\/8038\/revisions\/15767"}],"wp:featuredmedia":[{"embeddable":true,"href":"https:\/\/geliai.lt\/lv\/wp-json\/wp\/v2\/media\/15766"}],"wp:attachment":[{"href":"https:\/\/geliai.lt\/lv\/wp-json\/wp\/v2\/media?parent=8038"}],"wp:term":[{"taxonomy":"product_brand","embeddable":true,"href":"https:\/\/geliai.lt\/lv\/wp-json\/wp\/v2\/product_brand?post=8038"},{"taxonomy":"product_cat","embeddable":true,"href":"https:\/\/geliai.lt\/lv\/wp-json\/wp\/v2\/product_cat?post=8038"},{"taxonomy":"product_tag","embeddable":true,"href":"https:\/\/geliai.lt\/lv\/wp-json\/wp\/v2\/product_tag?post=8038"}],"curies":[{"name":"wp","href":"https:\/\/api.w.org\/{rel}","templated":true}]}}