{"id":7969,"date":"2024-12-13T13:33:34","date_gmt":"2024-12-13T11:33:34","guid":{"rendered":"https:\/\/geliai.lt\/?post_type=product&#038;p=7969"},"modified":"2026-02-26T18:49:32","modified_gmt":"2026-02-26T16:49:32","slug":"monarx-whoops-189-gelinis-nagu-lakas","status":"publish","type":"product","link":"https:\/\/geliai.lt\/lv\/parduotuve\/furia-collection\/monarx-whoops-189-gelinis-nagu-lakas\/","title":{"rendered":"Monarx WHOOPS 189 \u2013 G\u0113la nagu laka"},"content":{"rendered":"","protected":false},"excerpt":{"rendered":"<h5>G\u0113la nagu laka \u2013 Monarx WHOOPS 189<\/h5>\n<p>Tum\u0161ie to\u0146i no Monarx kolekcijas FURIA \u013cauj izveidot perfektu manik\u012bru, kas apbur ar notur\u012bbu un skaistu kr\u0101su. \u0160ie unik\u0101lie to\u0146i lieliski izskat\u0101s uz jebkura garuma un formas nagiem. Kuru no tiem izv\u0113l\u0113sieties j\u016bs?<\/p>","protected":false},"featured_media":15795,"comment_status":"open","ping_status":"closed","template":"","meta":[],"product_brand":[290],"product_cat":[267,178,580],"product_tag":[],"class_list":{"0":"post-7969","1":"product","2":"type-product","3":"status-publish","4":"has-post-thumbnail","6":"product_brand-monarx-nails","7":"product_cat-furia-collection","8":"product_cat-geliniai-lakai","9":"product_cat-nagu-prieziura","11":"first","12":"outofstock","13":"shipping-taxable","14":"purchasable","15":"product-type-simple"},"_links":{"self":[{"href":"https:\/\/geliai.lt\/lv\/wp-json\/wp\/v2\/product\/7969","targetHints":{"allow":["GET"]}}],"collection":[{"href":"https:\/\/geliai.lt\/lv\/wp-json\/wp\/v2\/product"}],"about":[{"href":"https:\/\/geliai.lt\/lv\/wp-json\/wp\/v2\/types\/product"}],"replies":[{"embeddable":true,"href":"https:\/\/geliai.lt\/lv\/wp-json\/wp\/v2\/comments?post=7969"}],"version-history":[{"count":3,"href":"https:\/\/geliai.lt\/lv\/wp-json\/wp\/v2\/product\/7969\/revisions"}],"predecessor-version":[{"id":15796,"href":"https:\/\/geliai.lt\/lv\/wp-json\/wp\/v2\/product\/7969\/revisions\/15796"}],"wp:featuredmedia":[{"embeddable":true,"href":"https:\/\/geliai.lt\/lv\/wp-json\/wp\/v2\/media\/15795"}],"wp:attachment":[{"href":"https:\/\/geliai.lt\/lv\/wp-json\/wp\/v2\/media?parent=7969"}],"wp:term":[{"taxonomy":"product_brand","embeddable":true,"href":"https:\/\/geliai.lt\/lv\/wp-json\/wp\/v2\/product_brand?post=7969"},{"taxonomy":"product_cat","embeddable":true,"href":"https:\/\/geliai.lt\/lv\/wp-json\/wp\/v2\/product_cat?post=7969"},{"taxonomy":"product_tag","embeddable":true,"href":"https:\/\/geliai.lt\/lv\/wp-json\/wp\/v2\/product_tag?post=7969"}],"curies":[{"name":"wp","href":"https:\/\/api.w.org\/{rel}","templated":true}]}}