{"id":7482,"date":"2024-11-18T14:31:29","date_gmt":"2024-11-18T12:31:29","guid":{"rendered":"https:\/\/geliai.lt\/?post_type=product&#038;p=7482"},"modified":"2026-02-20T12:51:48","modified_gmt":"2026-02-20T10:51:48","slug":"profesionalas-kutikulas-skeres-x-linija-2-personam-18-mm-klasiskas","status":"publish","type":"product","link":"https:\/\/geliai.lt\/lv\/parduotuve\/instrumentai\/profesionalios-odeliu-zirklutes-x-line-2-asmenys-18-mm-klasikines\/","title":{"rendered":"Profesion\u0101las kutikulu \u0161\u0137\u0113r\u012btes X-line 2"},"content":{"rendered":"<p>HEAD Beauty Tools cen\u0161as apvienot est\u0113tiku, funkcionalit\u0101ti un augst\u0101kos kvalit\u0101tes standartus, t\u0101p\u0113c m\u016bsu \u0161\u0137\u0113r\u012btes ir uzticama izv\u0113le profesion\u0101\u013ciem, kuri nov\u0113rt\u0113 kvalit\u0101ti un meistar\u012bbu.<\/p>\n<p>HEAD Beauty Tools \u2013 Profesion\u0101l\u0101s kutikulu \u0161\u0137\u0113r\u012btes X-line 2, 18 mm asme\u0146i, Classic<br \/>\nSX-2-18<\/p>","protected":false},"excerpt":{"rendered":"<h5>Profesion\u0101las kutikulu \u0161\u0137\u0113r\u012btes X-line 2<\/h5>\n<p>HEAD Beauty Tools ir augst\u0101k\u0101s kvalit\u0101tes skaistumkop\u0161anas instrumentu ra\u017eot\u0101js, kas specializ\u0113jas profesion\u0101lu \u0161\u0137\u0113r\u012b\u0161u, manik\u012bra un pedik\u012bra r\u012bku izstr\u0101d\u0113. M\u016bsu produkti izce\u013cas ne tikai ar funkcionalit\u0101ti, bet ar\u012b ar prec\u012bzu dizainu, kas atbilst augst\u0101kaj\u0101m meistaru pras\u012bb\u0101m.<\/p>\n<p>\u0160\u0137\u0113r\u012btes tiek ra\u017eotas, izmantojot modern\u0101k\u0101s tehnolo\u0123ijas un augstas kvalit\u0101tes medic\u012bnisko ner\u016bs\u0113jo\u0161o t\u0113raudu, kas nodro\u0161ina instrumentu ilgm\u016b\u017e\u012bbu un iztur\u012bbu pret koroziju. Ergonomisks dizains nodro\u0161ina maksim\u0101lu komfortu darba laik\u0101, t\u0101p\u0113c m\u016bsu instrumenti ir piem\u0113roti gan ies\u0101c\u0113jiem, gan pieredz\u0113ju\u0161iem meistariem.<\/p>","protected":false},"featured_media":15821,"comment_status":"open","ping_status":"closed","template":"","meta":[],"product_brand":[294],"product_cat":[288,256],"product_tag":[],"class_list":{"0":"post-7482","1":"product","2":"type-product","3":"status-publish","4":"has-post-thumbnail","6":"product_brand-head-the-beauty-tools","7":"product_cat-instrumentai","8":"product_cat-zirklutes","10":"first","11":"instock","12":"shipping-taxable","13":"purchasable","14":"product-type-simple"},"_links":{"self":[{"href":"https:\/\/geliai.lt\/lv\/wp-json\/wp\/v2\/product\/7482","targetHints":{"allow":["GET"]}}],"collection":[{"href":"https:\/\/geliai.lt\/lv\/wp-json\/wp\/v2\/product"}],"about":[{"href":"https:\/\/geliai.lt\/lv\/wp-json\/wp\/v2\/types\/product"}],"replies":[{"embeddable":true,"href":"https:\/\/geliai.lt\/lv\/wp-json\/wp\/v2\/comments?post=7482"}],"version-history":[{"count":3,"href":"https:\/\/geliai.lt\/lv\/wp-json\/wp\/v2\/product\/7482\/revisions"}],"predecessor-version":[{"id":15822,"href":"https:\/\/geliai.lt\/lv\/wp-json\/wp\/v2\/product\/7482\/revisions\/15822"}],"wp:featuredmedia":[{"embeddable":true,"href":"https:\/\/geliai.lt\/lv\/wp-json\/wp\/v2\/media\/15821"}],"wp:attachment":[{"href":"https:\/\/geliai.lt\/lv\/wp-json\/wp\/v2\/media?parent=7482"}],"wp:term":[{"taxonomy":"product_brand","embeddable":true,"href":"https:\/\/geliai.lt\/lv\/wp-json\/wp\/v2\/product_brand?post=7482"},{"taxonomy":"product_cat","embeddable":true,"href":"https:\/\/geliai.lt\/lv\/wp-json\/wp\/v2\/product_cat?post=7482"},{"taxonomy":"product_tag","embeddable":true,"href":"https:\/\/geliai.lt\/lv\/wp-json\/wp\/v2\/product_tag?post=7482"}],"curies":[{"name":"wp","href":"https:\/\/api.w.org\/{rel}","templated":true}]}}