{"id":7436,"date":"2024-11-17T17:19:24","date_gmt":"2024-11-17T15:19:24","guid":{"rendered":"https:\/\/geliai.lt\/?post_type=product&#038;p=7436"},"modified":"2026-02-26T18:50:38","modified_gmt":"2026-02-26T16:50:38","slug":"monarhx-eliksirs-131","status":"publish","type":"product","link":"https:\/\/geliai.lt\/lv\/parduotuve\/geliniai-lakai\/monarx-elixir-131\/","title":{"rendered":"Monarx Elixir 131 \u2013 G\u0113la nagu laka"},"content":{"rendered":"","protected":false},"excerpt":{"rendered":"<h5>G\u0113la nagu laka \u2013 Monarx Elixir 131<\/h5>\n<p>Radiet nevainojamu grezn\u012bbas t\u0113lu, apvienojot Gucci eleganci ar m\u016bsu Elixir hibr\u012bda laku \u2013 bag\u0101t\u012bgu pel\u0113ku toni ar perlamutra mirdzumu. \u0160is lakas staro grezn\u012bbu un izsmalcin\u0101t\u012bbu, lieliski papildinot j\u016bsu stilu.<\/p>\n<p>Elixir ir izv\u0113le tiem, kas v\u0113las maksim\u0101lu grezn\u012bbu un smalku mirdzumu ikdien\u0101. Vai esi jau gatava mirdz\u0113t?<\/p>","protected":false},"featured_media":16621,"comment_status":"open","ping_status":"closed","template":"","meta":[],"product_brand":[290],"product_cat":[178,250,580],"product_tag":[],"class_list":{"0":"post-7436","1":"product","2":"type-product","3":"status-publish","4":"has-post-thumbnail","6":"product_brand-monarx-nails","7":"product_cat-geliniai-lakai","8":"product_cat-hollywood-collection","9":"product_cat-nagu-prieziura","11":"first","12":"outofstock","13":"shipping-taxable","14":"purchasable","15":"product-type-simple"},"_links":{"self":[{"href":"https:\/\/geliai.lt\/lv\/wp-json\/wp\/v2\/product\/7436","targetHints":{"allow":["GET"]}}],"collection":[{"href":"https:\/\/geliai.lt\/lv\/wp-json\/wp\/v2\/product"}],"about":[{"href":"https:\/\/geliai.lt\/lv\/wp-json\/wp\/v2\/types\/product"}],"replies":[{"embeddable":true,"href":"https:\/\/geliai.lt\/lv\/wp-json\/wp\/v2\/comments?post=7436"}],"version-history":[{"count":3,"href":"https:\/\/geliai.lt\/lv\/wp-json\/wp\/v2\/product\/7436\/revisions"}],"predecessor-version":[{"id":16623,"href":"https:\/\/geliai.lt\/lv\/wp-json\/wp\/v2\/product\/7436\/revisions\/16623"}],"wp:featuredmedia":[{"embeddable":true,"href":"https:\/\/geliai.lt\/lv\/wp-json\/wp\/v2\/media\/16621"}],"wp:attachment":[{"href":"https:\/\/geliai.lt\/lv\/wp-json\/wp\/v2\/media?parent=7436"}],"wp:term":[{"taxonomy":"product_brand","embeddable":true,"href":"https:\/\/geliai.lt\/lv\/wp-json\/wp\/v2\/product_brand?post=7436"},{"taxonomy":"product_cat","embeddable":true,"href":"https:\/\/geliai.lt\/lv\/wp-json\/wp\/v2\/product_cat?post=7436"},{"taxonomy":"product_tag","embeddable":true,"href":"https:\/\/geliai.lt\/lv\/wp-json\/wp\/v2\/product_tag?post=7436"}],"curies":[{"name":"wp","href":"https:\/\/api.w.org\/{rel}","templated":true}]}}