{"id":7414,"date":"2024-11-17T12:13:01","date_gmt":"2024-11-17T10:13:01","guid":{"rendered":"https:\/\/geliai.lt\/?post_type=product&#038;p=7414"},"modified":"2026-02-26T18:52:06","modified_gmt":"2026-02-26T16:52:06","slug":"monarx-kakao-105","status":"publish","type":"product","link":"https:\/\/geliai.lt\/lv\/parduotuve\/geliniai-lakai\/monarx-cacao-105\/","title":{"rendered":"Monarx Cacao 105 \u2013 G\u0113la nagu laka"},"content":{"rendered":"","protected":false},"excerpt":{"rendered":"<h5>G\u0113la nagu laka \u2013 Monarx Cacao 105<\/h5>\n<p>Maigi nostal\u0123iskais Cacao hibr\u012bda lakas atg\u0101din\u0101s vism\u012b\u013c\u0101kos un bezr\u016bp\u012bg\u0101kos mirk\u013cus. \u0160is smalkais un maigais tonis iemieso m\u0101j\u012bgumu un vieglumu, lieliski saska\u0146ojoties ar da\u017e\u0101diem stiliem un noska\u0146\u0101m.<\/p>\n<p>\u013bauj savam manik\u012bram st\u0101st\u012bt siltu un saldo atmi\u0146u st\u0101stu ar Cacao. Kura atmi\u0146a \u0161odien k\u013c\u016bs par tavu iedvesmu?<\/p>","protected":false},"featured_media":16643,"comment_status":"open","ping_status":"closed","template":"","meta":[],"product_brand":[290],"product_cat":[178,580,273],"product_tag":[],"class_list":{"0":"post-7414","1":"product","2":"type-product","3":"status-publish","4":"has-post-thumbnail","6":"product_brand-monarx-nails","7":"product_cat-geliniai-lakai","8":"product_cat-nagu-prieziura","9":"product_cat-romantic-collection","11":"first","12":"outofstock","13":"shipping-taxable","14":"purchasable","15":"product-type-simple"},"_links":{"self":[{"href":"https:\/\/geliai.lt\/lv\/wp-json\/wp\/v2\/product\/7414","targetHints":{"allow":["GET"]}}],"collection":[{"href":"https:\/\/geliai.lt\/lv\/wp-json\/wp\/v2\/product"}],"about":[{"href":"https:\/\/geliai.lt\/lv\/wp-json\/wp\/v2\/types\/product"}],"replies":[{"embeddable":true,"href":"https:\/\/geliai.lt\/lv\/wp-json\/wp\/v2\/comments?post=7414"}],"version-history":[{"count":2,"href":"https:\/\/geliai.lt\/lv\/wp-json\/wp\/v2\/product\/7414\/revisions"}],"predecessor-version":[{"id":16644,"href":"https:\/\/geliai.lt\/lv\/wp-json\/wp\/v2\/product\/7414\/revisions\/16644"}],"wp:featuredmedia":[{"embeddable":true,"href":"https:\/\/geliai.lt\/lv\/wp-json\/wp\/v2\/media\/16643"}],"wp:attachment":[{"href":"https:\/\/geliai.lt\/lv\/wp-json\/wp\/v2\/media?parent=7414"}],"wp:term":[{"taxonomy":"product_brand","embeddable":true,"href":"https:\/\/geliai.lt\/lv\/wp-json\/wp\/v2\/product_brand?post=7414"},{"taxonomy":"product_cat","embeddable":true,"href":"https:\/\/geliai.lt\/lv\/wp-json\/wp\/v2\/product_cat?post=7414"},{"taxonomy":"product_tag","embeddable":true,"href":"https:\/\/geliai.lt\/lv\/wp-json\/wp\/v2\/product_tag?post=7414"}],"curies":[{"name":"wp","href":"https:\/\/api.w.org\/{rel}","templated":true}]}}