{"id":7390,"date":"2024-11-16T20:03:53","date_gmt":"2024-11-16T18:03:53","guid":{"rendered":"https:\/\/geliai.lt\/?post_type=product&#038;p=7390"},"modified":"2026-02-26T19:10:47","modified_gmt":"2026-02-26T17:10:47","slug":"monarx-chia-04","status":"publish","type":"product","link":"https:\/\/geliai.lt\/lv\/parduotuve\/chia-collection\/monarx-chia-04\/","title":{"rendered":"Monarx CHIA 04 \u2013 G\u0113la nagu laka"},"content":{"rendered":"","protected":false},"excerpt":{"rendered":"<h5>G\u0113la nagu laka \u2013 Monarx CHIA 04<\/h5>\n<p>CHIA kolekcijas paste\u013cto\u0146u lakas \u013caus baud\u012bt pavasara manik\u012bru, pilnu optimisma un ener\u0123ijas.<br \/>\n9 ierobe\u017eot\u0101s kolekcijas kr\u0101sas ar chia efektu sniedz iesp\u0113ju rad\u012bt unik\u0101lu nagu dizainu bez papildu dekor\u0101cijas elementiem.<\/p>\n<p>Monarx hibr\u012bda lakas no CHIA kolekcijas nodro\u0161ina nevainojamu manik\u012bru ar ilgnotur\u012bbu un spilgtu skaistumu. Paste\u013cto\u0146i lieliski izskat\u0101s uz jebkura garuma un formas nagiem. Izm\u0113\u0123iniet klasisku paste\u013cto\u0146u kombin\u0101ciju ar unik\u0101lu, chia s\u0113kli\u0146\u0101m l\u012bdz\u012bgu efektu.<\/p>","protected":false},"featured_media":7391,"comment_status":"open","ping_status":"closed","template":"","meta":[],"product_brand":[290],"product_cat":[274,178,580],"product_tag":[],"class_list":{"0":"post-7390","1":"product","2":"type-product","3":"status-publish","4":"has-post-thumbnail","6":"product_brand-monarx-nails","7":"product_cat-chia-collection","8":"product_cat-geliniai-lakai","9":"product_cat-nagu-prieziura","11":"first","12":"outofstock","13":"shipping-taxable","14":"purchasable","15":"product-type-simple"},"_links":{"self":[{"href":"https:\/\/geliai.lt\/lv\/wp-json\/wp\/v2\/product\/7390","targetHints":{"allow":["GET"]}}],"collection":[{"href":"https:\/\/geliai.lt\/lv\/wp-json\/wp\/v2\/product"}],"about":[{"href":"https:\/\/geliai.lt\/lv\/wp-json\/wp\/v2\/types\/product"}],"replies":[{"embeddable":true,"href":"https:\/\/geliai.lt\/lv\/wp-json\/wp\/v2\/comments?post=7390"}],"version-history":[{"count":2,"href":"https:\/\/geliai.lt\/lv\/wp-json\/wp\/v2\/product\/7390\/revisions"}],"predecessor-version":[{"id":16655,"href":"https:\/\/geliai.lt\/lv\/wp-json\/wp\/v2\/product\/7390\/revisions\/16655"}],"wp:featuredmedia":[{"embeddable":true,"href":"https:\/\/geliai.lt\/lv\/wp-json\/wp\/v2\/media\/7391"}],"wp:attachment":[{"href":"https:\/\/geliai.lt\/lv\/wp-json\/wp\/v2\/media?parent=7390"}],"wp:term":[{"taxonomy":"product_brand","embeddable":true,"href":"https:\/\/geliai.lt\/lv\/wp-json\/wp\/v2\/product_brand?post=7390"},{"taxonomy":"product_cat","embeddable":true,"href":"https:\/\/geliai.lt\/lv\/wp-json\/wp\/v2\/product_cat?post=7390"},{"taxonomy":"product_tag","embeddable":true,"href":"https:\/\/geliai.lt\/lv\/wp-json\/wp\/v2\/product_tag?post=7390"}],"curies":[{"name":"wp","href":"https:\/\/api.w.org\/{rel}","templated":true}]}}