{"id":7372,"date":"2024-11-16T17:43:33","date_gmt":"2024-11-16T15:43:33","guid":{"rendered":"https:\/\/geliai.lt\/?post_type=product&#038;p=7372"},"modified":"2026-04-23T16:20:18","modified_gmt":"2026-04-23T13:20:18","slug":"monarx-tokyo-132","status":"publish","type":"product","link":"https:\/\/geliai.lt\/lv\/parduotuve\/geliniai-lakai\/monarx-tokyo-132\/","title":{"rendered":"Monarx Tokyo 132 \u2013 G\u0113la nagu laka"},"content":{"rendered":"","protected":false},"excerpt":{"rendered":"<h5>G\u0113la nagu laka \u2013 Monarx Tokyo 132<\/h5>\n<p>Tokija main\u0101s l\u012bdz ar tumsas iest\u0101\u0161anos. Dien\u0101 t\u0101 \u0161\u0137iet plakana, pel\u0113ka un \u013coti smalka, bet nakt\u012b t\u0101 atdz\u012bvojas \u2013 mirdzo\u0161a un savva\u013c\u012bga. Ienir nakts pils\u0113tas atmosf\u0113r\u0101 ar hibr\u012bda nagu laku \u201cTokyo\u201d un \u013cauj sev izjust \u0161\u012bs pils\u0113tas neaizmirstamo ener\u0123iju.<\/p>","protected":false},"featured_media":16660,"comment_status":"open","ping_status":"closed","template":"","meta":[],"product_brand":[290],"product_cat":[178,580,261],"product_tag":[],"class_list":{"0":"post-7372","1":"product","2":"type-product","3":"status-publish","4":"has-post-thumbnail","6":"product_brand-monarx-nails","7":"product_cat-geliniai-lakai","8":"product_cat-nagu-prieziura","9":"product_cat-voyage-collection","11":"first","12":"instock","13":"shipping-taxable","14":"purchasable","15":"product-type-simple"},"_links":{"self":[{"href":"https:\/\/geliai.lt\/lv\/wp-json\/wp\/v2\/product\/7372","targetHints":{"allow":["GET"]}}],"collection":[{"href":"https:\/\/geliai.lt\/lv\/wp-json\/wp\/v2\/product"}],"about":[{"href":"https:\/\/geliai.lt\/lv\/wp-json\/wp\/v2\/types\/product"}],"replies":[{"embeddable":true,"href":"https:\/\/geliai.lt\/lv\/wp-json\/wp\/v2\/comments?post=7372"}],"version-history":[{"count":3,"href":"https:\/\/geliai.lt\/lv\/wp-json\/wp\/v2\/product\/7372\/revisions"}],"predecessor-version":[{"id":16661,"href":"https:\/\/geliai.lt\/lv\/wp-json\/wp\/v2\/product\/7372\/revisions\/16661"}],"wp:featuredmedia":[{"embeddable":true,"href":"https:\/\/geliai.lt\/lv\/wp-json\/wp\/v2\/media\/16660"}],"wp:attachment":[{"href":"https:\/\/geliai.lt\/lv\/wp-json\/wp\/v2\/media?parent=7372"}],"wp:term":[{"taxonomy":"product_brand","embeddable":true,"href":"https:\/\/geliai.lt\/lv\/wp-json\/wp\/v2\/product_brand?post=7372"},{"taxonomy":"product_cat","embeddable":true,"href":"https:\/\/geliai.lt\/lv\/wp-json\/wp\/v2\/product_cat?post=7372"},{"taxonomy":"product_tag","embeddable":true,"href":"https:\/\/geliai.lt\/lv\/wp-json\/wp\/v2\/product_tag?post=7372"}],"curies":[{"name":"wp","href":"https:\/\/api.w.org\/{rel}","templated":true}]}}