{"id":7362,"date":"2024-11-16T15:35:00","date_gmt":"2024-11-16T13:35:00","guid":{"rendered":"https:\/\/geliai.lt\/?post_type=product&#038;p=7362"},"modified":"2026-02-26T19:14:33","modified_gmt":"2026-02-26T17:14:33","slug":"monarhx-honkonga-137","status":"publish","type":"product","link":"https:\/\/geliai.lt\/lv\/parduotuve\/geliniai-lakai\/monarx-hong-kong-137\/","title":{"rendered":"Monarx Hong Kong 137 \u2013 G\u0113la nagu laka"},"content":{"rendered":"","protected":false},"excerpt":{"rendered":"<h5>G\u0113la nagu laka \u2013 Monarx Hong Kong 137<\/h5>\n<p>Lieliska vieta, kur v\u0113rot Honkongas nakts atrakcijas \u2013 viena no br\u012bni\u0161\u0137\u012bg\u0101kaj\u0101m viet\u0101m, kur pasakaini ku\u0123i sl\u012bd gaism\u0101s un debesis 15 min\u016btes rot\u0101 sal\u016bti. Dienas un nakts promen\u0101de izce\u013cas ar savu skaistumu. Apk\u0101rt skan m\u016bzika, mirdz neskait\u0101mas gaismas, cilv\u0113ki ir draudz\u012bgi, smaida \u2013 un tas viss tik labi iedarbojas uz dv\u0113seli. Ienir nakts pils\u0113tas atmosf\u0113r\u0101 ar hibr\u012bda nagu laku \u201cHong Kong\u201d un \u013cauj sev izjust \u0161o neaizmirstamo burv\u012bbu.<\/p>","protected":false},"featured_media":14326,"comment_status":"open","ping_status":"closed","template":"","meta":[],"product_brand":[290],"product_cat":[178,580,261],"product_tag":[],"class_list":{"0":"post-7362","1":"product","2":"type-product","3":"status-publish","4":"has-post-thumbnail","6":"product_brand-monarx-nails","7":"product_cat-geliniai-lakai","8":"product_cat-nagu-prieziura","9":"product_cat-voyage-collection","11":"first","12":"instock","13":"shipping-taxable","14":"purchasable","15":"product-type-simple"},"_links":{"self":[{"href":"https:\/\/geliai.lt\/lv\/wp-json\/wp\/v2\/product\/7362","targetHints":{"allow":["GET"]}}],"collection":[{"href":"https:\/\/geliai.lt\/lv\/wp-json\/wp\/v2\/product"}],"about":[{"href":"https:\/\/geliai.lt\/lv\/wp-json\/wp\/v2\/types\/product"}],"replies":[{"embeddable":true,"href":"https:\/\/geliai.lt\/lv\/wp-json\/wp\/v2\/comments?post=7362"}],"version-history":[{"count":3,"href":"https:\/\/geliai.lt\/lv\/wp-json\/wp\/v2\/product\/7362\/revisions"}],"predecessor-version":[{"id":16674,"href":"https:\/\/geliai.lt\/lv\/wp-json\/wp\/v2\/product\/7362\/revisions\/16674"}],"wp:featuredmedia":[{"embeddable":true,"href":"https:\/\/geliai.lt\/lv\/wp-json\/wp\/v2\/media\/14326"}],"wp:attachment":[{"href":"https:\/\/geliai.lt\/lv\/wp-json\/wp\/v2\/media?parent=7362"}],"wp:term":[{"taxonomy":"product_brand","embeddable":true,"href":"https:\/\/geliai.lt\/lv\/wp-json\/wp\/v2\/product_brand?post=7362"},{"taxonomy":"product_cat","embeddable":true,"href":"https:\/\/geliai.lt\/lv\/wp-json\/wp\/v2\/product_cat?post=7362"},{"taxonomy":"product_tag","embeddable":true,"href":"https:\/\/geliai.lt\/lv\/wp-json\/wp\/v2\/product_tag?post=7362"}],"curies":[{"name":"wp","href":"https:\/\/api.w.org\/{rel}","templated":true}]}}