{"id":7337,"date":"2024-11-16T13:36:04","date_gmt":"2024-11-16T11:36:04","guid":{"rendered":"https:\/\/geliai.lt\/?post_type=product&#038;p=7337"},"modified":"2026-03-09T10:48:47","modified_gmt":"2026-03-09T08:48:47","slug":"vienreizlietojamie-nitrila-cimdi-melni","status":"publish","type":"product","link":"https:\/\/geliai.lt\/lv\/parduotuve\/higiena\/nitrilines-vienkartines-pirstines-juodos\/","title":{"rendered":"Aldena nitrila vienreizlietojamie cimdi, melni (XS\u2013L)"},"content":{"rendered":"<table style=\"width: 100%; border-collapse: collapse; font-family: Arial, sans-serif;\">\n<thead>\n<tr style=\"background-color: #f4f4f4; border-bottom: 2px solid #ddd;\">\n<th style=\"padding: 10px; text-align: left;\">Specifik\u0101cija<\/th>\n<th style=\"padding: 10px; text-align: left;\">Inform\u0101cija<\/th>\n<\/tr>\n<\/thead>\n<tbody>\n<tr style=\"border-bottom: 1px solid #ddd;\">\n<td style=\"padding: 10px;\">Z\u012bmols<\/td>\n<td style=\"padding: 10px;\">ALDENA<\/td>\n<\/tr>\n<tr style=\"border-bottom: 1px solid #ddd;\">\n<td style=\"padding: 10px;\">Materi\u0101ls<\/td>\n<td style=\"padding: 10px;\">Nitrils<\/td>\n<\/tr>\n<tr style=\"border-bottom: 1px solid #ddd;\">\n<td style=\"padding: 10px;\">Kr\u0101sa<\/td>\n<td style=\"padding: 10px;\">Melna<\/td>\n<\/tr>\n<tr style=\"border-bottom: 1px solid #ddd;\">\n<td style=\"padding: 10px;\">Pieejamie izm\u0113ri<\/td>\n<td style=\"padding: 10px;\">XS (5\/6), S (6\/7), M (7\/8), L (8\/9) izm\u0113rs<\/td>\n<\/tr>\n<tr style=\"border-bottom: 1px solid #ddd;\">\n<td style=\"padding: 10px;\">iztur\u012bba<\/td>\n<td style=\"padding: 10px;\">AQL 1.5 (saska\u0146\u0101 ar EN 455-1)<\/td>\n<\/tr>\n<tr style=\"border-bottom: 1px solid #ddd;\">\n<td style=\"padding: 10px;\">Garums<\/td>\n<td style=\"padding: 10px;\">Vid\u0113jais garums 240 mm (saska\u0146\u0101 ar EN 455-2)<\/td>\n<\/tr>\n<tr style=\"border-bottom: 1px solid #ddd;\">\n<td style=\"padding: 10px;\">Iek\u0161\u0113jais p\u0101rkl\u0101jums<\/td>\n<td style=\"padding: 10px;\">Bez p\u016bdera<\/td>\n<\/tr>\n<tr style=\"border-bottom: 1px solid #ddd;\">\n<td style=\"padding: 10px;\">Pl\u012bsuma iztur\u012bba<\/td>\n<td style=\"padding: 10px;\">\u2265 6,4 N (saska\u0146\u0101 ar EN 455-2)<\/td>\n<\/tr>\n<tr style=\"border-bottom: 1px solid #ddd;\">\n<td style=\"padding: 10px;\">Piem\u0113rot\u012bba saskarei ar p\u0101rtiku<\/td>\n<td style=\"padding: 10px;\">Atbilst ES reglamentam 1935\/2004<\/td>\n<\/tr>\n<\/tbody>\n<\/table>\n<p>&nbsp;<\/p>","protected":false},"excerpt":{"rendered":"<h5>Nitrila vienreiz\u0113j\u0101s lieto\u0161anas cimdi, melni<\/h5>\n<p>\u0160ie kvalitat\u012bvie nitrila vienreiz\u0113jie cimdi ir ide\u0101ls risin\u0101jums medic\u012bnas, p\u0101rtikas r\u016bpniec\u012bbas, tetov\u0113\u0161anas meistariem, skaistumkop\u0161anas speci\u0101listiem un manik\u012bra veiklai. Tie ir iztur\u012bgi pret \u0137imik\u0101lij\u0101m un pl\u012bsumiem, nodro\u0161inot uzticamu aizsardz\u012bbu, un, pateicoties lateksa un p\u016bdera neesam\u012bbai, piem\u0113roti pat jut\u012bgai \u0101dai. Tekstur\u0113tais virsmas materi\u0101ls garant\u0113 lielisku sa\u0137eri un precizit\u0101ti jebkura darba laik\u0101. Eleganta meln\u0101 kr\u0101sa ir gan praktiska, gan est\u0113tiska!<\/p>","protected":false},"featured_media":7338,"comment_status":"open","ping_status":"closed","template":"","meta":[],"product_brand":[293],"product_cat":[311,191],"product_tag":[296],"class_list":{"0":"post-7337","1":"product","2":"type-product","3":"status-publish","4":"has-post-thumbnail","6":"product_brand-aldena","7":"product_cat-higiena","8":"product_cat-vienkartines-pirstines","9":"product_tag-populiarus-produktai-greitai-isparduodama","11":"first","12":"instock","13":"shipping-taxable","14":"purchasable","15":"product-type-variable"},"_links":{"self":[{"href":"https:\/\/geliai.lt\/lv\/wp-json\/wp\/v2\/product\/7337","targetHints":{"allow":["GET"]}}],"collection":[{"href":"https:\/\/geliai.lt\/lv\/wp-json\/wp\/v2\/product"}],"about":[{"href":"https:\/\/geliai.lt\/lv\/wp-json\/wp\/v2\/types\/product"}],"replies":[{"embeddable":true,"href":"https:\/\/geliai.lt\/lv\/wp-json\/wp\/v2\/comments?post=7337"}],"version-history":[{"count":3,"href":"https:\/\/geliai.lt\/lv\/wp-json\/wp\/v2\/product\/7337\/revisions"}],"predecessor-version":[{"id":16681,"href":"https:\/\/geliai.lt\/lv\/wp-json\/wp\/v2\/product\/7337\/revisions\/16681"}],"wp:featuredmedia":[{"embeddable":true,"href":"https:\/\/geliai.lt\/lv\/wp-json\/wp\/v2\/media\/7338"}],"wp:attachment":[{"href":"https:\/\/geliai.lt\/lv\/wp-json\/wp\/v2\/media?parent=7337"}],"wp:term":[{"taxonomy":"product_brand","embeddable":true,"href":"https:\/\/geliai.lt\/lv\/wp-json\/wp\/v2\/product_brand?post=7337"},{"taxonomy":"product_cat","embeddable":true,"href":"https:\/\/geliai.lt\/lv\/wp-json\/wp\/v2\/product_cat?post=7337"},{"taxonomy":"product_tag","embeddable":true,"href":"https:\/\/geliai.lt\/lv\/wp-json\/wp\/v2\/product_tag?post=7337"}],"curies":[{"name":"wp","href":"https:\/\/api.w.org\/{rel}","templated":true}]}}