{"id":7173,"date":"2024-10-23T21:20:35","date_gmt":"2024-10-23T18:20:35","guid":{"rendered":"https:\/\/geliai.lt\/?post_type=product&#038;p=7173"},"modified":"2026-03-29T15:23:29","modified_gmt":"2026-03-29T12:23:29","slug":"monarhx-kresla-139","status":"publish","type":"product","link":"https:\/\/geliai.lt\/lv\/parduotuve\/aurora-collection\/monarx-nightfall-139\/","title":{"rendered":"Monarx Nightfall 139 \u2013 G\u0113la nagu laka"},"content":{"rendered":"","protected":false},"excerpt":{"rendered":"<h5>G\u0113la nagu laka \u2013 Monarx Nightfall 139<\/h5>\n<p>Ieniriet burv\u012bg\u0101 un pasaku piln\u0101 nakt\u012b ar dzi\u013ci zilo hibr\u012bda laku Nightfall. \u0160\u012b laka lieliski piem\u0113rota gan ies\u0101c\u0113jiem, gan nagu profesion\u0101\u013ciem, kas v\u0113las rad\u012bt neatk\u0101rtojamu manik\u012bru.<\/p>","protected":false},"featured_media":16685,"comment_status":"open","ping_status":"closed","template":"","meta":[],"product_brand":[290],"product_cat":[252,178,580],"product_tag":[],"class_list":{"0":"post-7173","1":"product","2":"type-product","3":"status-publish","4":"has-post-thumbnail","6":"product_brand-monarx-nails","7":"product_cat-aurora-collection","8":"product_cat-geliniai-lakai","9":"product_cat-nagu-prieziura","11":"first","12":"instock","13":"shipping-taxable","14":"purchasable","15":"product-type-simple"},"_links":{"self":[{"href":"https:\/\/geliai.lt\/lv\/wp-json\/wp\/v2\/product\/7173","targetHints":{"allow":["GET"]}}],"collection":[{"href":"https:\/\/geliai.lt\/lv\/wp-json\/wp\/v2\/product"}],"about":[{"href":"https:\/\/geliai.lt\/lv\/wp-json\/wp\/v2\/types\/product"}],"replies":[{"embeddable":true,"href":"https:\/\/geliai.lt\/lv\/wp-json\/wp\/v2\/comments?post=7173"}],"version-history":[{"count":3,"href":"https:\/\/geliai.lt\/lv\/wp-json\/wp\/v2\/product\/7173\/revisions"}],"predecessor-version":[{"id":16686,"href":"https:\/\/geliai.lt\/lv\/wp-json\/wp\/v2\/product\/7173\/revisions\/16686"}],"wp:featuredmedia":[{"embeddable":true,"href":"https:\/\/geliai.lt\/lv\/wp-json\/wp\/v2\/media\/16685"}],"wp:attachment":[{"href":"https:\/\/geliai.lt\/lv\/wp-json\/wp\/v2\/media?parent=7173"}],"wp:term":[{"taxonomy":"product_brand","embeddable":true,"href":"https:\/\/geliai.lt\/lv\/wp-json\/wp\/v2\/product_brand?post=7173"},{"taxonomy":"product_cat","embeddable":true,"href":"https:\/\/geliai.lt\/lv\/wp-json\/wp\/v2\/product_cat?post=7173"},{"taxonomy":"product_tag","embeddable":true,"href":"https:\/\/geliai.lt\/lv\/wp-json\/wp\/v2\/product_tag?post=7173"}],"curies":[{"name":"wp","href":"https:\/\/api.w.org\/{rel}","templated":true}]}}