{"id":7167,"date":"2024-10-23T20:21:10","date_gmt":"2024-10-23T17:21:10","guid":{"rendered":"https:\/\/geliai.lt\/?post_type=product&#038;p=7167"},"modified":"2026-02-26T19:16:04","modified_gmt":"2026-02-26T17:16:04","slug":"monarx-vilnis-140","status":"publish","type":"product","link":"https:\/\/geliai.lt\/lv\/parduotuve\/aurora-collection\/monarx-wave-140\/","title":{"rendered":"Monarx Wave 140 \u2013 G\u0113la nagu laka"},"content":{"rendered":"","protected":false},"excerpt":{"rendered":"<h5>G\u0113la nagu laka \u2013 Monarx Wave 140<\/h5>\n<p>Pla\u0161a piegriezuma d\u017einsi, bl\u016bzes \u2013 kas tavai stilam v\u0113l pietr\u016bkst? Protams, stil\u012bgs manik\u012brs ar \u0161o miglaino zilo to\u0146u p\u0101rkl\u0101jumu! Hibr\u012bda laka Wave lieliski piem\u0113rota gan ies\u0101c\u0113jiem, gan nagu profesion\u0101\u013ciem.<\/p>","protected":false},"featured_media":16691,"comment_status":"open","ping_status":"closed","template":"","meta":[],"product_brand":[290],"product_cat":[252,178,580],"product_tag":[],"class_list":{"0":"post-7167","1":"product","2":"type-product","3":"status-publish","4":"has-post-thumbnail","6":"product_brand-monarx-nails","7":"product_cat-aurora-collection","8":"product_cat-geliniai-lakai","9":"product_cat-nagu-prieziura","11":"first","12":"outofstock","13":"shipping-taxable","14":"purchasable","15":"product-type-simple"},"_links":{"self":[{"href":"https:\/\/geliai.lt\/lv\/wp-json\/wp\/v2\/product\/7167","targetHints":{"allow":["GET"]}}],"collection":[{"href":"https:\/\/geliai.lt\/lv\/wp-json\/wp\/v2\/product"}],"about":[{"href":"https:\/\/geliai.lt\/lv\/wp-json\/wp\/v2\/types\/product"}],"replies":[{"embeddable":true,"href":"https:\/\/geliai.lt\/lv\/wp-json\/wp\/v2\/comments?post=7167"}],"version-history":[{"count":3,"href":"https:\/\/geliai.lt\/lv\/wp-json\/wp\/v2\/product\/7167\/revisions"}],"predecessor-version":[{"id":16692,"href":"https:\/\/geliai.lt\/lv\/wp-json\/wp\/v2\/product\/7167\/revisions\/16692"}],"wp:featuredmedia":[{"embeddable":true,"href":"https:\/\/geliai.lt\/lv\/wp-json\/wp\/v2\/media\/16691"}],"wp:attachment":[{"href":"https:\/\/geliai.lt\/lv\/wp-json\/wp\/v2\/media?parent=7167"}],"wp:term":[{"taxonomy":"product_brand","embeddable":true,"href":"https:\/\/geliai.lt\/lv\/wp-json\/wp\/v2\/product_brand?post=7167"},{"taxonomy":"product_cat","embeddable":true,"href":"https:\/\/geliai.lt\/lv\/wp-json\/wp\/v2\/product_cat?post=7167"},{"taxonomy":"product_tag","embeddable":true,"href":"https:\/\/geliai.lt\/lv\/wp-json\/wp\/v2\/product_tag?post=7167"}],"curies":[{"name":"wp","href":"https:\/\/api.w.org\/{rel}","templated":true}]}}