{"id":7152,"date":"2024-10-23T17:01:04","date_gmt":"2024-10-23T14:01:04","guid":{"rendered":"https:\/\/geliai.lt\/?post_type=product&#038;p=7152"},"modified":"2026-02-26T19:19:26","modified_gmt":"2026-02-26T17:19:26","slug":"monarha-amulets-142","status":"publish","type":"product","link":"https:\/\/geliai.lt\/lv\/parduotuve\/aurora-collection\/monarx-amulet-142\/","title":{"rendered":"Monarx Amulet 142 \u2013 G\u0113la nagu laka"},"content":{"rendered":"","protected":false},"excerpt":{"rendered":"<h5>G\u0113la nagu laka \u2013 Monarx Amulet 142<\/h5>\n<p>Izveidojiet savu jauno izskatu ar \u0161o spilgti zilgan-zilo hibr\u012bda produktu! Amulet ir lieliski piem\u0113rots gan ies\u0101c\u0113jiem, gan profesion\u0101\u013ciem, kuri v\u0113las izpaust savu rado\u0161umu.<\/p>\n<p>Intens\u012bva, sp\u012bd\u012bga kr\u0101sa izce\u013cas un piesaista uzman\u012bbu. \u013baujiet savam stilam run\u0101t j\u016bsu viet\u0101 \u2013 ar Amulet j\u016bs varat rad\u012bt nevainojamu izskatu, kas atspogu\u013co j\u016bsu unikalit\u0101ti. Ieniriet \u0161aj\u0101 br\u012bni\u0161\u0137\u012bgaj\u0101 kr\u0101s\u0101 un \u013caujiet savai rado\u0161umam k\u013c\u016bt par \u012bstu m\u0101kslas darbu!<\/p>","protected":false},"featured_media":16703,"comment_status":"open","ping_status":"closed","template":"","meta":[],"product_brand":[290],"product_cat":[252,178,580],"product_tag":[],"class_list":{"0":"post-7152","1":"product","2":"type-product","3":"status-publish","4":"has-post-thumbnail","6":"product_brand-monarx-nails","7":"product_cat-aurora-collection","8":"product_cat-geliniai-lakai","9":"product_cat-nagu-prieziura","11":"first","12":"instock","13":"shipping-taxable","14":"purchasable","15":"product-type-simple"},"_links":{"self":[{"href":"https:\/\/geliai.lt\/lv\/wp-json\/wp\/v2\/product\/7152","targetHints":{"allow":["GET"]}}],"collection":[{"href":"https:\/\/geliai.lt\/lv\/wp-json\/wp\/v2\/product"}],"about":[{"href":"https:\/\/geliai.lt\/lv\/wp-json\/wp\/v2\/types\/product"}],"replies":[{"embeddable":true,"href":"https:\/\/geliai.lt\/lv\/wp-json\/wp\/v2\/comments?post=7152"}],"version-history":[{"count":3,"href":"https:\/\/geliai.lt\/lv\/wp-json\/wp\/v2\/product\/7152\/revisions"}],"predecessor-version":[{"id":16704,"href":"https:\/\/geliai.lt\/lv\/wp-json\/wp\/v2\/product\/7152\/revisions\/16704"}],"wp:featuredmedia":[{"embeddable":true,"href":"https:\/\/geliai.lt\/lv\/wp-json\/wp\/v2\/media\/16703"}],"wp:attachment":[{"href":"https:\/\/geliai.lt\/lv\/wp-json\/wp\/v2\/media?parent=7152"}],"wp:term":[{"taxonomy":"product_brand","embeddable":true,"href":"https:\/\/geliai.lt\/lv\/wp-json\/wp\/v2\/product_brand?post=7152"},{"taxonomy":"product_cat","embeddable":true,"href":"https:\/\/geliai.lt\/lv\/wp-json\/wp\/v2\/product_cat?post=7152"},{"taxonomy":"product_tag","embeddable":true,"href":"https:\/\/geliai.lt\/lv\/wp-json\/wp\/v2\/product_tag?post=7152"}],"curies":[{"name":"wp","href":"https:\/\/api.w.org\/{rel}","templated":true}]}}