{"id":7136,"date":"2024-10-23T13:51:20","date_gmt":"2024-10-23T10:51:20","guid":{"rendered":"https:\/\/geliai.lt\/?post_type=product&#038;p=7136"},"modified":"2026-02-26T19:19:42","modified_gmt":"2026-02-26T17:19:42","slug":"monarx-amber-157","status":"publish","type":"product","link":"https:\/\/geliai.lt\/lv\/parduotuve\/geliniai-lakai\/monarx-amber-157\/","title":{"rendered":"Monarx Amber 157 \u2013 G\u0113la nagu laka"},"content":{"rendered":"","protected":false},"excerpt":{"rendered":"<h5>G\u0113la nagu laka \u2013 Monarx Amber 157<\/h5>\n<p>\u0160\u012b bag\u0101t\u012bgi br\u016bn\u0101 ar sarkaniem to\u0146iem \u201eAmber\u201c nagu laka ir tik silta un m\u0101j\u012bga k\u0101 tava m\u012b\u013c\u0101k\u0101 b\u0113rn\u012bbas l\u0101\u010da ka\u017eoks! Kr\u0113m\u012bg\u0101s konsistences laka pie\u0161\u0137ir nagiem greznu, maigi mirdzo\u0161u virsmu, kas ide\u0101li piem\u0113rota aukst\u0101m dien\u0101m, kad alkst p\u0113c m\u0101j\u012bguma un siltuma.<\/p>\n<p>Ar \u201eAmber\u201c nagu laku tavs manik\u012brs k\u013c\u016bs par \u012bstu komforta un stila apvienojumu!<\/p>","protected":false},"featured_media":16709,"comment_status":"open","ping_status":"closed","template":"","meta":[],"product_brand":[290],"product_cat":[178,251,580],"product_tag":[],"class_list":{"0":"post-7136","1":"product","2":"type-product","3":"status-publish","4":"has-post-thumbnail","6":"product_brand-monarx-nails","7":"product_cat-geliniai-lakai","8":"product_cat-lipstick-collection","9":"product_cat-nagu-prieziura","11":"first","12":"instock","13":"shipping-taxable","14":"purchasable","15":"product-type-simple"},"_links":{"self":[{"href":"https:\/\/geliai.lt\/lv\/wp-json\/wp\/v2\/product\/7136","targetHints":{"allow":["GET"]}}],"collection":[{"href":"https:\/\/geliai.lt\/lv\/wp-json\/wp\/v2\/product"}],"about":[{"href":"https:\/\/geliai.lt\/lv\/wp-json\/wp\/v2\/types\/product"}],"replies":[{"embeddable":true,"href":"https:\/\/geliai.lt\/lv\/wp-json\/wp\/v2\/comments?post=7136"}],"version-history":[{"count":3,"href":"https:\/\/geliai.lt\/lv\/wp-json\/wp\/v2\/product\/7136\/revisions"}],"predecessor-version":[{"id":16710,"href":"https:\/\/geliai.lt\/lv\/wp-json\/wp\/v2\/product\/7136\/revisions\/16710"}],"wp:featuredmedia":[{"embeddable":true,"href":"https:\/\/geliai.lt\/lv\/wp-json\/wp\/v2\/media\/16709"}],"wp:attachment":[{"href":"https:\/\/geliai.lt\/lv\/wp-json\/wp\/v2\/media?parent=7136"}],"wp:term":[{"taxonomy":"product_brand","embeddable":true,"href":"https:\/\/geliai.lt\/lv\/wp-json\/wp\/v2\/product_brand?post=7136"},{"taxonomy":"product_cat","embeddable":true,"href":"https:\/\/geliai.lt\/lv\/wp-json\/wp\/v2\/product_cat?post=7136"},{"taxonomy":"product_tag","embeddable":true,"href":"https:\/\/geliai.lt\/lv\/wp-json\/wp\/v2\/product_tag?post=7136"}],"curies":[{"name":"wp","href":"https:\/\/api.w.org\/{rel}","templated":true}]}}