{"id":7133,"date":"2024-10-23T13:31:36","date_gmt":"2024-10-23T10:31:36","guid":{"rendered":"https:\/\/geliai.lt\/?post_type=product&#038;p=7133"},"modified":"2026-02-26T19:19:58","modified_gmt":"2026-02-26T17:19:58","slug":"monarha-engelis-153","status":"publish","type":"product","link":"https:\/\/geliai.lt\/lv\/parduotuve\/geliniai-lakai\/monarx-angel-153\/","title":{"rendered":"Monarx Angel 153 \u2013 G\u0113la nagu laka"},"content":{"rendered":"","protected":false},"excerpt":{"rendered":"<h5>G\u0113la nagu laka \u2013 Monarx Angel 153<\/h5>\n<p>Aukst\u0101 ton\u012b balin\u0101t\u0101 gai\u0161i roz\u0101 \u201cAngel\u201d hibr\u012bd\u0101 laka atg\u0101dina aps\u0113sto princeses porcel\u0101na \u0101du un vissmalk\u0101k\u0101s ro\u017eu ziedlapi\u0146as. \u0160is smalkais, elegants tonis pie\u0161\u0137ir nagiem izcilu maigumu un grezn\u012bbu, lieliski piem\u0113rots gan ikdienas t\u0113lam, gan \u012bpa\u0161iem notikumiem.<\/p>\n<p>\u201cHibr\u012bda laka \u2018Angel\u2019 pal\u012bdz\u0113s atkl\u0101t tavu iek\u0161\u0113jo eleganci un skaistumu, \u013caujot justies k\u0101 \u012bstai pasaku varonei!\u201d<\/p>","protected":false},"featured_media":16711,"comment_status":"open","ping_status":"closed","template":"","meta":[],"product_brand":[290],"product_cat":[178,251,580],"product_tag":[],"class_list":{"0":"post-7133","1":"product","2":"type-product","3":"status-publish","4":"has-post-thumbnail","6":"product_brand-monarx-nails","7":"product_cat-geliniai-lakai","8":"product_cat-lipstick-collection","9":"product_cat-nagu-prieziura","11":"first","12":"instock","13":"shipping-taxable","14":"purchasable","15":"product-type-simple"},"_links":{"self":[{"href":"https:\/\/geliai.lt\/lv\/wp-json\/wp\/v2\/product\/7133","targetHints":{"allow":["GET"]}}],"collection":[{"href":"https:\/\/geliai.lt\/lv\/wp-json\/wp\/v2\/product"}],"about":[{"href":"https:\/\/geliai.lt\/lv\/wp-json\/wp\/v2\/types\/product"}],"replies":[{"embeddable":true,"href":"https:\/\/geliai.lt\/lv\/wp-json\/wp\/v2\/comments?post=7133"}],"version-history":[{"count":2,"href":"https:\/\/geliai.lt\/lv\/wp-json\/wp\/v2\/product\/7133\/revisions"}],"predecessor-version":[{"id":16712,"href":"https:\/\/geliai.lt\/lv\/wp-json\/wp\/v2\/product\/7133\/revisions\/16712"}],"wp:featuredmedia":[{"embeddable":true,"href":"https:\/\/geliai.lt\/lv\/wp-json\/wp\/v2\/media\/16711"}],"wp:attachment":[{"href":"https:\/\/geliai.lt\/lv\/wp-json\/wp\/v2\/media?parent=7133"}],"wp:term":[{"taxonomy":"product_brand","embeddable":true,"href":"https:\/\/geliai.lt\/lv\/wp-json\/wp\/v2\/product_brand?post=7133"},{"taxonomy":"product_cat","embeddable":true,"href":"https:\/\/geliai.lt\/lv\/wp-json\/wp\/v2\/product_cat?post=7133"},{"taxonomy":"product_tag","embeddable":true,"href":"https:\/\/geliai.lt\/lv\/wp-json\/wp\/v2\/product_tag?post=7133"}],"curies":[{"name":"wp","href":"https:\/\/api.w.org\/{rel}","templated":true}]}}