{"id":7130,"date":"2024-10-23T12:54:41","date_gmt":"2024-10-23T09:54:41","guid":{"rendered":"https:\/\/geliai.lt\/?post_type=product&#038;p=7130"},"modified":"2026-02-26T19:20:21","modified_gmt":"2026-02-26T17:20:21","slug":"monarx-atmosfera-156","status":"publish","type":"product","link":"https:\/\/geliai.lt\/lv\/parduotuve\/geliniai-lakai\/monarx-atmosphere-156\/","title":{"rendered":"Monarx Atmosphere 156 \u2013 G\u0113la nagu laka"},"content":{"rendered":"","protected":false},"excerpt":{"rendered":"<h5>G\u0113la nagu laka \u2013 Monarx Atmosphere 156<\/h5>\n<p>Visu pavasar\u012b ziedo\u0161o koku skaistums iem\u016b\u017ein\u0101ts vien\u0101 pudel\u012bt\u0113 \u2013 t\u0101 ir hibr\u012bd\u0101 laka \u201cAtmosphere\u201d. Maigi miglainais paste\u013croz\u0101 tonis smalki atg\u0101dina pavasara ziedus, pie\u0161\u0137irot taviem nagiem svaigumu un eleganci.<\/p>\n<p>\u0160\u012b laka ir lieliska izv\u0113le tiem, kas nov\u0113rt\u0113 minim\u0101listisku, bet izteiksm\u012bgu stilu. Ide\u0101li gan ikdienai, gan \u012bpa\u0161iem notikumiem, \u201cAtmosphere\u201d pie\u0161\u0137irs tav\u0101m nag\u0101m greznu un ilgnotur\u012bgu sp\u012bdumu, kas noteikti piesaist\u012bs visas acis. \u013bauj savam manik\u012bram izstarot maigu pavasara noska\u0146u!<\/p>","protected":false},"featured_media":16713,"comment_status":"open","ping_status":"closed","template":"","meta":[],"product_brand":[290],"product_cat":[178,251,580],"product_tag":[],"class_list":{"0":"post-7130","1":"product","2":"type-product","3":"status-publish","4":"has-post-thumbnail","6":"product_brand-monarx-nails","7":"product_cat-geliniai-lakai","8":"product_cat-lipstick-collection","9":"product_cat-nagu-prieziura","11":"first","12":"instock","13":"shipping-taxable","14":"purchasable","15":"product-type-simple"},"_links":{"self":[{"href":"https:\/\/geliai.lt\/lv\/wp-json\/wp\/v2\/product\/7130","targetHints":{"allow":["GET"]}}],"collection":[{"href":"https:\/\/geliai.lt\/lv\/wp-json\/wp\/v2\/product"}],"about":[{"href":"https:\/\/geliai.lt\/lv\/wp-json\/wp\/v2\/types\/product"}],"replies":[{"embeddable":true,"href":"https:\/\/geliai.lt\/lv\/wp-json\/wp\/v2\/comments?post=7130"}],"version-history":[{"count":3,"href":"https:\/\/geliai.lt\/lv\/wp-json\/wp\/v2\/product\/7130\/revisions"}],"predecessor-version":[{"id":16714,"href":"https:\/\/geliai.lt\/lv\/wp-json\/wp\/v2\/product\/7130\/revisions\/16714"}],"wp:featuredmedia":[{"embeddable":true,"href":"https:\/\/geliai.lt\/lv\/wp-json\/wp\/v2\/media\/16713"}],"wp:attachment":[{"href":"https:\/\/geliai.lt\/lv\/wp-json\/wp\/v2\/media?parent=7130"}],"wp:term":[{"taxonomy":"product_brand","embeddable":true,"href":"https:\/\/geliai.lt\/lv\/wp-json\/wp\/v2\/product_brand?post=7130"},{"taxonomy":"product_cat","embeddable":true,"href":"https:\/\/geliai.lt\/lv\/wp-json\/wp\/v2\/product_cat?post=7130"},{"taxonomy":"product_tag","embeddable":true,"href":"https:\/\/geliai.lt\/lv\/wp-json\/wp\/v2\/product_tag?post=7130"}],"curies":[{"name":"wp","href":"https:\/\/api.w.org\/{rel}","templated":true}]}}