{"id":7123,"date":"2024-10-22T22:09:19","date_gmt":"2024-10-22T19:09:19","guid":{"rendered":"https:\/\/geliai.lt\/?post_type=product&#038;p=7123"},"modified":"2026-02-26T19:21:14","modified_gmt":"2026-02-26T17:21:14","slug":"monarx-oderejums-154","status":"publish","type":"product","link":"https:\/\/geliai.lt\/lv\/parduotuve\/geliniai-lakai\/monarx-lining-154\/","title":{"rendered":"Monarx Lining 154 \u2013 G\u0113la nagu laka"},"content":{"rendered":"","protected":false},"excerpt":{"rendered":"<h5>G\u0113la nagu laka \u2013 Monarx Lining 154<\/h5>\n<p>Dari to, ko neviens cits nedara. Esi rado\u0161s sav\u0101 veid\u0101 un \u013cauj saviem nagiem k\u013c\u016bt par \u012bstu \u0161edevru. \u0160is sul\u012bgais ogu tonis k\u013c\u016bs par tava drosmes un unik\u0101lit\u0101tes avotu. Hibr\u012bd\u0101 laka \u201cLining\u201d ir lieliska izv\u0113le gan ies\u0101c\u0113jiem, gan profesion\u0101\u013ciem, nodro\u0161inot ne tikai nevainojamu rezult\u0101tu, bet ar\u012b ilgnotur\u012bgu sp\u012bdumu.<\/p>\n<p>Rot\u0101 savus nagus ar \u0161o izcil\u0101 ogu to\u0146a laku un izce\u013cies katr\u0101 sol\u012b!<\/p>","protected":false},"featured_media":16719,"comment_status":"open","ping_status":"closed","template":"","meta":[],"product_brand":[290],"product_cat":[178,251,580],"product_tag":[],"class_list":{"0":"post-7123","1":"product","2":"type-product","3":"status-publish","4":"has-post-thumbnail","6":"product_brand-monarx-nails","7":"product_cat-geliniai-lakai","8":"product_cat-lipstick-collection","9":"product_cat-nagu-prieziura","11":"first","12":"instock","13":"shipping-taxable","14":"purchasable","15":"product-type-simple"},"_links":{"self":[{"href":"https:\/\/geliai.lt\/lv\/wp-json\/wp\/v2\/product\/7123","targetHints":{"allow":["GET"]}}],"collection":[{"href":"https:\/\/geliai.lt\/lv\/wp-json\/wp\/v2\/product"}],"about":[{"href":"https:\/\/geliai.lt\/lv\/wp-json\/wp\/v2\/types\/product"}],"replies":[{"embeddable":true,"href":"https:\/\/geliai.lt\/lv\/wp-json\/wp\/v2\/comments?post=7123"}],"version-history":[{"count":3,"href":"https:\/\/geliai.lt\/lv\/wp-json\/wp\/v2\/product\/7123\/revisions"}],"predecessor-version":[{"id":16758,"href":"https:\/\/geliai.lt\/lv\/wp-json\/wp\/v2\/product\/7123\/revisions\/16758"}],"wp:featuredmedia":[{"embeddable":true,"href":"https:\/\/geliai.lt\/lv\/wp-json\/wp\/v2\/media\/16719"}],"wp:attachment":[{"href":"https:\/\/geliai.lt\/lv\/wp-json\/wp\/v2\/media?parent=7123"}],"wp:term":[{"taxonomy":"product_brand","embeddable":true,"href":"https:\/\/geliai.lt\/lv\/wp-json\/wp\/v2\/product_brand?post=7123"},{"taxonomy":"product_cat","embeddable":true,"href":"https:\/\/geliai.lt\/lv\/wp-json\/wp\/v2\/product_cat?post=7123"},{"taxonomy":"product_tag","embeddable":true,"href":"https:\/\/geliai.lt\/lv\/wp-json\/wp\/v2\/product_tag?post=7123"}],"curies":[{"name":"wp","href":"https:\/\/api.w.org\/{rel}","templated":true}]}}