{"id":7104,"date":"2024-10-22T20:32:11","date_gmt":"2024-10-22T17:32:11","guid":{"rendered":"https:\/\/geliai.lt\/?post_type=product&#038;p=7104"},"modified":"2026-02-26T19:24:27","modified_gmt":"2026-02-26T17:24:27","slug":"monarhs-maca-127","status":"publish","type":"product","link":"https:\/\/geliai.lt\/lv\/parduotuve\/geliniai-lakai\/monarx-matcha-127\/","title":{"rendered":"Monarx Matcha 127 \u2013 G\u0113la nagu laka"},"content":{"rendered":"","protected":false},"excerpt":{"rendered":"<h5>G\u0113la nagu laka \u2013 Monarx Matcha 127<\/h5>\n<p>Esi akt\u012bvs un pilns sp\u0113ka pat p\u0113c garas darba dienas ar m\u016bsu Matcha hibr\u012bda nagu laku. Maiga za\u013c\u0101 kr\u0101sa ar zelta sp\u012bdumu pie\u0161\u0137ir taviem nagiem eleganci un unik\u0101lu izskatu.<\/p>\n<p>\u0160\u012b laka ne tikai iepriecina acis, bet ar\u012b pal\u012bdz izteikt j\u016bsu ener\u0123iju un pozit\u012bvismu. Ieniriet Matcha pasaul\u0113 un \u013caujiet saviem nagiem sp\u012bd\u0113t katr\u0101 sol\u012b!<\/p>","protected":false},"featured_media":16731,"comment_status":"open","ping_status":"closed","template":"","meta":[],"product_brand":[290],"product_cat":[178,250,580],"product_tag":[],"class_list":{"0":"post-7104","1":"product","2":"type-product","3":"status-publish","4":"has-post-thumbnail","6":"product_brand-monarx-nails","7":"product_cat-geliniai-lakai","8":"product_cat-hollywood-collection","9":"product_cat-nagu-prieziura","11":"first","12":"outofstock","13":"shipping-taxable","14":"purchasable","15":"product-type-simple"},"_links":{"self":[{"href":"https:\/\/geliai.lt\/lv\/wp-json\/wp\/v2\/product\/7104","targetHints":{"allow":["GET"]}}],"collection":[{"href":"https:\/\/geliai.lt\/lv\/wp-json\/wp\/v2\/product"}],"about":[{"href":"https:\/\/geliai.lt\/lv\/wp-json\/wp\/v2\/types\/product"}],"replies":[{"embeddable":true,"href":"https:\/\/geliai.lt\/lv\/wp-json\/wp\/v2\/comments?post=7104"}],"version-history":[{"count":3,"href":"https:\/\/geliai.lt\/lv\/wp-json\/wp\/v2\/product\/7104\/revisions"}],"predecessor-version":[{"id":16732,"href":"https:\/\/geliai.lt\/lv\/wp-json\/wp\/v2\/product\/7104\/revisions\/16732"}],"wp:featuredmedia":[{"embeddable":true,"href":"https:\/\/geliai.lt\/lv\/wp-json\/wp\/v2\/media\/16731"}],"wp:attachment":[{"href":"https:\/\/geliai.lt\/lv\/wp-json\/wp\/v2\/media?parent=7104"}],"wp:term":[{"taxonomy":"product_brand","embeddable":true,"href":"https:\/\/geliai.lt\/lv\/wp-json\/wp\/v2\/product_brand?post=7104"},{"taxonomy":"product_cat","embeddable":true,"href":"https:\/\/geliai.lt\/lv\/wp-json\/wp\/v2\/product_cat?post=7104"},{"taxonomy":"product_tag","embeddable":true,"href":"https:\/\/geliai.lt\/lv\/wp-json\/wp\/v2\/product_tag?post=7104"}],"curies":[{"name":"wp","href":"https:\/\/api.w.org\/{rel}","templated":true}]}}