{"id":6797,"date":"2024-10-16T12:59:14","date_gmt":"2024-10-16T09:59:14","guid":{"rendered":"https:\/\/geliai.lt\/?post_type=product&#038;p=6797"},"modified":"2026-05-07T19:22:16","modified_gmt":"2026-05-07T16:22:16","slug":"monarx-gumijas-pamatne","status":"publish","type":"product","link":"https:\/\/geliai.lt\/lv\/parduotuve\/bazes-ir-topai\/monarx-rubber-base\/","title":{"rendered":"Rubber Base \u2013 b\u0101zes g\u0113la sl\u0101nis"},"content":{"rendered":"<ul>\n<li>\n<p data-path-to-node=\"1,0,0\"><b data-path-to-node=\"1,0,0\" data-index-in-node=\"0\">Dro\u0161\u012bba un rekonstrukcija<\/b> \u2013 Formula bez hema un TPO, bez kait\u012bgiem monom\u0113riem, ir dro\u0161a dab\u012bgajiem nagiem, nodro\u0161ina to rekonstrukciju un efekt\u012bvu stiprin\u0101\u0161anu.<\/p>\n<\/li>\n<li>\n<p data-path-to-node=\"1,1,0\"><b data-path-to-node=\"1,1,0\" data-index-in-node=\"0\">Profesion\u0101la elast\u012bba<\/b> \u2013 uzticama un elast\u012bga b\u0101ze, kas ide\u0101li piem\u0113rota nagu pl\u0101ksnes izl\u012bdzin\u0101\u0161anai, nodro\u0161inot perfektu formu un \u0113rtu uzkl\u0101\u0161anu katru reizi.<\/p>\n<\/li>\n<li>\n<p data-path-to-node=\"1,2,0\"><b data-path-to-node=\"1,2,0\" data-index-in-node=\"0\">Maksim\u0101la iztur\u012bba<\/b> \u2013 iztur\u012bbas defin\u012bcija j\u016bsu manik\u012bram, garant\u0113jot nevainojamu sa\u0137eri un saglab\u0101jot perfektu stilu bez jebk\u0101das atsperes.<\/p>\n<\/li>\n<\/ul>","protected":false},"excerpt":{"rendered":"<h3>Gumijas pamatne<\/h3>\n<p>\u0160\u012b caursp\u012bd\u012bg\u0101 b\u0101ze no Monarx lieliski piem\u0113rota hibr\u012bdlakiem, geliem un akriliem. Vid\u0113jas biezuma konsistence nodro\u0161ina efekt\u012bvu pastiprin\u0101\u0161anu, atjauno\u0161anu un pagarin\u0101\u0161anu, savuk\u0101rt t\u0101s \u012bpa\u0161\u012bbas aizsarg\u0101 no meh\u0101niskiem boj\u0101jumiem, pal\u012bdzot uztur\u0113t un pagarin\u0101t laku iztur\u012bbu.<\/p>\n<p>Turkl\u0101t \u0161im produktam ir pa\u0161sabalans\u0113jo\u0161as \u012bpa\u0161\u012bbas, kas \u013cauj viegli un vienm\u0113r\u012bgi p\u0101rkl\u0101t virsmu, nodro\u0161inot nevainojamu rezult\u0101tu. Tas lieliski piem\u0113rots k\u0101 pagarin\u0101\u0161anas \u017eelejas b\u0101ze, \u013caujot veidot un sacietin\u0101t nagu pl\u0101ksn\u012bti, t\u0101d\u0113j\u0101di nov\u0113r\u0161ot traumas vai nagu l\u016bzumus. Ar t\u0101 pal\u012bdz\u012bbu iesp\u0113jams nedaudz pagarin\u0101t nagus (2\u20133 mm).<\/p>","protected":false},"featured_media":11603,"comment_status":"open","ping_status":"closed","template":"","meta":[],"product_brand":[290],"product_cat":[179,580,212],"product_tag":[296],"class_list":{"0":"post-6797","1":"product","2":"type-product","3":"status-publish","4":"has-post-thumbnail","6":"product_brand-monarx-nails","7":"product_cat-bazes-ir-topai","8":"product_cat-nagu-prieziura","9":"product_cat-skaidrios-bazes","10":"product_tag-populiarus-produktai-greitai-isparduodama","12":"first","13":"instock","14":"shipping-taxable","15":"purchasable","16":"product-type-variable"},"_links":{"self":[{"href":"https:\/\/geliai.lt\/lv\/wp-json\/wp\/v2\/product\/6797","targetHints":{"allow":["GET"]}}],"collection":[{"href":"https:\/\/geliai.lt\/lv\/wp-json\/wp\/v2\/product"}],"about":[{"href":"https:\/\/geliai.lt\/lv\/wp-json\/wp\/v2\/types\/product"}],"replies":[{"embeddable":true,"href":"https:\/\/geliai.lt\/lv\/wp-json\/wp\/v2\/comments?post=6797"}],"version-history":[{"count":5,"href":"https:\/\/geliai.lt\/lv\/wp-json\/wp\/v2\/product\/6797\/revisions"}],"predecessor-version":[{"id":14758,"href":"https:\/\/geliai.lt\/lv\/wp-json\/wp\/v2\/product\/6797\/revisions\/14758"}],"wp:featuredmedia":[{"embeddable":true,"href":"https:\/\/geliai.lt\/lv\/wp-json\/wp\/v2\/media\/11603"}],"wp:attachment":[{"href":"https:\/\/geliai.lt\/lv\/wp-json\/wp\/v2\/media?parent=6797"}],"wp:term":[{"taxonomy":"product_brand","embeddable":true,"href":"https:\/\/geliai.lt\/lv\/wp-json\/wp\/v2\/product_brand?post=6797"},{"taxonomy":"product_cat","embeddable":true,"href":"https:\/\/geliai.lt\/lv\/wp-json\/wp\/v2\/product_cat?post=6797"},{"taxonomy":"product_tag","embeddable":true,"href":"https:\/\/geliai.lt\/lv\/wp-json\/wp\/v2\/product_tag?post=6797"}],"curies":[{"name":"wp","href":"https:\/\/api.w.org\/{rel}","templated":true}]}}