{"id":6747,"date":"2024-10-15T21:34:31","date_gmt":"2024-10-15T18:34:31","guid":{"rendered":"https:\/\/geliai.lt\/?post_type=product&#038;p=6747"},"modified":"2026-02-26T19:25:55","modified_gmt":"2026-02-26T17:25:55","slug":"monarh-sokolade-162","status":"publish","type":"product","link":"https:\/\/geliai.lt\/lv\/parduotuve\/chocolate-collection\/monarx-chocolate-162\/","title":{"rendered":"Monarx Chocolate 162 \u2013 G\u0113la nagu laka"},"content":{"rendered":"","protected":false},"excerpt":{"rendered":"<h5>G\u0113la nagu laka \u2013 Monarx Chocolate 162<\/h5>\n<p>\u0160okol\u0101des br\u016bns tonis hibr\u012bda laka pudel\u012bt\u0113? Pareizi! \u201eChocolate\u201c ir akselent\u0101 piena \u0161okol\u0101des kvintesence, rad\u012bta \u012bstiem elegantu to\u0146u cien\u012bt\u0101jiem. M\u0113s nevaram pretoties \u0161im \u0161okol\u0101des trakumam, kas j\u016bsu manik\u012bram pie\u0161\u0137irs \u012bpa\u0161u siltumu un izsmalcin\u0101t\u012bbu. Ieniriet \u0161aj\u0101 \u0161okol\u0101des eliks\u012br\u0101 un \u013caujiet saviem nagiem mirdz\u0113t sald\u0101 piln\u012bb\u0101!<\/p>","protected":false},"featured_media":16743,"comment_status":"open","ping_status":"closed","template":"","meta":[],"product_brand":[290],"product_cat":[216,178,580],"product_tag":[296],"class_list":{"0":"post-6747","1":"product","2":"type-product","3":"status-publish","4":"has-post-thumbnail","6":"product_brand-monarx-nails","7":"product_cat-chocolate-collection","8":"product_cat-geliniai-lakai","9":"product_cat-nagu-prieziura","10":"product_tag-populiarus-produktai-greitai-isparduodama","12":"first","13":"outofstock","14":"shipping-taxable","15":"purchasable","16":"product-type-simple"},"_links":{"self":[{"href":"https:\/\/geliai.lt\/lv\/wp-json\/wp\/v2\/product\/6747","targetHints":{"allow":["GET"]}}],"collection":[{"href":"https:\/\/geliai.lt\/lv\/wp-json\/wp\/v2\/product"}],"about":[{"href":"https:\/\/geliai.lt\/lv\/wp-json\/wp\/v2\/types\/product"}],"replies":[{"embeddable":true,"href":"https:\/\/geliai.lt\/lv\/wp-json\/wp\/v2\/comments?post=6747"}],"version-history":[{"count":3,"href":"https:\/\/geliai.lt\/lv\/wp-json\/wp\/v2\/product\/6747\/revisions"}],"predecessor-version":[{"id":16744,"href":"https:\/\/geliai.lt\/lv\/wp-json\/wp\/v2\/product\/6747\/revisions\/16744"}],"wp:featuredmedia":[{"embeddable":true,"href":"https:\/\/geliai.lt\/lv\/wp-json\/wp\/v2\/media\/16743"}],"wp:attachment":[{"href":"https:\/\/geliai.lt\/lv\/wp-json\/wp\/v2\/media?parent=6747"}],"wp:term":[{"taxonomy":"product_brand","embeddable":true,"href":"https:\/\/geliai.lt\/lv\/wp-json\/wp\/v2\/product_brand?post=6747"},{"taxonomy":"product_cat","embeddable":true,"href":"https:\/\/geliai.lt\/lv\/wp-json\/wp\/v2\/product_cat?post=6747"},{"taxonomy":"product_tag","embeddable":true,"href":"https:\/\/geliai.lt\/lv\/wp-json\/wp\/v2\/product_tag?post=6747"}],"curies":[{"name":"wp","href":"https:\/\/api.w.org\/{rel}","templated":true}]}}