{"id":6705,"date":"2024-10-15T11:36:26","date_gmt":"2024-10-15T08:36:26","guid":{"rendered":"https:\/\/geliai.lt\/?post_type=product&#038;p=6705"},"modified":"2026-02-26T19:34:22","modified_gmt":"2026-02-26T17:34:22","slug":"monarhs-kaktuss-123","status":"publish","type":"product","link":"https:\/\/geliai.lt\/lv\/parduotuve\/geliniai-lakai\/monarx-cactus-123\/","title":{"rendered":"Monarx Cactus 123 \u2013 G\u0113la nagu laka"},"content":{"rendered":"<ul>\n<li>\n<p data-path-to-node=\"2,0,0\"><b data-path-to-node=\"2,0,0\" data-index-in-node=\"0\">Dro\u0161\u012bba bez kompromisiem<\/b> \u2013 Formula bez hema un TPO, bez kait\u012bgiem monom\u0113riem, kas izstr\u0101d\u0101ta, lai samazin\u0101tu aler\u0123iju risku un nodro\u0161in\u0101tu dro\u0161u darbu.<\/p>\n<\/li>\n<li>\n<p data-path-to-node=\"2,1,0\"><b data-path-to-node=\"2,1,0\" data-index-in-node=\"0\">Augsta pigment\u0101cija<\/b> \u2013 pies\u0101tin\u0101ta kr\u0101sa vienm\u0113r\u012bgi p\u0101rkl\u0101j nagu pl\u0101ksni, \u017e\u016bstot nesaraujas un \u013cauj sasniegt nevainojamu rezult\u0101tu.<\/p>\n<\/li>\n<li>\n<p data-path-to-node=\"2,2,0\"><b data-path-to-node=\"2,2,0\" data-index-in-node=\"0\">Profesion\u0101la vad\u012bba<\/b> \u2013 optim\u0101l\u0101 konsistence \u013cauj lakai pa\u0161izl\u012bdzin\u0101ties un nodro\u0161ina ilgsto\u0161u manik\u012bru, kas saglab\u0101jas l\u012bdz pat 4 ned\u0113\u013c\u0101m bez \u0161\u0137emb\u0101m vai plais\u0101\u0161anas.<\/p>\n<\/li>\n<\/ul>","protected":false},"excerpt":{"rendered":"<h5>G\u0113la nagu laka \u2013 Monarx Cactus 123<\/h5>\n<p>\u201eCactus\u201c ir hibr\u012bda laka dzi\u013c\u0101 smaragda ton\u012b, kas priec\u0113 ar eleganci un izsmalcin\u0101t\u012bbu. \u0160\u012b kr\u0101sa pie\u0161\u0137irs j\u016bsu manik\u012bram izcilu klasi un smalki papildin\u0101s jebkuru stilu. \u013baujiet \u201eCactus\u201c k\u013c\u016bt par j\u016bsu stila akcentu, kas izce\u013c grezn\u012bbu un individualit\u0101ti katr\u0101 sol\u012b.<\/p>","protected":false},"featured_media":15857,"comment_status":"open","ping_status":"closed","template":"","meta":[],"product_brand":[290],"product_cat":[178,215,580],"product_tag":[],"class_list":{"0":"post-6705","1":"product","2":"type-product","3":"status-publish","4":"has-post-thumbnail","6":"product_brand-monarx-nails","7":"product_cat-geliniai-lakai","8":"product_cat-green-collection","9":"product_cat-nagu-prieziura","11":"first","12":"outofstock","13":"shipping-taxable","14":"purchasable","15":"product-type-simple"},"_links":{"self":[{"href":"https:\/\/geliai.lt\/lv\/wp-json\/wp\/v2\/product\/6705","targetHints":{"allow":["GET"]}}],"collection":[{"href":"https:\/\/geliai.lt\/lv\/wp-json\/wp\/v2\/product"}],"about":[{"href":"https:\/\/geliai.lt\/lv\/wp-json\/wp\/v2\/types\/product"}],"replies":[{"embeddable":true,"href":"https:\/\/geliai.lt\/lv\/wp-json\/wp\/v2\/comments?post=6705"}],"version-history":[{"count":3,"href":"https:\/\/geliai.lt\/lv\/wp-json\/wp\/v2\/product\/6705\/revisions"}],"predecessor-version":[{"id":15858,"href":"https:\/\/geliai.lt\/lv\/wp-json\/wp\/v2\/product\/6705\/revisions\/15858"}],"wp:featuredmedia":[{"embeddable":true,"href":"https:\/\/geliai.lt\/lv\/wp-json\/wp\/v2\/media\/15857"}],"wp:attachment":[{"href":"https:\/\/geliai.lt\/lv\/wp-json\/wp\/v2\/media?parent=6705"}],"wp:term":[{"taxonomy":"product_brand","embeddable":true,"href":"https:\/\/geliai.lt\/lv\/wp-json\/wp\/v2\/product_brand?post=6705"},{"taxonomy":"product_cat","embeddable":true,"href":"https:\/\/geliai.lt\/lv\/wp-json\/wp\/v2\/product_cat?post=6705"},{"taxonomy":"product_tag","embeddable":true,"href":"https:\/\/geliai.lt\/lv\/wp-json\/wp\/v2\/product_tag?post=6705"}],"curies":[{"name":"wp","href":"https:\/\/api.w.org\/{rel}","templated":true}]}}