{"id":17164,"date":"2026-05-07T19:37:23","date_gmt":"2026-05-07T16:37:23","guid":{"rendered":"https:\/\/geliai.lt\/?post_type=product&#038;p=17164"},"modified":"2026-05-07T19:37:24","modified_gmt":"2026-05-07T16:37:24","slug":"strong-base-bazinis-gelio-sluoksnis","status":"publish","type":"product","link":"https:\/\/geliai.lt\/lv\/parduotuve\/bazes-ir-topai\/strong-base-bazinis-gelio-sluoksnis\/","title":{"rendered":"Strong Base &#8211; bazinis gelio sluoksnis"},"content":{"rendered":"<h3 data-section-id=\"1jj1z16\" data-start=\"321\" data-end=\"362\">Maksimalus tvirtumas ir sustiprinimas<\/h3>\n<p data-start=\"363\" data-end=\"594\">Vidutinio tir\u0161tumo, savaime i\u0161silyginanti konsistencija puikiai priglunda prie nat\u016bralaus nago, sustiprina j\u012f ir pagerina med\u017eiagos sukibim\u0105. Baz\u0117 idealiai tinka naudoti po ilgalaikiu geliniu lakavimu bei lengvam nago modeliavimui.<\/p>\n<h3 data-section-id=\"1s8mas9\" data-start=\"596\" data-end=\"619\">Galven\u0101s iez\u012bmes<\/h3>\n<ul data-start=\"620\" data-end=\"893\">\n<li data-section-id=\"njx10x\" data-start=\"620\" data-end=\"663\">HEMA ir TPO FREE formul\u0117 \u2013 saugesn\u0117 odai;<\/li>\n<li data-section-id=\"c0rhj7\" data-start=\"664\" data-end=\"709\">stiprus sukibimas ir ilgalaikis rezultatas;<\/li>\n<li data-section-id=\"w7xalc\" data-start=\"710\" data-end=\"746\">stiprina nat\u016brali\u0105 nago plok\u0161tel\u0119;<\/li>\n<li data-section-id=\"kx2hol\" data-start=\"747\" data-end=\"805\">vidutinio tir\u0161tumo, savaime i\u0161silyginanti konsistencija;<\/li>\n<li data-section-id=\"1uqfuw\" data-start=\"806\" data-end=\"856\">skaidri (clear) spalva \u2013 universalus naudojimas;<\/li>\n<li data-section-id=\"17zw06e\" data-start=\"857\" data-end=\"893\">apsaugo nuo oro tarp\u0173 ir at\u0161okim\u0173.<\/li>\n<\/ul>\n<h3 data-section-id=\"tbx3ei\" data-start=\"895\" data-end=\"908\">Paskirtis<\/h3>\n<ul data-start=\"909\" data-end=\"1076\">\n<li data-section-id=\"fdf5xe\" data-start=\"909\" data-end=\"945\">baz\u0117 po hibridiniu (geliniu) laku;<\/li>\n<li data-section-id=\"efjlmv\" data-start=\"946\" data-end=\"986\">puikiai tinka kaip pagrindas po geliu;<\/li>\n<li data-section-id=\"mtw5e6\" data-start=\"987\" data-end=\"1016\">nat\u016brali\u0173 nag\u0173 stiprinimui;<\/li>\n<li data-section-id=\"cqbtjv\" data-start=\"1017\" data-end=\"1045\">lengvam nag\u0173 modeliavimui;<\/li>\n<li data-section-id=\"1klzgfr\" data-start=\"1046\" data-end=\"1076\">nago pavir\u0161iaus i\u0161lyginimui.<\/li>\n<\/ul>\n<h3 data-section-id=\"bt7w0a\" data-start=\"1078\" data-end=\"1104\">Tehnisk\u0101 specifik\u0101cija<\/h3>\n<ul data-start=\"1105\" data-end=\"1256\">\n<li data-section-id=\"h757ay\" data-start=\"1105\" data-end=\"1139\">Tipas: hibridin\u0117 baz\u0117 (skaidri);<\/li>\n<li data-section-id=\"1k24fvr\" data-start=\"1140\" data-end=\"1166\">Formul\u0117: be HEMA ir TPO;<\/li>\n<li data-section-id=\"uhji7\" data-start=\"1167\" data-end=\"1226\">Konsistencija: vidutinio tir\u0161tumo, savaime i\u0161silyginanti;<\/li>\n<li data-section-id=\"ktkvez\" data-start=\"1227\" data-end=\"1256\">Kietinimas: UV\/LED lempoje.<\/li>\n<\/ul>\n<h3 data-section-id=\"wwsfc8\" data-start=\"1258\" data-end=\"1273\">Kam skirta?<\/h3>\n<p data-start=\"1274\" data-end=\"1385\">Produktas skirtas profesionalioms nag\u0173 meistr\u0117ms, gro\u017eio salonams bei maniki\u016br\u0105 namuose atliekan\u010dioms moterims.<\/p>\n<h3 data-section-id=\"1tl9lz4\" data-start=\"1387\" data-end=\"1423\">Kod\u0117l verta rinktis STRONG BASE?<\/h3>\n<p data-start=\"1424\" data-end=\"1578\">Baz\u0117 u\u017etikrina ilgalaik\u012f maniki\u016br\u0105 be at\u0161okim\u0173, sustiprina nagus ir suteikia didesn\u012f komfort\u0105 darbo metu, garantuodama nepriekai\u0161ting\u0105 galutin\u012f rezultat\u0105.<\/p>\n<p data-start=\"1580\" data-end=\"1676\">\u26a0\ufe0f <strong data-start=\"1583\" data-end=\"1605\">Svarbi informacija<\/strong><br data-start=\"1605\" data-end=\"1608\" \/>Produktas skirtas profesionaliam naudojimui. Vengti kontakto su oda.<\/p>","protected":false},"excerpt":{"rendered":"<p data-start=\"0\" data-end=\"53\"><strong data-start=\"0\" data-end=\"53\">Clear STRONG BASE hibridin\u0117 baz\u0117 \u2013 be HEMA ir TPO<\/strong><\/p>\n<p data-start=\"55\" data-end=\"319\">Profesionali Clear STRONG BASE hibridin\u0117 baz\u0117 \u2013 puikus pasirinkimas ie\u0161kantiems ilgaam\u017ei\u0161kumo, lankstumo ir saugesn\u0117s formul\u0117s. HEMA ir TPO FREE sud\u0117tis sukurta siekiant suma\u017einti sudirgim\u0173 bei alergini\u0173 reakcij\u0173 rizik\u0105, tod\u0117l tinka net jautresnei nago plok\u0161telei.<\/p>","protected":false},"featured_media":17165,"comment_status":"open","ping_status":"closed","template":"","meta":[],"product_brand":[290],"product_cat":[179,580,212],"product_tag":[],"class_list":{"0":"post-17164","1":"product","2":"type-product","3":"status-publish","4":"has-post-thumbnail","6":"product_brand-monarx-nails","7":"product_cat-bazes-ir-topai","8":"product_cat-nagu-prieziura","9":"product_cat-skaidrios-bazes","11":"first","12":"instock","13":"shipping-taxable","14":"purchasable","15":"product-type-variable"},"_links":{"self":[{"href":"https:\/\/geliai.lt\/lv\/wp-json\/wp\/v2\/product\/17164","targetHints":{"allow":["GET"]}}],"collection":[{"href":"https:\/\/geliai.lt\/lv\/wp-json\/wp\/v2\/product"}],"about":[{"href":"https:\/\/geliai.lt\/lv\/wp-json\/wp\/v2\/types\/product"}],"replies":[{"embeddable":true,"href":"https:\/\/geliai.lt\/lv\/wp-json\/wp\/v2\/comments?post=17164"}],"version-history":[{"count":1,"href":"https:\/\/geliai.lt\/lv\/wp-json\/wp\/v2\/product\/17164\/revisions"}],"predecessor-version":[{"id":17170,"href":"https:\/\/geliai.lt\/lv\/wp-json\/wp\/v2\/product\/17164\/revisions\/17170"}],"wp:featuredmedia":[{"embeddable":true,"href":"https:\/\/geliai.lt\/lv\/wp-json\/wp\/v2\/media\/17165"}],"wp:attachment":[{"href":"https:\/\/geliai.lt\/lv\/wp-json\/wp\/v2\/media?parent=17164"}],"wp:term":[{"taxonomy":"product_brand","embeddable":true,"href":"https:\/\/geliai.lt\/lv\/wp-json\/wp\/v2\/product_brand?post=17164"},{"taxonomy":"product_cat","embeddable":true,"href":"https:\/\/geliai.lt\/lv\/wp-json\/wp\/v2\/product_cat?post=17164"},{"taxonomy":"product_tag","embeddable":true,"href":"https:\/\/geliai.lt\/lv\/wp-json\/wp\/v2\/product_tag?post=17164"}],"curies":[{"name":"wp","href":"https:\/\/api.w.org\/{rel}","templated":true}]}}