{"id":16603,"date":"2026-02-25T13:26:22","date_gmt":"2026-02-25T11:26:22","guid":{"rendered":"https:\/\/geliai.lt\/?post_type=product&#038;p=16603"},"modified":"2026-04-11T10:40:47","modified_gmt":"2026-04-11T07:40:47","slug":"viedas-bezpluksnu-salvetes-400-gab","status":"publish","type":"product","link":"https:\/\/geliai.lt\/lv\/parduotuve\/higiena\/serveteles-be-pukeliu-smart-400-vnt\/","title":{"rendered":"SMART salvetes bez pl\u016bksn\u0101m (400 gab.)"},"content":{"rendered":"<p><strong>Galven\u0101s \u012bpa\u0161\u012bbas:<\/strong><br data-start=\"20\" data-end=\"23\" \/>\u2022 100% bezpl\u016bksnu \u2013 neatst\u0101j atlikumus uz nagiem.<br data-start=\"70\" data-end=\"73\" \/>\u2022 Paredz\u0113ts profesion\u0101lai lieto\u0161anai manik\u012bra un pedik\u012bra proced\u016br\u0101s.<br data-start=\"144\" data-end=\"147\" \/>\u2022 M\u012bksts piesk\u0101rienam, pat\u012bkams \u0101dai.<br data-start=\"180\" data-end=\"183\" \/>\u2022 Labi uzs\u016bc mitrumu.<br data-start=\"302\" data-end=\"305\" \/>\u2022 Vienreiz\u0113jai lieto\u0161anai \u2013 piln\u012bgi higi\u0113niski.<br data-start=\"363\" data-end=\"366\" \/>\u2022 Izgatavots no v\u0113rpta materi\u0101la.<br data-start=\"401\" data-end=\"404\" \/>\u2022 Iepakojum\u0101 ir 400 gabali.<br data-start=\"426\" data-end=\"429\" \/>\u2022 Salvetes izm\u0113rs: 4,5 \u00d7 4,5 cm.<br data-start=\"462\" data-end=\"465\" \/>\u2022 Kr\u0101sa: balta.<br data-start=\"481\" data-end=\"484\" \/>\u2022 Iepakojuma izm\u0113rs: 5 \u00d7 16,2 cm.<\/p>","protected":false},"excerpt":{"rendered":"<h4>SMART bezpl\u016bksnu salvetes<\/h4>\n<p>Staleks bezpl\u016bksnu salvetes SMART (400 gab.) - profesion\u0101las salvetes manik\u012bram un pedik\u012bram, paredz\u0113tas nagu pl\u0101ksnes saudz\u012bgai t\u012br\u012b\u0161anai, g\u0113la lakas, akrila, biog\u0113la lip\u012bg\u0101 sl\u0101\u0146a no\u0146em\u0161anai bez pl\u016bksnu atlikumiem. Izgatavotas no spunbonda materi\u0101la, m\u012bkstas, labi uzs\u016bco\u0161as mitrumu un paredz\u0113tas vienreiz\u0113jai higi\u0113niskai lieto\u0161anai.<\/p>","protected":false},"featured_media":16605,"comment_status":"open","ping_status":"closed","template":"","meta":[],"product_brand":[591],"product_cat":[311,596],"product_tag":[],"class_list":{"0":"post-16603","1":"product","2":"type-product","3":"status-publish","4":"has-post-thumbnail","6":"product_brand-staleks","7":"product_cat-higiena","8":"product_cat-vienkartines-prekes","10":"first","11":"instock","12":"shipping-taxable","13":"purchasable","14":"product-type-simple"},"_links":{"self":[{"href":"https:\/\/geliai.lt\/lv\/wp-json\/wp\/v2\/product\/16603","targetHints":{"allow":["GET"]}}],"collection":[{"href":"https:\/\/geliai.lt\/lv\/wp-json\/wp\/v2\/product"}],"about":[{"href":"https:\/\/geliai.lt\/lv\/wp-json\/wp\/v2\/types\/product"}],"replies":[{"embeddable":true,"href":"https:\/\/geliai.lt\/lv\/wp-json\/wp\/v2\/comments?post=16603"}],"version-history":[{"count":3,"href":"https:\/\/geliai.lt\/lv\/wp-json\/wp\/v2\/product\/16603\/revisions"}],"predecessor-version":[{"id":16617,"href":"https:\/\/geliai.lt\/lv\/wp-json\/wp\/v2\/product\/16603\/revisions\/16617"}],"wp:featuredmedia":[{"embeddable":true,"href":"https:\/\/geliai.lt\/lv\/wp-json\/wp\/v2\/media\/16605"}],"wp:attachment":[{"href":"https:\/\/geliai.lt\/lv\/wp-json\/wp\/v2\/media?parent=16603"}],"wp:term":[{"taxonomy":"product_brand","embeddable":true,"href":"https:\/\/geliai.lt\/lv\/wp-json\/wp\/v2\/product_brand?post=16603"},{"taxonomy":"product_cat","embeddable":true,"href":"https:\/\/geliai.lt\/lv\/wp-json\/wp\/v2\/product_cat?post=16603"},{"taxonomy":"product_tag","embeddable":true,"href":"https:\/\/geliai.lt\/lv\/wp-json\/wp\/v2\/product_tag?post=16603"}],"curies":[{"name":"wp","href":"https:\/\/api.w.org\/{rel}","templated":true}]}}