{"id":16594,"date":"2026-02-25T11:53:12","date_gmt":"2026-02-25T09:53:12","guid":{"rendered":"https:\/\/geliai.lt\/?post_type=product&#038;p=16594"},"modified":"2026-02-25T11:53:13","modified_gmt":"2026-02-25T09:53:13","slug":"eksperta-114-x-10-mm-100-gab","status":"publish","type":"product","link":"https:\/\/geliai.lt\/lv\/parduotuve\/higiena\/expert-114-x-10-mm-100-vnt\/","title":{"rendered":"Koka depil\u0101cijas l\u0101psti\u0146as EXPERT 114 \u00d7 10 mm, 100 gab."},"content":{"rendered":"<p><strong>Galven\u0101s \u012bpa\u0161\u012bbas:<\/strong><br data-start=\"20\" data-end=\"23\" \/>\u2022 Paredz\u0113ts silta un karsta vaska uzkl\u0101\u0161anai.<br data-start=\"62\" data-end=\"65\" \/>\u2022 Izgatavots no dab\u012bga koka (b\u0113rza).<br data-start=\"109\" data-end=\"112\" \/>\u2022 Maigi pul\u0113ts, pat\u012bkams piesk\u0101rienam.<br data-start=\"149\" data-end=\"152\" \/>\u2022 Augsta elast\u012bba, iztur\u012bga pret l\u016bzumiem.<br data-start=\"191\" data-end=\"194\" \/>\u2022 Optim\u0101ls izm\u0113rs un forma \u0113rtai lieto\u0161anai.<br data-start=\"241\" data-end=\"244\" \/>\u2022 Viegli p\u0101rstr\u0101d\u0101jams.<br data-start=\"265\" data-end=\"268\" \/>\u2022 Tikai vienreiz\u0113jai lieto\u0161anai.<br data-start=\"383\" data-end=\"386\" \/>\u2022 Lieto individu\u0101li \u2013 palielina dro\u0161\u012bbu un nodro\u0161ina higi\u0113nas pras\u012bbu iev\u0113ro\u0161anu depil\u0101cijas laik\u0101.<\/p>","protected":false},"excerpt":{"rendered":"<h4>Koka depil\u0101cijas l\u0101psti\u0146as EKSPERTS<\/h4>\n<p>Staleks koka depil\u0101cijas l\u0101psti\u0146as EXPERT 114 \u00d7 10 mm, 100 gab. \u2013 vienreiz\u0113j\u0101s lieto\u0161anas koka l\u0101psti\u0146as silta un karsta vaska uzkl\u0101\u0161anai depil\u0101cijas laik\u0101. Izgatavotas no dab\u012bga b\u0113rza koka, maigi pul\u0113tas un iztur\u012bgas, t\u0101s \u0113rti un higi\u0113niski sadala vasku uz \u0101das un nodro\u0161ina dro\u0161u un profesion\u0101lu depil\u0101ciju. Iepakojum\u0101 100 gab.<\/p>","protected":false},"featured_media":16595,"comment_status":"open","ping_status":"closed","template":"","meta":[],"product_brand":[591],"product_cat":[311,596],"product_tag":[],"class_list":{"0":"post-16594","1":"product","2":"type-product","3":"status-publish","4":"has-post-thumbnail","6":"product_brand-staleks","7":"product_cat-higiena","8":"product_cat-vienkartines-prekes","10":"first","11":"instock","12":"shipping-taxable","13":"purchasable","14":"product-type-simple"},"_links":{"self":[{"href":"https:\/\/geliai.lt\/lv\/wp-json\/wp\/v2\/product\/16594","targetHints":{"allow":["GET"]}}],"collection":[{"href":"https:\/\/geliai.lt\/lv\/wp-json\/wp\/v2\/product"}],"about":[{"href":"https:\/\/geliai.lt\/lv\/wp-json\/wp\/v2\/types\/product"}],"replies":[{"embeddable":true,"href":"https:\/\/geliai.lt\/lv\/wp-json\/wp\/v2\/comments?post=16594"}],"version-history":[{"count":1,"href":"https:\/\/geliai.lt\/lv\/wp-json\/wp\/v2\/product\/16594\/revisions"}],"predecessor-version":[{"id":16597,"href":"https:\/\/geliai.lt\/lv\/wp-json\/wp\/v2\/product\/16594\/revisions\/16597"}],"wp:featuredmedia":[{"embeddable":true,"href":"https:\/\/geliai.lt\/lv\/wp-json\/wp\/v2\/media\/16595"}],"wp:attachment":[{"href":"https:\/\/geliai.lt\/lv\/wp-json\/wp\/v2\/media?parent=16594"}],"wp:term":[{"taxonomy":"product_brand","embeddable":true,"href":"https:\/\/geliai.lt\/lv\/wp-json\/wp\/v2\/product_brand?post=16594"},{"taxonomy":"product_cat","embeddable":true,"href":"https:\/\/geliai.lt\/lv\/wp-json\/wp\/v2\/product_cat?post=16594"},{"taxonomy":"product_tag","embeddable":true,"href":"https:\/\/geliai.lt\/lv\/wp-json\/wp\/v2\/product_tag?post=16594"}],"curies":[{"name":"wp","href":"https:\/\/api.w.org\/{rel}","templated":true}]}}