{"id":16589,"date":"2026-02-25T11:29:24","date_gmt":"2026-02-25T09:29:24","guid":{"rendered":"https:\/\/geliai.lt\/?post_type=product&#038;p=16589"},"modified":"2026-02-25T11:29:25","modified_gmt":"2026-02-25T09:29:25","slug":"expert-150-x-17-mm-100-vnt","status":"publish","type":"product","link":"https:\/\/geliai.lt\/lv\/parduotuve\/higiena\/expert-150-x-17-mm-100-vnt\/","title":{"rendered":"Koka depil\u0101cijas asme\u0146i EXPERT 150 \u00d7 17 mm, 100 gab."},"content":{"rendered":"<p><strong>Galven\u0101s \u012bpa\u0161\u012bbas:<\/strong><br data-start=\"20\" data-end=\"23\" \/>\u2022 Pagaminta i\u0161 nat\u016bralios medienos.<br data-start=\"58\" data-end=\"61\" \/>\u2022 Viegli p\u0101rstr\u0101d\u0101jams.<br data-start=\"82\" data-end=\"85\" \/>\u2022 Optim\u0101ls izm\u0113rs un forma \u0113rtai lieto\u0161anai.<br data-start=\"132\" data-end=\"135\" \/>\u2022 \u0160velniai nugludinta, tod\u0117l maloni liesti.<br data-start=\"178\" data-end=\"181\" \/>\u2022 Augsta elast\u012bba, iztur\u012bga pret l\u016bzumiem.<br data-start=\"220\" data-end=\"223\" \/>\u2022 Tikai vienreiz\u0113jai lieto\u0161anai.<br data-start=\"257\" data-end=\"260\" \/>\u2022 100 vnt. pakuot\u0117je.<\/p>","protected":false},"excerpt":{"rendered":"<h4>Medin\u0117s depiliacijos mentel\u0117s EXPERT<\/h4>\n<article class=\"text-token-text-primary w-full focus:outline-none [--shadow-height:45px] has-data-writing-block:pointer-events-none has-data-writing-block:-mt-(--shadow-height) has-data-writing-block:pt-(--shadow-height) [&amp;:has([data-writing-block])&gt;*]:pointer-events-auto scroll-mt-(--header-height)\" dir=\"auto\" tabindex=\"-1\" data-turn-id=\"1442a6fe-1272-46d1-8eea-06cec6d30af3\" data-testid=\"conversation-turn-97\" data-scroll-anchor=\"false\" data-turn=\"user\"><\/article>\n<article class=\"text-token-text-primary w-full focus:outline-none [--shadow-height:45px] has-data-writing-block:pointer-events-none has-data-writing-block:-mt-(--shadow-height) has-data-writing-block:pt-(--shadow-height) [&amp;:has([data-writing-block])&gt;*]:pointer-events-auto scroll-mt-[calc(var(--header-height)+min(200px,max(70px,20svh)))]\" dir=\"auto\" tabindex=\"-1\" data-turn-id=\"request-699ddb77-d134-8325-ae7a-ad387dc7948e-21\" data-testid=\"conversation-turn-98\" data-scroll-anchor=\"true\" data-turn=\"assistant\">\n<div class=\"text-base my-auto mx-auto pb-10 [--thread-content-margin:--spacing(4)] @w-sm\/main:[--thread-content-margin:--spacing(6)] @w-lg\/main:[--thread-content-margin:--spacing(16)] px-(--thread-content-margin)\">\n<div class=\"[--thread-content-max-width:40rem] @w-lg\/main:[--thread-content-max-width:48rem] mx-auto max-w-(--thread-content-max-width) flex-1 group\/turn-messages focus-visible:outline-hidden relative flex w-full min-w-0 flex-col agent-turn\" tabindex=\"-1\">\n<div class=\"flex max-w-full flex-col grow\">\n<div class=\"min-h-8 text-message relative flex w-full flex-col items-end gap-2 text-start break-words whitespace-normal [.text-message+&amp;]:mt-1\" dir=\"auto\" data-message-author-role=\"assistant\" data-message-id=\"7110cbca-2353-4c7c-9c4d-1c2e0d7ac9fb\" data-message-model-slug=\"gpt-5-mini\">\n<div class=\"flex w-full flex-col gap-1 empty:hidden first:pt-[1px]\">\n<div class=\"markdown prose dark:prose-invert w-full wrap-break-word dark markdown-new-styling\">\n<p data-start=\"0\" data-end=\"389\">Staleks medin\u0117s depiliacijos mentel\u0117s (va\u0161ko aplikatoriai) EXPERT 150 \u00d7 17 mm, 100 vnt. \u2013 tai vienkartin\u0117s medin\u0117s mentel\u0117s, skirtos va\u0161ko u\u017etepimui depiliacijos proced\u016br\u0173 metu. Pagamintos i\u0161 nat\u016bralios ber\u017eo medienos, \u0161velniai nugludintos ir tvirtos, jos u\u017etikrina tiksl\u0173, higieni\u0161k\u0105 darb\u0105 ir patog\u0173 va\u0161ko paskirstym\u0105 ant odos. Pakuot\u0117je yra 100 vnt.<\/p>\n<\/div>\n<\/div>\n<\/div>\n<\/div>\n<\/div>\n<\/div>\n<\/article>\n","protected":false},"featured_media":16590,"comment_status":"open","ping_status":"closed","template":"","meta":[],"product_brand":[591],"product_cat":[311,596],"product_tag":[],"class_list":{"0":"post-16589","1":"product","2":"type-product","3":"status-publish","4":"has-post-thumbnail","6":"product_brand-staleks","7":"product_cat-higiena","8":"product_cat-vienkartines-prekes","10":"first","11":"instock","12":"shipping-taxable","13":"purchasable","14":"product-type-simple"},"_links":{"self":[{"href":"https:\/\/geliai.lt\/lv\/wp-json\/wp\/v2\/product\/16589","targetHints":{"allow":["GET"]}}],"collection":[{"href":"https:\/\/geliai.lt\/lv\/wp-json\/wp\/v2\/product"}],"about":[{"href":"https:\/\/geliai.lt\/lv\/wp-json\/wp\/v2\/types\/product"}],"replies":[{"embeddable":true,"href":"https:\/\/geliai.lt\/lv\/wp-json\/wp\/v2\/comments?post=16589"}],"version-history":[{"count":1,"href":"https:\/\/geliai.lt\/lv\/wp-json\/wp\/v2\/product\/16589\/revisions"}],"predecessor-version":[{"id":16593,"href":"https:\/\/geliai.lt\/lv\/wp-json\/wp\/v2\/product\/16589\/revisions\/16593"}],"wp:featuredmedia":[{"embeddable":true,"href":"https:\/\/geliai.lt\/lv\/wp-json\/wp\/v2\/media\/16590"}],"wp:attachment":[{"href":"https:\/\/geliai.lt\/lv\/wp-json\/wp\/v2\/media?parent=16589"}],"wp:term":[{"taxonomy":"product_brand","embeddable":true,"href":"https:\/\/geliai.lt\/lv\/wp-json\/wp\/v2\/product_brand?post=16589"},{"taxonomy":"product_cat","embeddable":true,"href":"https:\/\/geliai.lt\/lv\/wp-json\/wp\/v2\/product_cat?post=16589"},{"taxonomy":"product_tag","embeddable":true,"href":"https:\/\/geliai.lt\/lv\/wp-json\/wp\/v2\/product_tag?post=16589"}],"curies":[{"name":"wp","href":"https:\/\/api.w.org\/{rel}","templated":true}]}}