{"id":16584,"date":"2026-02-25T10:48:25","date_gmt":"2026-02-25T08:48:25","guid":{"rendered":"https:\/\/geliai.lt\/?post_type=product&#038;p=16584"},"modified":"2026-03-04T06:47:37","modified_gmt":"2026-03-04T04:47:37","slug":"eksperts-110-mm-100-gab","status":"publish","type":"product","link":"https:\/\/geliai.lt\/lv\/parduotuve\/higiena\/expert-110-mm-100-vnt\/","title":{"rendered":"Oran\u017eas naglu n\u016bji\u0146as EXPERT 110 mm, 100 gab."},"content":{"rendered":"<p><strong>Galven\u0101s \u012bpa\u0161\u012bbas:<\/strong><br data-start=\"20\" data-end=\"23\" \/>\u2022 Optim\u0101ls izm\u0113rs un forma \u0113rtai lieto\u0161anai.<br data-start=\"70\" data-end=\"73\" \/>\u2022 Izgatavots no dab\u012bga koka.<br data-start=\"108\" data-end=\"111\" \/>\u2022 Sp\u0113c\u012bgs, ne\u0161\u0137e\u013c un neboj\u0101 naga pl\u0101ksni un kutikulas.<br data-start=\"171\" data-end=\"174\" \/>\u2022 Asi smaila, kas atvieglo da\u017e\u0101du proced\u016bru veik\u0161anu.<br data-start=\"238\" data-end=\"241\" \/>\u2022 Viegli p\u0101rstr\u0101d\u0101jams.<br data-start=\"262\" data-end=\"265\" \/>\u2022 Tikai vienreiz\u0113jai lieto\u0161anai.<br data-start=\"299\" data-end=\"302\" \/>\u2022 Lieto individu\u0101li \u2013 palielina dro\u0161\u012bbu un pal\u012bdz iev\u0113rot higi\u0113nas pras\u012bbas proced\u016bru laik\u0101.<\/p>","protected":false},"excerpt":{"rendered":"<h4>Apels\u012bnu n\u016bji\u0146as nagiem<\/h4>\n<p>Staleks apels\u012bnu koka irbul\u012b\u0161i EXPERT 110 mm, 100 gab. \u2013 vienreizlietojami koka irbul\u012b\u0161i manik\u012bram, paredz\u0113ti kutikulu no\u0146em\u0161anai un nagu kop\u0161anai. Izgatavoti no dab\u012bga koka, \u0113rt\u0101 form\u0101 un ar asu galu, tie nodro\u0161ina prec\u012bzu darbu un higi\u0113nisku proced\u016bru veik\u0161anu gan profesion\u0101\u013ciem, gan m\u0101j\u0101s.<\/p>","protected":false},"featured_media":16585,"comment_status":"open","ping_status":"closed","template":"","meta":[],"product_brand":[591],"product_cat":[311,596],"product_tag":[],"class_list":{"0":"post-16584","1":"product","2":"type-product","3":"status-publish","4":"has-post-thumbnail","6":"product_brand-staleks","7":"product_cat-higiena","8":"product_cat-vienkartines-prekes","10":"first","11":"instock","12":"shipping-taxable","13":"purchasable","14":"product-type-simple"},"_links":{"self":[{"href":"https:\/\/geliai.lt\/lv\/wp-json\/wp\/v2\/product\/16584","targetHints":{"allow":["GET"]}}],"collection":[{"href":"https:\/\/geliai.lt\/lv\/wp-json\/wp\/v2\/product"}],"about":[{"href":"https:\/\/geliai.lt\/lv\/wp-json\/wp\/v2\/types\/product"}],"replies":[{"embeddable":true,"href":"https:\/\/geliai.lt\/lv\/wp-json\/wp\/v2\/comments?post=16584"}],"version-history":[{"count":1,"href":"https:\/\/geliai.lt\/lv\/wp-json\/wp\/v2\/product\/16584\/revisions"}],"predecessor-version":[{"id":16588,"href":"https:\/\/geliai.lt\/lv\/wp-json\/wp\/v2\/product\/16584\/revisions\/16588"}],"wp:featuredmedia":[{"embeddable":true,"href":"https:\/\/geliai.lt\/lv\/wp-json\/wp\/v2\/media\/16585"}],"wp:attachment":[{"href":"https:\/\/geliai.lt\/lv\/wp-json\/wp\/v2\/media?parent=16584"}],"wp:term":[{"taxonomy":"product_brand","embeddable":true,"href":"https:\/\/geliai.lt\/lv\/wp-json\/wp\/v2\/product_brand?post=16584"},{"taxonomy":"product_cat","embeddable":true,"href":"https:\/\/geliai.lt\/lv\/wp-json\/wp\/v2\/product_cat?post=16584"},{"taxonomy":"product_tag","embeddable":true,"href":"https:\/\/geliai.lt\/lv\/wp-json\/wp\/v2\/product_tag?post=16584"}],"curies":[{"name":"wp","href":"https:\/\/api.w.org\/{rel}","templated":true}]}}