{"id":16535,"date":"2026-02-24T21:13:52","date_gmt":"2026-02-24T19:13:52","guid":{"rendered":"https:\/\/geliai.lt\/?post_type=product&#038;p=16535"},"modified":"2026-02-24T21:38:02","modified_gmt":"2026-02-24T19:38:02","slug":"staleks-nagu-un-kutikulas-ellas-lidzeklis-10-ml","status":"publish","type":"product","link":"https:\/\/geliai.lt\/lv\/parduotuve\/kuno-prieziura\/staleks-nagu-ir-odeliu-aliejus-treat-s-10-ml\/","title":{"rendered":"Staleks nagu un kutikulu e\u013c\u013ca Treat.S, 10 ml"},"content":{"rendered":"<p><strong>Galven\u0101s iez\u012bmes<\/strong><\/p>\n<p>\u2022 Piem\u0113rots ikdienas kop\u0161anai \u2013 vienk\u0101r\u0161i un efekt\u012bvi lietojams.<br data-start=\"60\" data-end=\"63\" \/>\u2022 Satur dabiskas izcelsmes e\u013c\u013cas.<br data-start=\"103\" data-end=\"106\" \/>\u2022 \u0112rta pudel\u012bte ar pipetes dozatoru nodro\u0161ina prec\u012bzu un higi\u0113nisku lieto\u0161anu.<br data-start=\"191\" data-end=\"194\" \/>\u2022 Viegli kl\u0101jas un neatst\u0101j taukainu sp\u012bdumu.<br data-start=\"247\" data-end=\"250\" \/>\u2022 Baro, m\u012bkstina kutikulas un stiprina nagus.<br data-start=\"296\" data-end=\"299\" \/>\u2022 Pies\u0101tina \u0101du ar vitam\u012bniem un antioksidantiem, veicina atjauno\u0161anos.<br data-start=\"367\" data-end=\"370\" \/>\u2022 Mitrina un nomierina \u0101du, pie\u0161\u0137irot tai koptu izskatu.<\/p>\n<p>Kods: NOT-10<\/p>","protected":false},"excerpt":{"rendered":"<h4>Staleks nagu un kutikulas e\u013c\u013cas kop\u0161anas l\u012bdzeklis<\/h4>\n<p>Staleks nagu un kutikulu e\u013c\u013ca &quot;Treat.S&quot; 10 ml ir ikdienas kop\u0161anas l\u012bdzeklis ar dab\u012bg\u0101m e\u013c\u013c\u0101m, kas baro un m\u012bkstina kutikulas un stiprina nagus. Viegl\u0101 formula \u0101tri ies\u016bcas, neatst\u0101j taukainu sp\u012bdumu, un \u0113rt\u0101 pudel\u012bte ar pipeti nodro\u0161ina prec\u012bzu un higi\u0113nisku lieto\u0161anu. E\u013c\u013ca mitrina \u0101du, pies\u0101tina to ar vitam\u012bniem un antioksidantiem, k\u0101 ar\u012b pal\u012bdz uztur\u0113t vesel\u012bgu, koptu nagu un kutikulu izskatu.<\/p>","protected":false},"featured_media":16536,"comment_status":"open","ping_status":"closed","template":"","meta":[],"product_brand":[591],"product_cat":[572,232],"product_tag":[],"class_list":{"0":"post-16535","1":"product","2":"type-product","3":"status-publish","4":"has-post-thumbnail","6":"product_brand-staleks","7":"product_cat-kuno-prieziura","8":"product_cat-nagams-odelems","10":"first","11":"instock","12":"shipping-taxable","13":"purchasable","14":"product-type-simple"},"_links":{"self":[{"href":"https:\/\/geliai.lt\/lv\/wp-json\/wp\/v2\/product\/16535","targetHints":{"allow":["GET"]}}],"collection":[{"href":"https:\/\/geliai.lt\/lv\/wp-json\/wp\/v2\/product"}],"about":[{"href":"https:\/\/geliai.lt\/lv\/wp-json\/wp\/v2\/types\/product"}],"replies":[{"embeddable":true,"href":"https:\/\/geliai.lt\/lv\/wp-json\/wp\/v2\/comments?post=16535"}],"version-history":[{"count":2,"href":"https:\/\/geliai.lt\/lv\/wp-json\/wp\/v2\/product\/16535\/revisions"}],"predecessor-version":[{"id":16542,"href":"https:\/\/geliai.lt\/lv\/wp-json\/wp\/v2\/product\/16535\/revisions\/16542"}],"wp:featuredmedia":[{"embeddable":true,"href":"https:\/\/geliai.lt\/lv\/wp-json\/wp\/v2\/media\/16536"}],"wp:attachment":[{"href":"https:\/\/geliai.lt\/lv\/wp-json\/wp\/v2\/media?parent=16535"}],"wp:term":[{"taxonomy":"product_brand","embeddable":true,"href":"https:\/\/geliai.lt\/lv\/wp-json\/wp\/v2\/product_brand?post=16535"},{"taxonomy":"product_cat","embeddable":true,"href":"https:\/\/geliai.lt\/lv\/wp-json\/wp\/v2\/product_cat?post=16535"},{"taxonomy":"product_tag","embeddable":true,"href":"https:\/\/geliai.lt\/lv\/wp-json\/wp\/v2\/product_tag?post=16535"}],"curies":[{"name":"wp","href":"https:\/\/api.w.org\/{rel}","templated":true}]}}