{"id":16476,"date":"2026-02-24T17:17:24","date_gmt":"2026-02-24T15:17:24","guid":{"rendered":"https:\/\/geliai.lt\/?post_type=product&#038;p=16476"},"modified":"2026-02-24T17:20:05","modified_gmt":"2026-02-24T15:20:05","slug":"eksperta-40-180-180-graudainiba-25-gab","status":"publish","type":"product","link":"https:\/\/geliai.lt\/lv\/parduotuve\/dildes\/expert-40-180-180-grit-25-vnt\/","title":{"rendered":"Nagu v\u012bl\u012bte EXPERT 40 180\/180 smiltis (25 gab.)"},"content":{"rendered":"<p><strong data-start=\"0\" data-end=\"23\" data-is-only-node=\"\">Galven\u0101s iez\u012bmes<\/strong><br data-start=\"23\" data-end=\"26\" \/>\u2022 Laivi\u0146as formas miner\u0101lu nagu v\u012ble.<br data-start=\"66\" data-end=\"69\" \/>\u2022 Divas darba virsmas \u2013 180\/180 graudain\u012bba.<br data-start=\"105\" data-end=\"108\" \/>\u2022 180 graudi \u2013 m\u0101ksl\u012bgo un dabisko nagu apstr\u0101dei.<br data-start=\"169\" data-end=\"172\" \/>\u2022 Izliekt\u0101 puse \u2013 da\u017e\u0101d\u0101m v\u012bl\u0113\u0161anas l\u012bnij\u0101m un kutikul\u0101m.<br data-start=\"239\" data-end=\"242\" \/>\u2022 Plat\u0101ka mala \u2013 naga br\u012bv\u0101s malas veido\u0161anai.<br data-start=\"296\" data-end=\"299\" \/>\u2022 \u013bauj maigi piel\u0101got dabisko un m\u0101ksl\u012bgo nagu formu, neboj\u0101jot pl\u0101ksni un neradot mikroplaisas.<br data-start=\"403\" data-end=\"406\" \/>\u2022 Manik\u012bram un pedik\u012bram.<br data-start=\"440\" data-end=\"443\" \/>\u2022 Izm\u0113rs: 162 \u00d7 25 mm.<br data-start=\"464\" data-end=\"467\" \/>\u2022 \u012apa\u0161s p\u0101rkl\u0101jums aizsarg\u0101 abraz\u012bvu no aizs\u0113r\u0113\u0161anas ar organiskiem putek\u013ciem.<br data-start=\"538\" data-end=\"541\" \/>\u2022 Pl\u0101ns putu sl\u0101nis samazina spiedienu uz naga pl\u0101ksni.<br data-start=\"605\" data-end=\"608\" \/>\u2022 Elast\u012bga plastmasas pamatne.<br data-start=\"641\" data-end=\"644\" \/>\u2022 Augstas kvalit\u0101tes abraz\u012bvs ilgsto\u0161i saglab\u0101 savas \u012bpa\u0161\u012bbas.<br data-start=\"694\" data-end=\"697\" \/>\u2022 Iepakojum\u0101 ir 25 gabali.<br data-start=\"718\" data-end=\"721\" \/>\u2022 Vienreizlietojamas.<\/p>","protected":false},"excerpt":{"rendered":"<h4>Laivi\u0146as formas miner\u0101lu nagu v\u012ble EXPERT<\/h4>\n<p>Laivi\u0146as formas miner\u0101l\u0101 nagu v\u012ble EXPERT 40. 180\/180 graudi (25 gab.) - profesion\u0101las v\u012bles ar 180 graudu abraz\u012bvu ab\u0101s pus\u0113s, paredz\u0113tas dabisko un m\u0101ksl\u012bgo nagu apstr\u0101dei un veido\u0161anai. Izliekt\u0101 forma \u013cauj prec\u012bzi v\u012bl\u0113t da\u017e\u0101dus st\u016brus un s\u0101nu zonas, \u012bpa\u0161s p\u0101rkl\u0101jums nov\u0113r\u0161 abraz\u012bva aizs\u0113r\u0113\u0161anu ar organiskiem putek\u013ciem, un pl\u0101ns putu sl\u0101nis samazina spiedienu uz naga pl\u0101ksni. Iepakojum\u0101 ir 25 gab., vienreizlietojamas, piem\u0113rotas manik\u012bram un pedik\u012bram.<\/p>","protected":false},"featured_media":16477,"comment_status":"open","ping_status":"closed","template":"","meta":[],"product_brand":[591],"product_cat":[300,288],"product_tag":[],"class_list":{"0":"post-16476","1":"product","2":"type-product","3":"status-publish","4":"has-post-thumbnail","6":"product_brand-staleks","7":"product_cat-dildes","8":"product_cat-instrumentai","10":"first","11":"instock","12":"shipping-taxable","13":"purchasable","14":"product-type-simple"},"_links":{"self":[{"href":"https:\/\/geliai.lt\/lv\/wp-json\/wp\/v2\/product\/16476","targetHints":{"allow":["GET"]}}],"collection":[{"href":"https:\/\/geliai.lt\/lv\/wp-json\/wp\/v2\/product"}],"about":[{"href":"https:\/\/geliai.lt\/lv\/wp-json\/wp\/v2\/types\/product"}],"replies":[{"embeddable":true,"href":"https:\/\/geliai.lt\/lv\/wp-json\/wp\/v2\/comments?post=16476"}],"version-history":[{"count":1,"href":"https:\/\/geliai.lt\/lv\/wp-json\/wp\/v2\/product\/16476\/revisions"}],"predecessor-version":[{"id":16478,"href":"https:\/\/geliai.lt\/lv\/wp-json\/wp\/v2\/product\/16476\/revisions\/16478"}],"wp:featuredmedia":[{"embeddable":true,"href":"https:\/\/geliai.lt\/lv\/wp-json\/wp\/v2\/media\/16477"}],"wp:attachment":[{"href":"https:\/\/geliai.lt\/lv\/wp-json\/wp\/v2\/media?parent=16476"}],"wp:term":[{"taxonomy":"product_brand","embeddable":true,"href":"https:\/\/geliai.lt\/lv\/wp-json\/wp\/v2\/product_brand?post=16476"},{"taxonomy":"product_cat","embeddable":true,"href":"https:\/\/geliai.lt\/lv\/wp-json\/wp\/v2\/product_cat?post=16476"},{"taxonomy":"product_tag","embeddable":true,"href":"https:\/\/geliai.lt\/lv\/wp-json\/wp\/v2\/product_tag?post=16476"}],"curies":[{"name":"wp","href":"https:\/\/api.w.org\/{rel}","templated":true}]}}