{"id":16434,"date":"2026-02-24T15:12:35","date_gmt":"2026-02-24T13:12:35","guid":{"rendered":"https:\/\/geliai.lt\/?post_type=product&#038;p=16434"},"modified":"2026-02-24T15:12:36","modified_gmt":"2026-02-24T13:12:36","slug":"expert-40-80-80-grit-25-vnt","status":"publish","type":"product","link":"https:\/\/geliai.lt\/lv\/parduotuve\/dildes\/expert-40-80-80-grit-25-vnt\/","title":{"rendered":"Laivi\u0146as formas miner\u0101l\u0101 nagu v\u012ble EXPERT 40 80\/80 graudi (25 gab.)"},"content":{"rendered":"<p><strong data-start=\"260\" data-end=\"283\">Galven\u0101s iez\u012bmes<\/strong><br data-start=\"283\" data-end=\"286\" \/>\u2022 Laivi\u0146as formas miner\u0101lu nagu v\u012ble.<br data-start=\"326\" data-end=\"329\" \/>\u2022 Du darbo pavir\u0161iai \u2013 80\/80 grit.<br data-start=\"363\" data-end=\"366\" \/>\u2022 Skirta darbui su dirbtin\u0117mis med\u017eiagomis: dangos \u0161alinimui, dirbtini\u0173 nag\u0173 ilgiui trumpinti, gelio ar akrilo sluoksni\u0173 \u0161alinimui.<br data-start=\"497\" data-end=\"500\" \/>\u2022 I\u0161lenkta pus\u0117 patogi \u012fvairioms dildinimo linijoms ir odel\u0117ms.<br data-start=\"563\" data-end=\"566\" \/>\u2022 Platesnis kra\u0161tas nag\u0173 laisvojo kra\u0161to formavimui.<br data-start=\"618\" data-end=\"621\" \/>\u2022 \u012apa\u0161s p\u0101rkl\u0101jums aizsarg\u0101 abraz\u012bvu no aizs\u0113r\u0113\u0161anas ar organiskiem putek\u013ciem.<br data-start=\"692\" data-end=\"695\" \/>\u2022 Pl\u0101ns putu sl\u0101nis samazina spiedienu uz naga pl\u0101ksni.<br data-start=\"759\" data-end=\"762\" \/>\u2022 Elast\u012bga plastmasas pamatne.<br data-start=\"795\" data-end=\"798\" \/>\u2022 Augstas kvalit\u0101tes abraz\u012bvs ilgsto\u0161i saglab\u0101 savas \u012bpa\u0161\u012bbas.<br data-start=\"848\" data-end=\"851\" \/>\u2022 Manik\u012bram un pedik\u012bram.<br data-start=\"885\" data-end=\"888\" \/>\u2022 Iepakojum\u0101 ir 25 gabali.<br data-start=\"909\" data-end=\"912\" \/>\u2022 Vienreizlietojamas.<\/p>","protected":false},"excerpt":{"rendered":"<h4>Laivi\u0146as formas miner\u0101lu nagu v\u012ble EXPERT<\/h4>\n<p>Laivi\u0146as formas miner\u0101l\u0101 nagu v\u012ble EXPERT 40 80\/80 grit (25 gab.) - profesion\u0101la v\u012bles versija ar vien\u0101du abraz\u012bvu ab\u0101s pus\u0113s (80 grit), kas paredz\u0113ta m\u0101ksl\u012bgo nagu p\u0101rkl\u0101jumu, g\u0113la vai akrila sl\u0101\u0146u efekt\u012bvai no\u0146em\u0161anai, nagu garuma sa\u012bsin\u0101\u0161anai un veido\u0161anai. Ergonomisk\u0101 laivi\u0146as forma \u013cauj \u0113rti apstr\u0101d\u0101t da\u017e\u0101dus st\u016brus un s\u0101nu zonas, un \u012bpa\u0161ais p\u0101rkl\u0101jums nov\u0113r\u0161 abraz\u012bva aizs\u0113r\u0113\u0161anu darba laik\u0101. Iepakojum\u0101 ir 25 gab., paredz\u0113tas vienreiz\u0113jai lieto\u0161anai manik\u012bra un pedik\u012bra proced\u016br\u0101s.<\/p>","protected":false},"featured_media":16435,"comment_status":"open","ping_status":"closed","template":"","meta":[],"product_brand":[591],"product_cat":[300,288],"product_tag":[],"class_list":{"0":"post-16434","1":"product","2":"type-product","3":"status-publish","4":"has-post-thumbnail","6":"product_brand-staleks","7":"product_cat-dildes","8":"product_cat-instrumentai","10":"first","11":"instock","12":"shipping-taxable","13":"purchasable","14":"product-type-simple"},"_links":{"self":[{"href":"https:\/\/geliai.lt\/lv\/wp-json\/wp\/v2\/product\/16434","targetHints":{"allow":["GET"]}}],"collection":[{"href":"https:\/\/geliai.lt\/lv\/wp-json\/wp\/v2\/product"}],"about":[{"href":"https:\/\/geliai.lt\/lv\/wp-json\/wp\/v2\/types\/product"}],"replies":[{"embeddable":true,"href":"https:\/\/geliai.lt\/lv\/wp-json\/wp\/v2\/comments?post=16434"}],"version-history":[{"count":1,"href":"https:\/\/geliai.lt\/lv\/wp-json\/wp\/v2\/product\/16434\/revisions"}],"predecessor-version":[{"id":16438,"href":"https:\/\/geliai.lt\/lv\/wp-json\/wp\/v2\/product\/16434\/revisions\/16438"}],"wp:featuredmedia":[{"embeddable":true,"href":"https:\/\/geliai.lt\/lv\/wp-json\/wp\/v2\/media\/16435"}],"wp:attachment":[{"href":"https:\/\/geliai.lt\/lv\/wp-json\/wp\/v2\/media?parent=16434"}],"wp:term":[{"taxonomy":"product_brand","embeddable":true,"href":"https:\/\/geliai.lt\/lv\/wp-json\/wp\/v2\/product_brand?post=16434"},{"taxonomy":"product_cat","embeddable":true,"href":"https:\/\/geliai.lt\/lv\/wp-json\/wp\/v2\/product_cat?post=16434"},{"taxonomy":"product_tag","embeddable":true,"href":"https:\/\/geliai.lt\/lv\/wp-json\/wp\/v2\/product_tag?post=16434"}],"curies":[{"name":"wp","href":"https:\/\/api.w.org\/{rel}","templated":true}]}}