{"id":16417,"date":"2026-02-24T13:46:42","date_gmt":"2026-02-24T11:46:42","guid":{"rendered":"https:\/\/geliai.lt\/?post_type=product&#038;p=16417"},"modified":"2026-02-24T14:01:11","modified_gmt":"2026-02-24T12:01:11","slug":"viles-expert-20-100-180-graudainiba-25-gab","status":"publish","type":"product","link":"https:\/\/geliai.lt\/lv\/parduotuve\/dildes\/dildes-expert-20-100-180-grit-25-vnt\/","title":{"rendered":"Taisnas miner\u0101lv\u012bles EXPERT 20 100\/180 graudi (25 gab.)"},"content":{"rendered":"<p><strong>Galven\u0101s iez\u012bmes<\/strong><br data-start=\"19\" data-end=\"22\" \/>\u2022 Taisna miner\u0101lu v\u012ble no Staleks \u2013 divas funkcijas vien\u0101 v\u012bl\u0113: dab\u012bgiem un m\u0101ksl\u012bgiem nagiem.<br data-start=\"129\" data-end=\"132\" \/>\u2022 100\u00a0graudi\u00a0\u2014 ciets abraz\u012bvs m\u0101ksl\u012bgo nagu veido\u0161anai, garuma korekcijai un virsmas sagatavo\u0161anai pirms pieaudz\u0113jumiem.<br data-start=\"258\" data-end=\"261\" \/>\u2022 180 graudu graudi \u2013 univers\u0101ls abraz\u012bvs, kas piem\u0113rots dab\u012bgajiem nagiem: veido\u0161anai, vieglai pul\u0113\u0161anai un sagatavo\u0161anai p\u0101rkl\u0101\u0161anai.<br data-start=\"381\" data-end=\"384\" \/>\u2022 \u012apa\u0161s p\u0101rkl\u0101jums nov\u0113r\u0161 abraz\u012bvu aizs\u0113r\u0113\u0161anu.<br data-start=\"432\" data-end=\"435\" \/>\u2022 Pl\u0101ns putu sl\u0101nis samazina spiedienu uz naga pl\u0101ksni.<br data-start=\"499\" data-end=\"502\" \/>\u2022 Augstas kvalit\u0101tes abraz\u012bvs ilgsto\u0161i saglab\u0101 savas \u012bpa\u0161\u012bbas.<br data-start=\"557\" data-end=\"560\" \/>\u2022 Maigi veido nagus.<\/p>","protected":false},"excerpt":{"rendered":"<h4>Taisnas miner\u0101lu v\u012bles<\/h4>\n<p>Taisnas miner\u0101lv\u012bles EXPERT 20, 100\/180 grit (25 gab.) - profesion\u0101ls nagu veido\u0161anas abraz\u012bvs ar div\u0101m abraz\u012bv\u0101m pus\u0113m: 100 grit ir paredz\u0113ts m\u0101ksl\u012bgo nagu garumam un formai, 180 grit - dabisko nagu veido\u0161anai, vieglai pul\u0113\u0161anai un sagatavo\u0161anai p\u0101rkl\u0101\u0161anai. \u012apa\u0161s p\u0101rkl\u0101jums nov\u0113r\u0161 abraz\u012bva aizs\u0113r\u0113\u0161anu, un pl\u0101ns putu sl\u0101nis samazina spiedienu uz naga pl\u0101ksni, nodro\u0161inot \u0113rtu darbu manik\u012bra un pedik\u012bra laik\u0101.<\/p>","protected":false},"featured_media":16420,"comment_status":"open","ping_status":"closed","template":"","meta":[],"product_brand":[591],"product_cat":[300,288],"product_tag":[],"class_list":{"0":"post-16417","1":"product","2":"type-product","3":"status-publish","4":"has-post-thumbnail","6":"product_brand-staleks","7":"product_cat-dildes","8":"product_cat-instrumentai","10":"first","11":"instock","12":"shipping-taxable","13":"purchasable","14":"product-type-simple"},"_links":{"self":[{"href":"https:\/\/geliai.lt\/lv\/wp-json\/wp\/v2\/product\/16417","targetHints":{"allow":["GET"]}}],"collection":[{"href":"https:\/\/geliai.lt\/lv\/wp-json\/wp\/v2\/product"}],"about":[{"href":"https:\/\/geliai.lt\/lv\/wp-json\/wp\/v2\/types\/product"}],"replies":[{"embeddable":true,"href":"https:\/\/geliai.lt\/lv\/wp-json\/wp\/v2\/comments?post=16417"}],"version-history":[{"count":3,"href":"https:\/\/geliai.lt\/lv\/wp-json\/wp\/v2\/product\/16417\/revisions"}],"predecessor-version":[{"id":16423,"href":"https:\/\/geliai.lt\/lv\/wp-json\/wp\/v2\/product\/16417\/revisions\/16423"}],"wp:featuredmedia":[{"embeddable":true,"href":"https:\/\/geliai.lt\/lv\/wp-json\/wp\/v2\/media\/16420"}],"wp:attachment":[{"href":"https:\/\/geliai.lt\/lv\/wp-json\/wp\/v2\/media?parent=16417"}],"wp:term":[{"taxonomy":"product_brand","embeddable":true,"href":"https:\/\/geliai.lt\/lv\/wp-json\/wp\/v2\/product_brand?post=16417"},{"taxonomy":"product_cat","embeddable":true,"href":"https:\/\/geliai.lt\/lv\/wp-json\/wp\/v2\/product_cat?post=16417"},{"taxonomy":"product_tag","embeddable":true,"href":"https:\/\/geliai.lt\/lv\/wp-json\/wp\/v2\/product_tag?post=16417"}],"curies":[{"name":"wp","href":"https:\/\/api.w.org\/{rel}","templated":true}]}}