{"id":16410,"date":"2026-02-24T13:13:22","date_gmt":"2026-02-24T11:13:22","guid":{"rendered":"https:\/\/geliai.lt\/?post_type=product&#038;p=16410"},"modified":"2026-02-24T13:13:23","modified_gmt":"2026-02-24T11:13:23","slug":"papmam-eksperts-180-graudu","status":"publish","type":"product","link":"https:\/\/geliai.lt\/lv\/parduotuve\/dildes\/papmam-expert-180-grit\/","title":{"rendered":"Vienreiz\u0113j\u0101s lieto\u0161anas balta abraz\u012bv\u0101 sloksne papmAm EXPERT 180 grit plastmasas kast\u012bt\u0113"},"content":{"rendered":"<p><strong>Galven\u0101s iez\u012bmes<\/strong><br data-start=\"19\" data-end=\"22\" \/>\u2022 Nomain\u0101mas, vienreiz lietojamas papmAm v\u012bles sloksnes veid\u0101 plastmasas kast\u012bt\u0113.<br data-start=\"107\" data-end=\"110\" \/>\u2022 PapmAm faili tiek novietoti uz pamatnes.<br data-start=\"162\" data-end=\"165\" \/>\u2022 Dro\u0161a, m\u012bksta pap\u012bra sloksnes mala \u2013 aizsarg\u0101 klienta \u0101du no griezumiem.<br data-start=\"259\" data-end=\"262\" \/>\u2022 \u013bauj prec\u012bzi izm\u0113r\u012bt vienreiz lietojam\u0101s v\u012bles garumu.<br data-start=\"314\" data-end=\"317\" \/>\u2022 Balts augstas kvalit\u0101tes abraz\u012bvs materi\u0101ls EXPERT White \u2013 est\u0113tiski pievilc\u012bgs darba laik\u0101.<br data-start=\"401\" data-end=\"404\" \/>\u2022 \u012apa\u0161s p\u0101rkl\u0101jums nov\u0113r\u0161 abraz\u012bva aizs\u0113r\u0113\u0161anu ar organiskiem putek\u013ciem lieto\u0161anas laik\u0101.<br data-start=\"488\" data-end=\"491\" \/>\u2022 Abraz\u012bvs ar 180.\u00a0graudi\u00a0\u2014 dabisko un m\u0101ksl\u012bgo nagu veido\u0161anai un korekcijai.<br data-start=\"569\" data-end=\"572\" \/>\u2022 Stil\u012bgs plastmasas korpuss aizsarg\u0101 lenti no putek\u013ciem un boj\u0101jumiem.<br data-start=\"642\" data-end=\"645\" \/>\u2022 \u012apa\u0161s tur\u0113t\u0101js atvieglo sloksnes sadal\u012b\u0161anu.<br data-start=\"697\" data-end=\"700\" \/>\u2022 Piem\u0113rots pamatn\u0113m: MBE-20, MBE-20s, SPBE-20, SPBE-20s, WBE-20.<br data-start=\"763\" data-end=\"766\" \/>\u2022 Paredz\u0113ts vienreiz\u0113jai lieto\u0161anai manik\u012bram un pedik\u012bram.<br data-start=\"825\" data-end=\"828\" \/>\u2022 Abraz\u012bv\u0101s sloksnes garums \u2013 7 metri.<\/p>","protected":false},"excerpt":{"rendered":"<h4>Vienreiz\u0113j\u0101s lieto\u0161anas balta abraz\u012bv\u0101 lente papmAm EXPERT<\/h4>\n<p>Vienreizlietojam\u0101 balta abraz\u012bv\u0101 lente papmAm EXPERT 180 grit plastmasas kast\u012bt\u0113 - profesion\u0101la nomain\u0101ma nagu v\u012b\u013cu abraz\u012bva lente dabisko un m\u0101ksl\u012bgo nagu veido\u0161anai un korekcijai. Lenti ir viegli izm\u0113r\u012bt un piestiprin\u0101t pie pamatnes, un stil\u012bg\u0101 plastmasas kast\u012bte to pasarg\u0101 no putek\u013ciem un boj\u0101jumiem. Augstas kvalit\u0101tes abraz\u012bvs nov\u0113r\u0161 aizs\u0113r\u0113\u0161anu ar kairino\u0161iem putek\u013ciem un ir piem\u0113rots vienreiz\u0113jai lieto\u0161anai manik\u012bram un pedik\u012bram.<\/p>","protected":false},"featured_media":16412,"comment_status":"open","ping_status":"closed","template":"","meta":[],"product_brand":[591],"product_cat":[300,288],"product_tag":[],"class_list":{"0":"post-16410","1":"product","2":"type-product","3":"status-publish","4":"has-post-thumbnail","6":"product_brand-staleks","7":"product_cat-dildes","8":"product_cat-instrumentai","10":"first","11":"instock","12":"shipping-taxable","13":"purchasable","14":"product-type-simple"},"_links":{"self":[{"href":"https:\/\/geliai.lt\/lv\/wp-json\/wp\/v2\/product\/16410","targetHints":{"allow":["GET"]}}],"collection":[{"href":"https:\/\/geliai.lt\/lv\/wp-json\/wp\/v2\/product"}],"about":[{"href":"https:\/\/geliai.lt\/lv\/wp-json\/wp\/v2\/types\/product"}],"replies":[{"embeddable":true,"href":"https:\/\/geliai.lt\/lv\/wp-json\/wp\/v2\/comments?post=16410"}],"version-history":[{"count":2,"href":"https:\/\/geliai.lt\/lv\/wp-json\/wp\/v2\/product\/16410\/revisions"}],"predecessor-version":[{"id":16416,"href":"https:\/\/geliai.lt\/lv\/wp-json\/wp\/v2\/product\/16410\/revisions\/16416"}],"wp:featuredmedia":[{"embeddable":true,"href":"https:\/\/geliai.lt\/lv\/wp-json\/wp\/v2\/media\/16412"}],"wp:attachment":[{"href":"https:\/\/geliai.lt\/lv\/wp-json\/wp\/v2\/media?parent=16410"}],"wp:term":[{"taxonomy":"product_brand","embeddable":true,"href":"https:\/\/geliai.lt\/lv\/wp-json\/wp\/v2\/product_brand?post=16410"},{"taxonomy":"product_cat","embeddable":true,"href":"https:\/\/geliai.lt\/lv\/wp-json\/wp\/v2\/product_cat?post=16410"},{"taxonomy":"product_tag","embeddable":true,"href":"https:\/\/geliai.lt\/lv\/wp-json\/wp\/v2\/product_tag?post=16410"}],"curies":[{"name":"wp","href":"https:\/\/api.w.org\/{rel}","templated":true}]}}