{"id":16406,"date":"2026-02-24T12:47:42","date_gmt":"2026-02-24T10:47:42","guid":{"rendered":"https:\/\/geliai.lt\/?post_type=product&#038;p=16406"},"modified":"2026-02-24T13:05:42","modified_gmt":"2026-02-24T11:05:42","slug":"papmam-exclusive-20-25-vnt","status":"publish","type":"product","link":"https:\/\/geliai.lt\/lv\/parduotuve\/dildes\/papmam-exclusive-20-25-vnt\/","title":{"rendered":"Vienreiz\u0113j\u0101s lieto\u0161anas v\u012bles papmAm EXCLUSIVE 20 (25 gab.)"},"content":{"rendered":"<p><strong>Galven\u0101s iez\u012bmes<\/strong><br data-start=\"19\" data-end=\"22\" \/>\u2022 PapmAm Soft \u2013 vienkartin\u0117s abrazyvin\u0117s dild\u0117s su mink\u0161tu putplas\u010dio sluoksniu, be klij\u0173, dedamos ant pagrindo.<br data-start=\"153\" data-end=\"156\" \/>\u2022 Forma: taisna.<br data-start=\"171\" data-end=\"174\" \/>\u2022 Pl\u0101ns putu sl\u0101nis samazina spiedienu uz naga pl\u0101ksni.<br data-start=\"238\" data-end=\"241\" \/>\u2022 Idealiai tinka pagrindui pagal dyd\u012f, tod\u0117l tvirtai laikosi.<br data-start=\"302\" data-end=\"305\" \/>\u2022 Saugi mink\u0161ta dild\u0117s kra\u0161tin\u0117 pagaminta i\u0161 ekologi\u0161ko popieriaus.<br data-start=\"412\" data-end=\"415\" \/>\u2022 Lengvai pritvirtinamos ir nuimamos nuo pagrindo, po naudojimo nepalieka klij\u0173 liku\u010di\u0173.<br data-start=\"503\" data-end=\"506\" \/>\u2022 Auk\u0161tos kokyb\u0117s \u0160veicarijos premium abrazyvas Exclusive \u2013 didelis atsparumas dilimui.<br data-start=\"597\" data-end=\"600\" \/>\u2022 Abrazyvumas: 100 grit \u2013 nag\u0173 ilgio ir formos suteikimui, 180 grit \u2013 nat\u016brali\u0173 ir dirbtini\u0173 nag\u0173 korekcijai bei formavimui.<br data-start=\"724\" data-end=\"727\" \/>\u2022 Nesubyra naudojimo metu.<br data-start=\"753\" data-end=\"756\" \/>\u2022 Tinka tiesiems pagrindams: MBE-20, SPBE-20, WBE-20.<br data-start=\"809\" data-end=\"812\" \/>\u2022 Paredz\u0113ts vienreiz\u0113jai lieto\u0161anai manik\u012bram un pedik\u012bram.<br data-start=\"871\" data-end=\"874\" \/>\u2022 Dild\u0117s dydis: 140 \u00d7 20 mm.<br data-start=\"902\" data-end=\"905\" \/>\u2022 Iepakojums: 25 gab.<\/p>\n<p>Kodas: DFCX-20-240\/25<\/p>","protected":false},"excerpt":{"rendered":"<h4>Vienreiz\u0113j\u0101s lieto\u0161anas v\u012bles papmAm EXCLUSIVE 20<\/h4>\n<p>Vienreiz\u0113j\u0101s lieto\u0161anas PapmAm Soft v\u012bles ar m\u012bkstu putu sl\u0101ni Exclusive 20 (25 gab.) - viegli uzkl\u0101jamas uz taisn\u0101m pamatn\u0113m, nodro\u0161ina stabilu sa\u0137eri un samazina spiedienu uz naga pl\u0101ksni. Izgatavotas no augstas kvalit\u0101tes abraz\u012bva materi\u0101la, t\u0101s neatst\u0101j l\u012bmes atlikumus un ir dro\u0161as lieto\u0161an\u0101, padarot t\u0101s ide\u0101li piem\u0113rotas dabisko un m\u0101ksl\u012bgo nagu veido\u0161anai un korekcijai profesion\u0101l\u0101 manik\u012br\u0101 un pedik\u012br\u0101.<\/p>","protected":false},"featured_media":16408,"comment_status":"open","ping_status":"closed","template":"","meta":[],"product_brand":[591],"product_cat":[300,288],"product_tag":[],"class_list":{"0":"post-16406","1":"product","2":"type-product","3":"status-publish","4":"has-post-thumbnail","6":"product_brand-staleks","7":"product_cat-dildes","8":"product_cat-instrumentai","10":"first","11":"instock","12":"shipping-taxable","13":"purchasable","14":"product-type-simple"},"_links":{"self":[{"href":"https:\/\/geliai.lt\/lv\/wp-json\/wp\/v2\/product\/16406","targetHints":{"allow":["GET"]}}],"collection":[{"href":"https:\/\/geliai.lt\/lv\/wp-json\/wp\/v2\/product"}],"about":[{"href":"https:\/\/geliai.lt\/lv\/wp-json\/wp\/v2\/types\/product"}],"replies":[{"embeddable":true,"href":"https:\/\/geliai.lt\/lv\/wp-json\/wp\/v2\/comments?post=16406"}],"version-history":[{"count":2,"href":"https:\/\/geliai.lt\/lv\/wp-json\/wp\/v2\/product\/16406\/revisions"}],"predecessor-version":[{"id":16411,"href":"https:\/\/geliai.lt\/lv\/wp-json\/wp\/v2\/product\/16406\/revisions\/16411"}],"wp:featuredmedia":[{"embeddable":true,"href":"https:\/\/geliai.lt\/lv\/wp-json\/wp\/v2\/media\/16408"}],"wp:attachment":[{"href":"https:\/\/geliai.lt\/lv\/wp-json\/wp\/v2\/media?parent=16406"}],"wp:term":[{"taxonomy":"product_brand","embeddable":true,"href":"https:\/\/geliai.lt\/lv\/wp-json\/wp\/v2\/product_brand?post=16406"},{"taxonomy":"product_cat","embeddable":true,"href":"https:\/\/geliai.lt\/lv\/wp-json\/wp\/v2\/product_cat?post=16406"},{"taxonomy":"product_tag","embeddable":true,"href":"https:\/\/geliai.lt\/lv\/wp-json\/wp\/v2\/product_tag?post=16406"}],"curies":[{"name":"wp","href":"https:\/\/api.w.org\/{rel}","templated":true}]}}