{"id":16395,"date":"2026-02-24T11:31:12","date_gmt":"2026-02-24T09:31:12","guid":{"rendered":"https:\/\/geliai.lt\/?post_type=product&#038;p=16395"},"modified":"2026-02-24T11:31:13","modified_gmt":"2026-02-24T09:31:13","slug":"spiedpoga-vieda-51-tipa-3","status":"publish","type":"product","link":"https:\/\/geliai.lt\/lv\/parduotuve\/instrumentai\/stumiklis-smart-51-type-3\/","title":{"rendered":"Manik\u012bra st\u016bm\u0113js SMART 51 TYPE 3 (apa\u013c\u0161, plats st\u016bm\u0113js un nagu no\u0146\u0113m\u0113js)"},"content":{"rendered":"<p><strong>Galven\u0101s iez\u012bmes<\/strong><br data-start=\"19\" data-end=\"22\" \/>\u2022 Manik\u012bra st\u016bm\u0113js (apa\u013c\u0161 plats st\u016bm\u0113js + nagu no\u0146\u0113m\u0113js).<br data-start=\"87\" data-end=\"90\" \/>\u2022 St\u016bm\u0113ja da\u013ca ir paredz\u0113ta kutikulas pacel\u0161anai un atgr\u016b\u0161anai.<br data-start=\"148\" data-end=\"151\" \/>\u2022 Nagu t\u012br\u012bt\u0101ja darba da\u013ca ir paredz\u0113ta sausas \u0101das no\u0146em\u0161anai no naga pl\u0101ksnes, s\u0101nu kutikul\u0101m un br\u012bv\u0101s malas.<br data-start=\"266\" data-end=\"269\" \/>\u2022 \u0160aurs, nedaudz izliekts nagu t\u012br\u012b\u0161anas l\u012bdzek\u013ca uzgalis \u2013 ide\u0101li piem\u0113rots profesion\u0101lam manik\u012bram un pedik\u012bram.<br data-start=\"372\" data-end=\"375\" \/>\u2022 Roktura diametrs: 6 mm; mat\u0113ta gofr\u0113t\u0101 virsmas tekst\u016bra nov\u0113r\u0161 sl\u012bd\u0113\u0161anu un nodro\u0161ina dro\u0161u satv\u0113rienu.<br data-start=\"486\" data-end=\"489\" \/>\u2022 Kop\u0113jais garums: 145 mm; \u0113rti lietojams gan ar labo, gan kreiso roku.<br data-start=\"559\" data-end=\"562\" \/>\u2022 Izgatavots no augstas kvalit\u0101tes ner\u016bs\u0113jo\u0161\u0101 t\u0113rauda \u2014 iztur\u012bgs.<br data-start=\"629\" data-end=\"632\" \/>\u2022 Iesp\u0113jama visu veidu steriliz\u0101cija un dezinfekcija, iev\u0113rojot noteikumus un izmantojot sertific\u0113tus produktus.<br data-start=\"739\" data-end=\"742\" \/>\u2022 Ieteicams profesion\u0101lam manik\u012bram un pedik\u012bram.<\/p>","protected":false},"excerpt":{"rendered":"<h4>Manik\u012bra st\u016bm\u0113js SMART 51 TYPE 3<\/h4>\n<p>Profesion\u0101ls manik\u012bra st\u016bm\u0113js SMART 51 TYPE 3 - divpus\u0113js instruments ar apa\u013cu platu st\u016bm\u0113ju kutikulu pacel\u0161anai un \u0161auru t\u012br\u012bt\u0101ju sausas \u0101das un net\u012brumu no\u0146em\u0161anai no nagu virsmas. Iztur\u012bgais ner\u016bs\u0113jo\u0161\u0101 t\u0113rauda dizains ar mat\u0113tiem gofr\u0113tiem rokturiem nodro\u0161ina \u0113rtu satv\u0113rienu, un univers\u0101lais izm\u0113rs \u013cauj to lietot gan ar labo, gan kreiso roku, piem\u0113rots profesion\u0101lam manik\u012bram un pedik\u012bram.<\/p>","protected":false},"featured_media":16396,"comment_status":"open","ping_status":"closed","template":"","meta":[],"product_brand":[591],"product_cat":[288,260],"product_tag":[],"class_list":{"0":"post-16395","1":"product","2":"type-product","3":"status-publish","4":"has-post-thumbnail","6":"product_brand-staleks","7":"product_cat-instrumentai","8":"product_cat-odeliu-atstumikliai","10":"first","11":"instock","12":"shipping-taxable","13":"purchasable","14":"product-type-simple"},"_links":{"self":[{"href":"https:\/\/geliai.lt\/lv\/wp-json\/wp\/v2\/product\/16395","targetHints":{"allow":["GET"]}}],"collection":[{"href":"https:\/\/geliai.lt\/lv\/wp-json\/wp\/v2\/product"}],"about":[{"href":"https:\/\/geliai.lt\/lv\/wp-json\/wp\/v2\/types\/product"}],"replies":[{"embeddable":true,"href":"https:\/\/geliai.lt\/lv\/wp-json\/wp\/v2\/comments?post=16395"}],"version-history":[{"count":1,"href":"https:\/\/geliai.lt\/lv\/wp-json\/wp\/v2\/product\/16395\/revisions"}],"predecessor-version":[{"id":16400,"href":"https:\/\/geliai.lt\/lv\/wp-json\/wp\/v2\/product\/16395\/revisions\/16400"}],"wp:featuredmedia":[{"embeddable":true,"href":"https:\/\/geliai.lt\/lv\/wp-json\/wp\/v2\/media\/16396"}],"wp:attachment":[{"href":"https:\/\/geliai.lt\/lv\/wp-json\/wp\/v2\/media?parent=16395"}],"wp:term":[{"taxonomy":"product_brand","embeddable":true,"href":"https:\/\/geliai.lt\/lv\/wp-json\/wp\/v2\/product_brand?post=16395"},{"taxonomy":"product_cat","embeddable":true,"href":"https:\/\/geliai.lt\/lv\/wp-json\/wp\/v2\/product_cat?post=16395"},{"taxonomy":"product_tag","embeddable":true,"href":"https:\/\/geliai.lt\/lv\/wp-json\/wp\/v2\/product_tag?post=16395"}],"curies":[{"name":"wp","href":"https:\/\/api.w.org\/{rel}","templated":true}]}}