{"id":14704,"date":"2026-02-16T11:30:43","date_gmt":"2026-02-16T09:30:43","guid":{"rendered":"https:\/\/geliai.lt\/?post_type=product&#038;p=14704"},"modified":"2026-02-23T18:36:40","modified_gmt":"2026-02-23T16:36:40","slug":"spiduma-kolekcija","status":"publish","type":"product","link":"https:\/\/geliai.lt\/lv\/parduotuve\/kolekcijos\/shine-kolekcija\/","title":{"rendered":"SHINE kolekcija"},"content":{"rendered":"","protected":false},"excerpt":{"rendered":"<p data-path-to-node=\"5\"><b data-path-to-node=\"5\" data-index-in-node=\"0\">SHINE kolekcija<\/b><\/p>\n<p data-path-to-node=\"6\">\u0160\u012b ir profesion\u0101lu \u017eeleju s\u0113rija, kas paredz\u0113ta, lai rad\u012btu \u012bpa\u0161i sp\u0113c\u012bgu un sp\u012bd\u012bgu manik\u012bru. Katram SHINE kolekcijas \u017eelejam piem\u012bt lieliskas pa\u0161izl\u012bdzino\u0161\u0101s \u012bpa\u0161\u012bbas un ilgsto\u0161s, intens\u012bvs sp\u012bdums, kas neizbal\u0113. Ieg\u0101d\u0101joties visu kolekciju kop\u0101, j\u016bs ietaup\u0101t 10% un papildiniet savu darba vietu ar profesion\u0101liem instrumentiem, kas nodro\u0161ina nevainojamu rezult\u0101tu. Rad\u012bts meistariem, kuri tiecas p\u0113c augst\u0101k\u0101s kvalit\u0101tes un maksim\u0101la nagu sp\u012bduma.<\/p>","protected":false},"featured_media":14705,"comment_status":"open","ping_status":"closed","template":"","meta":[],"product_brand":[290],"product_cat":[593,580],"product_tag":[],"class_list":{"0":"post-14704","1":"product","2":"type-product","3":"status-publish","4":"has-post-thumbnail","6":"product_brand-monarx-nails","7":"product_cat-kolekcijos","8":"product_cat-nagu-prieziura","10":"first","11":"instock","12":"sale","13":"featured","14":"shipping-taxable","15":"purchasable","16":"product-type-woosb"},"_links":{"self":[{"href":"https:\/\/geliai.lt\/lv\/wp-json\/wp\/v2\/product\/14704","targetHints":{"allow":["GET"]}}],"collection":[{"href":"https:\/\/geliai.lt\/lv\/wp-json\/wp\/v2\/product"}],"about":[{"href":"https:\/\/geliai.lt\/lv\/wp-json\/wp\/v2\/types\/product"}],"replies":[{"embeddable":true,"href":"https:\/\/geliai.lt\/lv\/wp-json\/wp\/v2\/comments?post=14704"}],"version-history":[{"count":2,"href":"https:\/\/geliai.lt\/lv\/wp-json\/wp\/v2\/product\/14704\/revisions"}],"predecessor-version":[{"id":16345,"href":"https:\/\/geliai.lt\/lv\/wp-json\/wp\/v2\/product\/14704\/revisions\/16345"}],"wp:featuredmedia":[{"embeddable":true,"href":"https:\/\/geliai.lt\/lv\/wp-json\/wp\/v2\/media\/14705"}],"wp:attachment":[{"href":"https:\/\/geliai.lt\/lv\/wp-json\/wp\/v2\/media?parent=14704"}],"wp:term":[{"taxonomy":"product_brand","embeddable":true,"href":"https:\/\/geliai.lt\/lv\/wp-json\/wp\/v2\/product_brand?post=14704"},{"taxonomy":"product_cat","embeddable":true,"href":"https:\/\/geliai.lt\/lv\/wp-json\/wp\/v2\/product_cat?post=14704"},{"taxonomy":"product_tag","embeddable":true,"href":"https:\/\/geliai.lt\/lv\/wp-json\/wp\/v2\/product_tag?post=14704"}],"curies":[{"name":"wp","href":"https:\/\/api.w.org\/{rel}","templated":true}]}}